{"id":8397,"date":"2015-07-16T13:20:43","date_gmt":"2016-01-27T08:55:18","guid":{"rendered":"http:\/\/raytech.it\/?post_type=product&#038;p=8397&#038;lang=pt-pt"},"modified":"2019-12-21T16:41:11","modified_gmt":"2019-12-21T15:41:11","slug":"galactic-animal-barrier","status":"publish","type":"product","link":"https:\/\/svilupporaytech.com\/pt-pt\/produto\/baixa-tensao\/especiais\/kit-para-sistemas-eletricos\/galactic-animal-barrier\/","title":{"rendered":"Galactic Animal Barrier"},"content":{"rendered":"<h4><span style=\"color: #009832;\">Borracha em pasta bicomponente model\u00e1vel para prote\u00e7\u00e3o contra a intrus\u00e3o de animais<\/span><\/h4>\n<p>O Galactic Animal Barrier \u00e9 um composto em pasta bicomponente n\u00e3o t\u00f3xico, sem prazo de validade de armazenamento, extremamente mold\u00e1vel e male\u00e1vel antes da reticula\u00e7\u00e3o que, se f\u00f4r aplicado na base da entrada a ser protegida da intrus\u00e3o (condutas e canaliza\u00e7\u00f5es, tubos e condutas porta-cabos, etc.), torna-se rapidamente reticulada para constituir uma barreira eficaz \u00e0 entrada de pequenos animais (insectos, carac\u00f3is, bichas, etc., p.ex. nas caixas de port\u00f5es autom\u00e1ticos).<\/p>\n","protected":false},"excerpt":{"rendered":"<p>Borracha em pasta bicomponente model\u00e1vel para prote\u00e7\u00e3o contra a intrus\u00e3o de animais O Galactic Animal Barrier \u00e9 um composto em pasta bicomponente n\u00e3o t\u00f3xico, sem prazo de validade de armazenamento,<span class=\"excerpt-hellip\"> [\u2026]<\/span><\/p>\n","protected":false},"featured_media":3988,"template":"","meta":[],"product_cat":[321,342,344],"product_tag":[],"yoast_head":"<!-- This site is optimized with the Yoast SEO plugin v22.7 - https:\/\/yoast.com\/wordpress\/plugins\/seo\/ -->\n<title>Galactic Animal Barrier | Raytech<\/title>\n<meta name=\"robots\" content=\"index, follow, max-snippet:-1, max-image-preview:large, max-video-preview:-1\" \/>\n<link rel=\"canonical\" href=\"https:\/\/svilupporaytech.com\/pt-pt\/produto\/baixa-tensao\/especiais\/kit-para-sistemas-eletricos\/galactic-animal-barrier\/\" \/>\n<meta property=\"og:locale\" content=\"pt_PT\" \/>\n<meta property=\"og:type\" content=\"article\" \/>\n<meta property=\"og:title\" content=\"Galactic Animal Barrier | Raytech\" \/>\n<meta property=\"og:description\" content=\"Borracha em pasta bicomponente model\u00e1vel para prote\u00e7\u00e3o contra a intrus\u00e3o de animais O Galactic Animal Barrier \u00e9 um composto em pasta bicomponente n\u00e3o t\u00f3xico, sem prazo de validade de armazenamento, [\u2026]\" \/>\n<meta property=\"og:url\" content=\"https:\/\/svilupporaytech.com\/pt-pt\/produto\/baixa-tensao\/especiais\/kit-para-sistemas-eletricos\/galactic-animal-barrier\/\" \/>\n<meta property=\"og:site_name\" content=\"Raytech\" \/>\n<meta property=\"article:modified_time\" content=\"2019-12-21T15:41:11+00:00\" \/>\n<meta property=\"og:image\" content=\"https:\/\/svilupporaytech.com\/wp-content\/uploads\/galactic-animal-barrier-1.jpg\" \/>\n\t<meta property=\"og:image:width\" content=\"1024\" \/>\n\t<meta property=\"og:image:height\" content=\"1024\" \/>\n\t<meta property=\"og:image:type\" content=\"image\/jpeg\" \/>\n<meta name=\"twitter:card\" content=\"summary_large_image\" \/>\n<script type=\"application\/ld+json\" class=\"yoast-schema-graph\">{\"@context\":\"https:\/\/schema.org\",\"@graph\":[{\"@type\":\"WebPage\",\"@id\":\"https:\/\/svilupporaytech.com\/pt-pt\/produto\/baixa-tensao\/especiais\/kit-para-sistemas-eletricos\/galactic-animal-barrier\/\",\"url\":\"https:\/\/svilupporaytech.com\/pt-pt\/produto\/baixa-tensao\/especiais\/kit-para-sistemas-eletricos\/galactic-animal-barrier\/\",\"name\":\"Galactic Animal Barrier | Raytech\",\"isPartOf\":{\"@id\":\"https:\/\/svilupporaytech.com\/#website\"},\"primaryImageOfPage\":{\"@id\":\"https:\/\/svilupporaytech.com\/pt-pt\/produto\/baixa-tensao\/especiais\/kit-para-sistemas-eletricos\/galactic-animal-barrier\/#primaryimage\"},\"image\":{\"@id\":\"https:\/\/svilupporaytech.com\/pt-pt\/produto\/baixa-tensao\/especiais\/kit-para-sistemas-eletricos\/galactic-animal-barrier\/#primaryimage\"},\"thumbnailUrl\":\"https:\/\/svilupporaytech.com\/wp-content\/uploads\/galactic-animal-barrier-1.jpg\",\"datePublished\":\"2016-01-27T08:55:18+00:00\",\"dateModified\":\"2019-12-21T15:41:11+00:00\",\"breadcrumb\":{\"@id\":\"https:\/\/svilupporaytech.com\/pt-pt\/produto\/baixa-tensao\/especiais\/kit-para-sistemas-eletricos\/galactic-animal-barrier\/#breadcrumb\"},\"inLanguage\":\"pt-PT\",\"potentialAction\":[{\"@type\":\"ReadAction\",\"target\":[\"https:\/\/svilupporaytech.com\/pt-pt\/produto\/baixa-tensao\/especiais\/kit-para-sistemas-eletricos\/galactic-animal-barrier\/\"]}]},{\"@type\":\"ImageObject\",\"inLanguage\":\"pt-PT\",\"@id\":\"https:\/\/svilupporaytech.com\/pt-pt\/produto\/baixa-tensao\/especiais\/kit-para-sistemas-eletricos\/galactic-animal-barrier\/#primaryimage\",\"url\":\"https:\/\/svilupporaytech.com\/wp-content\/uploads\/galactic-animal-barrier-1.jpg\",\"contentUrl\":\"https:\/\/svilupporaytech.com\/wp-content\/uploads\/galactic-animal-barrier-1.jpg\",\"width\":1024,\"height\":1024},{\"@type\":\"BreadcrumbList\",\"@id\":\"https:\/\/svilupporaytech.com\/pt-pt\/produto\/baixa-tensao\/especiais\/kit-para-sistemas-eletricos\/galactic-animal-barrier\/#breadcrumb\",\"itemListElement\":[{\"@type\":\"ListItem\",\"position\":1,\"name\":\"Home\",\"item\":\"https:\/\/svilupporaytech.com\/pt-pt\/\"},{\"@type\":\"ListItem\",\"position\":2,\"name\":\"Loja\",\"item\":\"https:\/\/svilupporaytech.com\/pt-pt\/loja\/\"},{\"@type\":\"ListItem\",\"position\":3,\"name\":\"Galactic Animal Barrier\"}]},{\"@type\":\"WebSite\",\"@id\":\"https:\/\/svilupporaytech.com\/#website\",\"url\":\"https:\/\/svilupporaytech.com\/\",\"name\":\"Raytech\",\"description\":\"Cable accessories company\",\"potentialAction\":[{\"@type\":\"SearchAction\",\"target\":{\"@type\":\"EntryPoint\",\"urlTemplate\":\"https:\/\/svilupporaytech.com\/?s={search_term_string}\"},\"query-input\":\"required name=search_term_string\"}],\"inLanguage\":\"pt-PT\"}]}<\/script>\n<!-- \/ Yoast SEO plugin. -->","yoast_head_json":{"title":"Galactic Animal Barrier | Raytech","robots":{"index":"index","follow":"follow","max-snippet":"max-snippet:-1","max-image-preview":"max-image-preview:large","max-video-preview":"max-video-preview:-1"},"canonical":"https:\/\/svilupporaytech.com\/pt-pt\/produto\/baixa-tensao\/especiais\/kit-para-sistemas-eletricos\/galactic-animal-barrier\/","og_locale":"pt_PT","og_type":"article","og_title":"Galactic Animal Barrier | Raytech","og_description":"Borracha em pasta bicomponente model\u00e1vel para prote\u00e7\u00e3o contra a intrus\u00e3o de animais O Galactic Animal Barrier \u00e9 um composto em pasta bicomponente n\u00e3o t\u00f3xico, sem prazo de validade de armazenamento, [\u2026]","og_url":"https:\/\/svilupporaytech.com\/pt-pt\/produto\/baixa-tensao\/especiais\/kit-para-sistemas-eletricos\/galactic-animal-barrier\/","og_site_name":"Raytech","article_modified_time":"2019-12-21T15:41:11+00:00","og_image":[{"width":1024,"height":1024,"url":"https:\/\/svilupporaytech.com\/wp-content\/uploads\/galactic-animal-barrier-1.jpg","type":"image\/jpeg"}],"twitter_card":"summary_large_image","schema":{"@context":"https:\/\/schema.org","@graph":[{"@type":"WebPage","@id":"https:\/\/svilupporaytech.com\/pt-pt\/produto\/baixa-tensao\/especiais\/kit-para-sistemas-eletricos\/galactic-animal-barrier\/","url":"https:\/\/svilupporaytech.com\/pt-pt\/produto\/baixa-tensao\/especiais\/kit-para-sistemas-eletricos\/galactic-animal-barrier\/","name":"Galactic Animal Barrier | Raytech","isPartOf":{"@id":"https:\/\/svilupporaytech.com\/#website"},"primaryImageOfPage":{"@id":"https:\/\/svilupporaytech.com\/pt-pt\/produto\/baixa-tensao\/especiais\/kit-para-sistemas-eletricos\/galactic-animal-barrier\/#primaryimage"},"image":{"@id":"https:\/\/svilupporaytech.com\/pt-pt\/produto\/baixa-tensao\/especiais\/kit-para-sistemas-eletricos\/galactic-animal-barrier\/#primaryimage"},"thumbnailUrl":"https:\/\/svilupporaytech.com\/wp-content\/uploads\/galactic-animal-barrier-1.jpg","datePublished":"2016-01-27T08:55:18+00:00","dateModified":"2019-12-21T15:41:11+00:00","breadcrumb":{"@id":"https:\/\/svilupporaytech.com\/pt-pt\/produto\/baixa-tensao\/especiais\/kit-para-sistemas-eletricos\/galactic-animal-barrier\/#breadcrumb"},"inLanguage":"pt-PT","potentialAction":[{"@type":"ReadAction","target":["https:\/\/svilupporaytech.com\/pt-pt\/produto\/baixa-tensao\/especiais\/kit-para-sistemas-eletricos\/galactic-animal-barrier\/"]}]},{"@type":"ImageObject","inLanguage":"pt-PT","@id":"https:\/\/svilupporaytech.com\/pt-pt\/produto\/baixa-tensao\/especiais\/kit-para-sistemas-eletricos\/galactic-animal-barrier\/#primaryimage","url":"https:\/\/svilupporaytech.com\/wp-content\/uploads\/galactic-animal-barrier-1.jpg","contentUrl":"https:\/\/svilupporaytech.com\/wp-content\/uploads\/galactic-animal-barrier-1.jpg","width":1024,"height":1024},{"@type":"BreadcrumbList","@id":"https:\/\/svilupporaytech.com\/pt-pt\/produto\/baixa-tensao\/especiais\/kit-para-sistemas-eletricos\/galactic-animal-barrier\/#breadcrumb","itemListElement":[{"@type":"ListItem","position":1,"name":"Home","item":"https:\/\/svilupporaytech.com\/pt-pt\/"},{"@type":"ListItem","position":2,"name":"Loja","item":"https:\/\/svilupporaytech.com\/pt-pt\/loja\/"},{"@type":"ListItem","position":3,"name":"Galactic Animal Barrier"}]},{"@type":"WebSite","@id":"https:\/\/svilupporaytech.com\/#website","url":"https:\/\/svilupporaytech.com\/","name":"Raytech","description":"Cable accessories company","potentialAction":[{"@type":"SearchAction","target":{"@type":"EntryPoint","urlTemplate":"https:\/\/svilupporaytech.com\/?s={search_term_string}"},"query-input":"required name=search_term_string"}],"inLanguage":"pt-PT"}]}},"_links":{"self":[{"href":"https:\/\/svilupporaytech.com\/pt-pt\/wp-json\/wp\/v2\/product\/8397"}],"collection":[{"href":"https:\/\/svilupporaytech.com\/pt-pt\/wp-json\/wp\/v2\/product"}],"about":[{"href":"https:\/\/svilupporaytech.com\/pt-pt\/wp-json\/wp\/v2\/types\/product"}],"wp:featuredmedia":[{"embeddable":true,"href":"https:\/\/svilupporaytech.com\/pt-pt\/wp-json\/wp\/v2\/media\/3988"}],"wp:attachment":[{"href":"https:\/\/svilupporaytech.com\/pt-pt\/wp-json\/wp\/v2\/media?parent=8397"}],"wp:term":[{"taxonomy":"product_cat","embeddable":true,"href":"https:\/\/svilupporaytech.com\/pt-pt\/wp-json\/wp\/v2\/product_cat?post=8397"},{"taxonomy":"product_tag","embeddable":true,"href":"https:\/\/svilupporaytech.com\/pt-pt\/wp-json\/wp\/v2\/product_tag?post=8397"}],"curies":[{"name":"wp","href":"https:\/\/api.w.org\/{rel}","templated":true}]}}