{"id":8423,"date":"2015-07-16T13:42:37","date_gmt":"2016-01-27T10:40:15","guid":{"rendered":"http:\/\/raytech.it\/?post_type=product&#038;p=8423&#038;lang=pt-pt"},"modified":"2019-12-21T16:49:15","modified_gmt":"2019-12-21T15:49:15","slug":"gasket-kit","status":"publish","type":"product","link":"https:\/\/svilupporaytech.com\/pt-pt\/produto\/baixa-tensao\/especiais\/borrachas-bicomponentes\/gasket-kit\/","title":{"rendered":"Gasket Kit"},"content":{"rendered":"<h4><span style=\"color: #009832;\">Kit para embalagem de perfis de borracha<\/span><\/h4>\n<p>Kit para confeccionar anilhas el\u00e1sticas, juntas isolantes e perfis de borracha, resistentes aos raios UV e ao envelhecimento, com temperaturas de exerc\u00edcio at\u00e9 aos 200\u00baC dureza 30 Shore A, para qualquer trabalho el\u00e9ctrico, termo-hidr\u00e1ulico e de selagem. Os produtos s\u00e3o especialmente indicados para a selagem de l\u00e2mpadas do exterior, para a veda\u00e7\u00e3o e o isolamento de aparafusamentos e roscagens especiais, para qualquer tipo de opera\u00e7\u00f5es de manuten\u00e7\u00e3o, de substitui\u00e7\u00e3o de componentes e de enchimento. De utiliza\u00e7\u00e3o f\u00e1cil, o componente el\u00e1stico, l\u00edquido, funde-se e as pe\u00e7as ficam prontas em poucos minutos, \u00e0 temperatura ambiente e sem necessidade de aquecimento. Facilmente mold\u00e1veis. De reticula\u00e7\u00e3o r\u00e1pida \u00e0 temperatura ambiente (&lt;15 min). Propriedades diel\u00e9ctricas, mec\u00e2nicas, el\u00e1sticas e t\u00e9rmicas elevadas.<\/p>\n<ul>\n<li><span style=\"color: #009832;\">Seguro, sem prazo de validade, re-acess\u00edvel<\/span><\/li>\n<li><span style=\"color: #009832;\">Com baixa emiss\u00e3o de fumos e de gases t\u00f3xicos e corrosivos<\/span><\/li>\n<li><span style=\"color: #009832;\">Flex\u00edvel e el\u00e1stico no tempo<\/span><\/li>\n<\/ul>\n","protected":false},"excerpt":{"rendered":"<p>Kit para embalagem de perfis de borracha Kit para confeccionar anilhas el\u00e1sticas, juntas isolantes e perfis de borracha, resistentes aos raios UV e ao envelhecimento, com temperaturas de exerc\u00edcio at\u00e9<span class=\"excerpt-hellip\"> [\u2026]<\/span><\/p>\n","protected":false},"featured_media":4191,"template":"","meta":[],"product_cat":[321,342,345],"product_tag":[],"yoast_head":"<!-- This site is optimized with the Yoast SEO plugin v22.7 - https:\/\/yoast.com\/wordpress\/plugins\/seo\/ -->\n<title>Gasket Kit | Raytech<\/title>\n<meta name=\"robots\" content=\"index, follow, max-snippet:-1, max-image-preview:large, max-video-preview:-1\" \/>\n<link rel=\"canonical\" href=\"https:\/\/svilupporaytech.com\/pt-pt\/produto\/baixa-tensao\/especiais\/borrachas-bicomponentes\/gasket-kit\/\" \/>\n<meta property=\"og:locale\" content=\"pt_PT\" \/>\n<meta property=\"og:type\" content=\"article\" \/>\n<meta property=\"og:title\" content=\"Gasket Kit | Raytech\" \/>\n<meta property=\"og:description\" content=\"Kit para embalagem de perfis de borracha Kit para confeccionar anilhas el\u00e1sticas, juntas isolantes e perfis de borracha, resistentes aos raios UV e ao envelhecimento, com temperaturas de exerc\u00edcio at\u00e9 [\u2026]\" \/>\n<meta property=\"og:url\" content=\"https:\/\/svilupporaytech.com\/pt-pt\/produto\/baixa-tensao\/especiais\/borrachas-bicomponentes\/gasket-kit\/\" \/>\n<meta property=\"og:site_name\" content=\"Raytech\" \/>\n<meta property=\"article:modified_time\" content=\"2019-12-21T15:49:15+00:00\" \/>\n<meta property=\"og:image\" content=\"https:\/\/svilupporaytech.com\/wp-content\/uploads\/gasket-kit-1.jpg\" \/>\n\t<meta property=\"og:image:width\" content=\"1024\" \/>\n\t<meta property=\"og:image:height\" content=\"1024\" \/>\n\t<meta property=\"og:image:type\" content=\"image\/jpeg\" \/>\n<meta name=\"twitter:card\" content=\"summary_large_image\" \/>\n<meta name=\"twitter:label1\" content=\"Tempo estimado de leitura\" \/>\n\t<meta name=\"twitter:data1\" content=\"1 minuto\" \/>\n<script type=\"application\/ld+json\" class=\"yoast-schema-graph\">{\"@context\":\"https:\/\/schema.org\",\"@graph\":[{\"@type\":\"WebPage\",\"@id\":\"https:\/\/svilupporaytech.com\/pt-pt\/produto\/baixa-tensao\/especiais\/borrachas-bicomponentes\/gasket-kit\/\",\"url\":\"https:\/\/svilupporaytech.com\/pt-pt\/produto\/baixa-tensao\/especiais\/borrachas-bicomponentes\/gasket-kit\/\",\"name\":\"Gasket Kit | Raytech\",\"isPartOf\":{\"@id\":\"https:\/\/svilupporaytech.com\/#website\"},\"primaryImageOfPage\":{\"@id\":\"https:\/\/svilupporaytech.com\/pt-pt\/produto\/baixa-tensao\/especiais\/borrachas-bicomponentes\/gasket-kit\/#primaryimage\"},\"image\":{\"@id\":\"https:\/\/svilupporaytech.com\/pt-pt\/produto\/baixa-tensao\/especiais\/borrachas-bicomponentes\/gasket-kit\/#primaryimage\"},\"thumbnailUrl\":\"https:\/\/svilupporaytech.com\/wp-content\/uploads\/gasket-kit-1.jpg\",\"datePublished\":\"2016-01-27T10:40:15+00:00\",\"dateModified\":\"2019-12-21T15:49:15+00:00\",\"breadcrumb\":{\"@id\":\"https:\/\/svilupporaytech.com\/pt-pt\/produto\/baixa-tensao\/especiais\/borrachas-bicomponentes\/gasket-kit\/#breadcrumb\"},\"inLanguage\":\"pt-PT\",\"potentialAction\":[{\"@type\":\"ReadAction\",\"target\":[\"https:\/\/svilupporaytech.com\/pt-pt\/produto\/baixa-tensao\/especiais\/borrachas-bicomponentes\/gasket-kit\/\"]}]},{\"@type\":\"ImageObject\",\"inLanguage\":\"pt-PT\",\"@id\":\"https:\/\/svilupporaytech.com\/pt-pt\/produto\/baixa-tensao\/especiais\/borrachas-bicomponentes\/gasket-kit\/#primaryimage\",\"url\":\"https:\/\/svilupporaytech.com\/wp-content\/uploads\/gasket-kit-1.jpg\",\"contentUrl\":\"https:\/\/svilupporaytech.com\/wp-content\/uploads\/gasket-kit-1.jpg\",\"width\":1024,\"height\":1024},{\"@type\":\"BreadcrumbList\",\"@id\":\"https:\/\/svilupporaytech.com\/pt-pt\/produto\/baixa-tensao\/especiais\/borrachas-bicomponentes\/gasket-kit\/#breadcrumb\",\"itemListElement\":[{\"@type\":\"ListItem\",\"position\":1,\"name\":\"Home\",\"item\":\"https:\/\/svilupporaytech.com\/pt-pt\/\"},{\"@type\":\"ListItem\",\"position\":2,\"name\":\"Loja\",\"item\":\"https:\/\/svilupporaytech.com\/pt-pt\/loja\/\"},{\"@type\":\"ListItem\",\"position\":3,\"name\":\"Gasket Kit\"}]},{\"@type\":\"WebSite\",\"@id\":\"https:\/\/svilupporaytech.com\/#website\",\"url\":\"https:\/\/svilupporaytech.com\/\",\"name\":\"Raytech\",\"description\":\"Cable accessories company\",\"potentialAction\":[{\"@type\":\"SearchAction\",\"target\":{\"@type\":\"EntryPoint\",\"urlTemplate\":\"https:\/\/svilupporaytech.com\/?s={search_term_string}\"},\"query-input\":\"required name=search_term_string\"}],\"inLanguage\":\"pt-PT\"}]}<\/script>\n<!-- \/ Yoast SEO plugin. -->","yoast_head_json":{"title":"Gasket Kit | Raytech","robots":{"index":"index","follow":"follow","max-snippet":"max-snippet:-1","max-image-preview":"max-image-preview:large","max-video-preview":"max-video-preview:-1"},"canonical":"https:\/\/svilupporaytech.com\/pt-pt\/produto\/baixa-tensao\/especiais\/borrachas-bicomponentes\/gasket-kit\/","og_locale":"pt_PT","og_type":"article","og_title":"Gasket Kit | Raytech","og_description":"Kit para embalagem de perfis de borracha Kit para confeccionar anilhas el\u00e1sticas, juntas isolantes e perfis de borracha, resistentes aos raios UV e ao envelhecimento, com temperaturas de exerc\u00edcio at\u00e9 [\u2026]","og_url":"https:\/\/svilupporaytech.com\/pt-pt\/produto\/baixa-tensao\/especiais\/borrachas-bicomponentes\/gasket-kit\/","og_site_name":"Raytech","article_modified_time":"2019-12-21T15:49:15+00:00","og_image":[{"width":1024,"height":1024,"url":"https:\/\/svilupporaytech.com\/wp-content\/uploads\/gasket-kit-1.jpg","type":"image\/jpeg"}],"twitter_card":"summary_large_image","twitter_misc":{"Tempo estimado de leitura":"1 minuto"},"schema":{"@context":"https:\/\/schema.org","@graph":[{"@type":"WebPage","@id":"https:\/\/svilupporaytech.com\/pt-pt\/produto\/baixa-tensao\/especiais\/borrachas-bicomponentes\/gasket-kit\/","url":"https:\/\/svilupporaytech.com\/pt-pt\/produto\/baixa-tensao\/especiais\/borrachas-bicomponentes\/gasket-kit\/","name":"Gasket Kit | Raytech","isPartOf":{"@id":"https:\/\/svilupporaytech.com\/#website"},"primaryImageOfPage":{"@id":"https:\/\/svilupporaytech.com\/pt-pt\/produto\/baixa-tensao\/especiais\/borrachas-bicomponentes\/gasket-kit\/#primaryimage"},"image":{"@id":"https:\/\/svilupporaytech.com\/pt-pt\/produto\/baixa-tensao\/especiais\/borrachas-bicomponentes\/gasket-kit\/#primaryimage"},"thumbnailUrl":"https:\/\/svilupporaytech.com\/wp-content\/uploads\/gasket-kit-1.jpg","datePublished":"2016-01-27T10:40:15+00:00","dateModified":"2019-12-21T15:49:15+00:00","breadcrumb":{"@id":"https:\/\/svilupporaytech.com\/pt-pt\/produto\/baixa-tensao\/especiais\/borrachas-bicomponentes\/gasket-kit\/#breadcrumb"},"inLanguage":"pt-PT","potentialAction":[{"@type":"ReadAction","target":["https:\/\/svilupporaytech.com\/pt-pt\/produto\/baixa-tensao\/especiais\/borrachas-bicomponentes\/gasket-kit\/"]}]},{"@type":"ImageObject","inLanguage":"pt-PT","@id":"https:\/\/svilupporaytech.com\/pt-pt\/produto\/baixa-tensao\/especiais\/borrachas-bicomponentes\/gasket-kit\/#primaryimage","url":"https:\/\/svilupporaytech.com\/wp-content\/uploads\/gasket-kit-1.jpg","contentUrl":"https:\/\/svilupporaytech.com\/wp-content\/uploads\/gasket-kit-1.jpg","width":1024,"height":1024},{"@type":"BreadcrumbList","@id":"https:\/\/svilupporaytech.com\/pt-pt\/produto\/baixa-tensao\/especiais\/borrachas-bicomponentes\/gasket-kit\/#breadcrumb","itemListElement":[{"@type":"ListItem","position":1,"name":"Home","item":"https:\/\/svilupporaytech.com\/pt-pt\/"},{"@type":"ListItem","position":2,"name":"Loja","item":"https:\/\/svilupporaytech.com\/pt-pt\/loja\/"},{"@type":"ListItem","position":3,"name":"Gasket Kit"}]},{"@type":"WebSite","@id":"https:\/\/svilupporaytech.com\/#website","url":"https:\/\/svilupporaytech.com\/","name":"Raytech","description":"Cable accessories company","potentialAction":[{"@type":"SearchAction","target":{"@type":"EntryPoint","urlTemplate":"https:\/\/svilupporaytech.com\/?s={search_term_string}"},"query-input":"required name=search_term_string"}],"inLanguage":"pt-PT"}]}},"_links":{"self":[{"href":"https:\/\/svilupporaytech.com\/pt-pt\/wp-json\/wp\/v2\/product\/8423"}],"collection":[{"href":"https:\/\/svilupporaytech.com\/pt-pt\/wp-json\/wp\/v2\/product"}],"about":[{"href":"https:\/\/svilupporaytech.com\/pt-pt\/wp-json\/wp\/v2\/types\/product"}],"wp:featuredmedia":[{"embeddable":true,"href":"https:\/\/svilupporaytech.com\/pt-pt\/wp-json\/wp\/v2\/media\/4191"}],"wp:attachment":[{"href":"https:\/\/svilupporaytech.com\/pt-pt\/wp-json\/wp\/v2\/media?parent=8423"}],"wp:term":[{"taxonomy":"product_cat","embeddable":true,"href":"https:\/\/svilupporaytech.com\/pt-pt\/wp-json\/wp\/v2\/product_cat?post=8423"},{"taxonomy":"product_tag","embeddable":true,"href":"https:\/\/svilupporaytech.com\/pt-pt\/wp-json\/wp\/v2\/product_tag?post=8423"}],"curies":[{"name":"wp","href":"https:\/\/api.w.org\/{rel}","templated":true}]}}