{"id":8427,"date":"2015-07-16T13:48:22","date_gmt":"2016-01-27T11:02:24","guid":{"rendered":"http:\/\/raytech.it\/?post_type=product&#038;p=8427&#038;lang=pt-pt"},"modified":"2019-12-21T16:40:00","modified_gmt":"2019-12-21T15:40:00","slug":"abracadeiras","status":"publish","type":"product","link":"https:\/\/svilupporaytech.com\/pt-pt\/produto\/baixa-tensao\/especiais\/abracadeiras-e-detergentes\/abracadeiras\/","title":{"rendered":"Abra\u00e7adeiras"},"content":{"rendered":"<p>Velocidade de aplica\u00e7\u00e3o, cauda inclinada para facilitar a introdu\u00e7\u00e3o da faixa na cabe\u00e7a. \u00c2ngulos arredondados que garantem maior seguran\u00e7a. Deslizamento r\u00e1pido gra\u00e7as ao baixo coeficiente de atrito do material. Resist\u00eancia aos raios UV gra\u00e7as \u00e0 cor preta.<\/p>\n<p><span style=\"color: #009832;\">Indispens\u00e1vel para:<\/span><\/p>\n<ul>\n<li><span style=\"color: #009832;\">Instala\u00e7\u00f5es el\u00e9ctricas<\/span><\/li>\n<li><span style=\"color: #009832;\">Aplica\u00e7\u00f5es industriais<\/span><\/li>\n<li><span style=\"color: #009832;\">Pain\u00e9is<\/span><\/li>\n<li><span style=\"color: #009832;\">Aplica\u00e7\u00f5es especiais<\/span><\/li>\n<\/ul>\n","protected":false},"excerpt":{"rendered":"<p>Velocidade de aplica\u00e7\u00e3o, cauda inclinada para facilitar a introdu\u00e7\u00e3o da faixa na cabe\u00e7a. \u00c2ngulos arredondados que garantem maior seguran\u00e7a. Deslizamento r\u00e1pido gra\u00e7as ao baixo coeficiente de atrito do material. Resist\u00eancia<span class=\"excerpt-hellip\"> [\u2026]<\/span><\/p>\n","protected":false},"featured_media":1686,"template":"","meta":[],"product_cat":[321,342,343],"product_tag":[],"yoast_head":"<!-- This site is optimized with the Yoast SEO plugin v22.7 - https:\/\/yoast.com\/wordpress\/plugins\/seo\/ -->\n<title>Abra\u00e7adeiras | Raytech<\/title>\n<meta name=\"robots\" content=\"index, follow, max-snippet:-1, max-image-preview:large, max-video-preview:-1\" \/>\n<link rel=\"canonical\" href=\"https:\/\/svilupporaytech.com\/pt-pt\/produto\/baixa-tensao\/especiais\/abracadeiras-e-detergentes\/abracadeiras\/\" \/>\n<meta property=\"og:locale\" content=\"pt_PT\" \/>\n<meta property=\"og:type\" content=\"article\" \/>\n<meta property=\"og:title\" content=\"Abra\u00e7adeiras | Raytech\" \/>\n<meta property=\"og:description\" content=\"Velocidade de aplica\u00e7\u00e3o, cauda inclinada para facilitar a introdu\u00e7\u00e3o da faixa na cabe\u00e7a. \u00c2ngulos arredondados que garantem maior seguran\u00e7a. Deslizamento r\u00e1pido gra\u00e7as ao baixo coeficiente de atrito do material. Resist\u00eancia [\u2026]\" \/>\n<meta property=\"og:url\" content=\"https:\/\/svilupporaytech.com\/pt-pt\/produto\/baixa-tensao\/especiais\/abracadeiras-e-detergentes\/abracadeiras\/\" \/>\n<meta property=\"og:site_name\" content=\"Raytech\" \/>\n<meta property=\"article:modified_time\" content=\"2019-12-21T15:40:00+00:00\" \/>\n<meta property=\"og:image\" content=\"https:\/\/svilupporaytech.com\/wp-content\/uploads\/fascette-per-cablaggio.jpg\" \/>\n\t<meta property=\"og:image:width\" content=\"500\" \/>\n\t<meta property=\"og:image:height\" content=\"500\" \/>\n\t<meta property=\"og:image:type\" content=\"image\/jpeg\" \/>\n<meta name=\"twitter:card\" content=\"summary_large_image\" \/>\n<script type=\"application\/ld+json\" class=\"yoast-schema-graph\">{\"@context\":\"https:\/\/schema.org\",\"@graph\":[{\"@type\":\"WebPage\",\"@id\":\"https:\/\/svilupporaytech.com\/pt-pt\/produto\/baixa-tensao\/especiais\/abracadeiras-e-detergentes\/abracadeiras\/\",\"url\":\"https:\/\/svilupporaytech.com\/pt-pt\/produto\/baixa-tensao\/especiais\/abracadeiras-e-detergentes\/abracadeiras\/\",\"name\":\"Abra\u00e7adeiras | Raytech\",\"isPartOf\":{\"@id\":\"https:\/\/svilupporaytech.com\/#website\"},\"primaryImageOfPage\":{\"@id\":\"https:\/\/svilupporaytech.com\/pt-pt\/produto\/baixa-tensao\/especiais\/abracadeiras-e-detergentes\/abracadeiras\/#primaryimage\"},\"image\":{\"@id\":\"https:\/\/svilupporaytech.com\/pt-pt\/produto\/baixa-tensao\/especiais\/abracadeiras-e-detergentes\/abracadeiras\/#primaryimage\"},\"thumbnailUrl\":\"https:\/\/svilupporaytech.com\/wp-content\/uploads\/fascette-per-cablaggio.jpg\",\"datePublished\":\"2016-01-27T11:02:24+00:00\",\"dateModified\":\"2019-12-21T15:40:00+00:00\",\"breadcrumb\":{\"@id\":\"https:\/\/svilupporaytech.com\/pt-pt\/produto\/baixa-tensao\/especiais\/abracadeiras-e-detergentes\/abracadeiras\/#breadcrumb\"},\"inLanguage\":\"pt-PT\",\"potentialAction\":[{\"@type\":\"ReadAction\",\"target\":[\"https:\/\/svilupporaytech.com\/pt-pt\/produto\/baixa-tensao\/especiais\/abracadeiras-e-detergentes\/abracadeiras\/\"]}]},{\"@type\":\"ImageObject\",\"inLanguage\":\"pt-PT\",\"@id\":\"https:\/\/svilupporaytech.com\/pt-pt\/produto\/baixa-tensao\/especiais\/abracadeiras-e-detergentes\/abracadeiras\/#primaryimage\",\"url\":\"https:\/\/svilupporaytech.com\/wp-content\/uploads\/fascette-per-cablaggio.jpg\",\"contentUrl\":\"https:\/\/svilupporaytech.com\/wp-content\/uploads\/fascette-per-cablaggio.jpg\",\"width\":500,\"height\":500},{\"@type\":\"BreadcrumbList\",\"@id\":\"https:\/\/svilupporaytech.com\/pt-pt\/produto\/baixa-tensao\/especiais\/abracadeiras-e-detergentes\/abracadeiras\/#breadcrumb\",\"itemListElement\":[{\"@type\":\"ListItem\",\"position\":1,\"name\":\"Home\",\"item\":\"https:\/\/svilupporaytech.com\/pt-pt\/\"},{\"@type\":\"ListItem\",\"position\":2,\"name\":\"Loja\",\"item\":\"https:\/\/svilupporaytech.com\/pt-pt\/loja\/\"},{\"@type\":\"ListItem\",\"position\":3,\"name\":\"Abra\u00e7adeiras\"}]},{\"@type\":\"WebSite\",\"@id\":\"https:\/\/svilupporaytech.com\/#website\",\"url\":\"https:\/\/svilupporaytech.com\/\",\"name\":\"Raytech\",\"description\":\"Cable accessories company\",\"potentialAction\":[{\"@type\":\"SearchAction\",\"target\":{\"@type\":\"EntryPoint\",\"urlTemplate\":\"https:\/\/svilupporaytech.com\/?s={search_term_string}\"},\"query-input\":\"required name=search_term_string\"}],\"inLanguage\":\"pt-PT\"}]}<\/script>\n<!-- \/ Yoast SEO plugin. -->","yoast_head_json":{"title":"Abra\u00e7adeiras | Raytech","robots":{"index":"index","follow":"follow","max-snippet":"max-snippet:-1","max-image-preview":"max-image-preview:large","max-video-preview":"max-video-preview:-1"},"canonical":"https:\/\/svilupporaytech.com\/pt-pt\/produto\/baixa-tensao\/especiais\/abracadeiras-e-detergentes\/abracadeiras\/","og_locale":"pt_PT","og_type":"article","og_title":"Abra\u00e7adeiras | Raytech","og_description":"Velocidade de aplica\u00e7\u00e3o, cauda inclinada para facilitar a introdu\u00e7\u00e3o da faixa na cabe\u00e7a. \u00c2ngulos arredondados que garantem maior seguran\u00e7a. Deslizamento r\u00e1pido gra\u00e7as ao baixo coeficiente de atrito do material. Resist\u00eancia [\u2026]","og_url":"https:\/\/svilupporaytech.com\/pt-pt\/produto\/baixa-tensao\/especiais\/abracadeiras-e-detergentes\/abracadeiras\/","og_site_name":"Raytech","article_modified_time":"2019-12-21T15:40:00+00:00","og_image":[{"width":500,"height":500,"url":"https:\/\/svilupporaytech.com\/wp-content\/uploads\/fascette-per-cablaggio.jpg","type":"image\/jpeg"}],"twitter_card":"summary_large_image","schema":{"@context":"https:\/\/schema.org","@graph":[{"@type":"WebPage","@id":"https:\/\/svilupporaytech.com\/pt-pt\/produto\/baixa-tensao\/especiais\/abracadeiras-e-detergentes\/abracadeiras\/","url":"https:\/\/svilupporaytech.com\/pt-pt\/produto\/baixa-tensao\/especiais\/abracadeiras-e-detergentes\/abracadeiras\/","name":"Abra\u00e7adeiras | Raytech","isPartOf":{"@id":"https:\/\/svilupporaytech.com\/#website"},"primaryImageOfPage":{"@id":"https:\/\/svilupporaytech.com\/pt-pt\/produto\/baixa-tensao\/especiais\/abracadeiras-e-detergentes\/abracadeiras\/#primaryimage"},"image":{"@id":"https:\/\/svilupporaytech.com\/pt-pt\/produto\/baixa-tensao\/especiais\/abracadeiras-e-detergentes\/abracadeiras\/#primaryimage"},"thumbnailUrl":"https:\/\/svilupporaytech.com\/wp-content\/uploads\/fascette-per-cablaggio.jpg","datePublished":"2016-01-27T11:02:24+00:00","dateModified":"2019-12-21T15:40:00+00:00","breadcrumb":{"@id":"https:\/\/svilupporaytech.com\/pt-pt\/produto\/baixa-tensao\/especiais\/abracadeiras-e-detergentes\/abracadeiras\/#breadcrumb"},"inLanguage":"pt-PT","potentialAction":[{"@type":"ReadAction","target":["https:\/\/svilupporaytech.com\/pt-pt\/produto\/baixa-tensao\/especiais\/abracadeiras-e-detergentes\/abracadeiras\/"]}]},{"@type":"ImageObject","inLanguage":"pt-PT","@id":"https:\/\/svilupporaytech.com\/pt-pt\/produto\/baixa-tensao\/especiais\/abracadeiras-e-detergentes\/abracadeiras\/#primaryimage","url":"https:\/\/svilupporaytech.com\/wp-content\/uploads\/fascette-per-cablaggio.jpg","contentUrl":"https:\/\/svilupporaytech.com\/wp-content\/uploads\/fascette-per-cablaggio.jpg","width":500,"height":500},{"@type":"BreadcrumbList","@id":"https:\/\/svilupporaytech.com\/pt-pt\/produto\/baixa-tensao\/especiais\/abracadeiras-e-detergentes\/abracadeiras\/#breadcrumb","itemListElement":[{"@type":"ListItem","position":1,"name":"Home","item":"https:\/\/svilupporaytech.com\/pt-pt\/"},{"@type":"ListItem","position":2,"name":"Loja","item":"https:\/\/svilupporaytech.com\/pt-pt\/loja\/"},{"@type":"ListItem","position":3,"name":"Abra\u00e7adeiras"}]},{"@type":"WebSite","@id":"https:\/\/svilupporaytech.com\/#website","url":"https:\/\/svilupporaytech.com\/","name":"Raytech","description":"Cable accessories company","potentialAction":[{"@type":"SearchAction","target":{"@type":"EntryPoint","urlTemplate":"https:\/\/svilupporaytech.com\/?s={search_term_string}"},"query-input":"required name=search_term_string"}],"inLanguage":"pt-PT"}]}},"_links":{"self":[{"href":"https:\/\/svilupporaytech.com\/pt-pt\/wp-json\/wp\/v2\/product\/8427"}],"collection":[{"href":"https:\/\/svilupporaytech.com\/pt-pt\/wp-json\/wp\/v2\/product"}],"about":[{"href":"https:\/\/svilupporaytech.com\/pt-pt\/wp-json\/wp\/v2\/types\/product"}],"wp:featuredmedia":[{"embeddable":true,"href":"https:\/\/svilupporaytech.com\/pt-pt\/wp-json\/wp\/v2\/media\/1686"}],"wp:attachment":[{"href":"https:\/\/svilupporaytech.com\/pt-pt\/wp-json\/wp\/v2\/media?parent=8427"}],"wp:term":[{"taxonomy":"product_cat","embeddable":true,"href":"https:\/\/svilupporaytech.com\/pt-pt\/wp-json\/wp\/v2\/product_cat?post=8427"},{"taxonomy":"product_tag","embeddable":true,"href":"https:\/\/svilupporaytech.com\/pt-pt\/wp-json\/wp\/v2\/product_tag?post=8427"}],"curies":[{"name":"wp","href":"https:\/\/api.w.org\/{rel}","templated":true}]}}