{"id":8453,"date":"2015-09-15T10:35:06","date_gmt":"2016-01-27T11:42:01","guid":{"rendered":"http:\/\/raytech.it\/?post_type=product&#038;p=8453&#038;lang=pt-pt"},"modified":"2016-01-27T14:24:09","modified_gmt":"2016-01-27T14:24:09","slug":"terminais-auto-retrateis-para-interiorexterior-36kv","status":"publish","type":"product","link":"https:\/\/svilupporaytech.com\/pt-pt\/produto\/media-tensao\/terminais-e-juntas-auto-retrateis-ate-36-kv\/terminais\/terminais-auto-retrateis-para-interiorexterior-36kv\/","title":{"rendered":"Terminais auto-retr\u00e1teis para interior\/exterior 36kV"},"content":{"rendered":"<h4><span style=\"color: #004f9f;\">Terminais em borracha silic\u00f3nica, com controlo do campo el\u00e9trico. Para cabos extrudidos at\u00e9 18\/30 kV (Um 36 kV)<\/span><\/h4>\n<p>A manga silic\u00f3nica Raytech, fornecida pr\u00e9-expandida, \u00e9 retardada \u00e0 chama, altamente antitra\u00e7o, possui elevad\u00edssimas caracter\u00edsticas el\u00e1sticas, \u00e9 capaz de manter a press\u00e3o no cabo durante o funcionamento, \u00e9 hidro-repelente e extremamente robusta. Com aletas silic\u00f3nicas pr\u00e9-dilatadas no suporte em espiral para uma instala\u00e7\u00e3o modular do acess\u00f3rio, que permitem a instala\u00e7\u00e3o invertida. \u00c9 adequada a aplica\u00e7\u00f5es de exterior e interior, muito compacta, completa com todos os componentes; cada kit inclui 3 terminais unipolares para interior. A instala\u00e7\u00e3o \u00e9 feita a frio, sem ferramentas, desenrolando a espi.<\/p>\n<ul>\n<li><span style=\"color: #004f9f;\">Rapidez de instala\u00e7\u00e3o para menores custos de m\u00e3o-de-obra<\/span><\/li>\n<li><span style=\"color: #004f9f;\">Elevada fiabilidade e seguran\u00e7a para o operador<\/span><\/li>\n<li><span style=\"color: #004f9f;\">Instala\u00e7\u00e3o sem calor e sem ferramentas<\/span><\/li>\n<\/ul>\n<p><a class=\"btn btn-default linkpdf mt_bg\" style=\"margin-top: 10px;\" href=\"\/catalogo\/pt-pt\/identificazione-terminale.pdf\" target=\"_blank\">Dados para identifica\u00e7\u00e3o do terminal adequado<\/a><\/p>\n","protected":false},"excerpt":{"rendered":"<p>Terminais em borracha silic\u00f3nica, com controlo do campo el\u00e9trico. Para cabos extrudidos at\u00e9 18\/30 kV (Um 36 kV) A manga silic\u00f3nica Raytech, fornecida pr\u00e9-expandida, \u00e9 retardada \u00e0 chama, altamente antitra\u00e7o,<span class=\"excerpt-hellip\"> [\u2026]<\/span><\/p>\n","protected":false},"featured_media":2344,"template":"","meta":[],"product_cat":[356,357,447],"product_tag":[],"yoast_head":"<!-- This site is optimized with the Yoast SEO plugin v22.7 - https:\/\/yoast.com\/wordpress\/plugins\/seo\/ -->\n<title>Terminais auto-retr\u00e1teis para interior\/exterior 36kV | Raytech<\/title>\n<meta name=\"robots\" content=\"index, follow, max-snippet:-1, max-image-preview:large, max-video-preview:-1\" \/>\n<link rel=\"canonical\" href=\"https:\/\/svilupporaytech.com\/pt-pt\/produto\/media-tensao\/terminais-e-juntas-auto-retrateis-ate-36-kv\/terminais\/terminais-auto-retrateis-para-interiorexterior-36kv\/\" \/>\n<meta property=\"og:locale\" content=\"pt_PT\" \/>\n<meta property=\"og:type\" content=\"article\" \/>\n<meta property=\"og:title\" content=\"Terminais auto-retr\u00e1teis para interior\/exterior 36kV | Raytech\" \/>\n<meta property=\"og:description\" content=\"Terminais em borracha silic\u00f3nica, com controlo do campo el\u00e9trico. Para cabos extrudidos at\u00e9 18\/30 kV (Um 36 kV) A manga silic\u00f3nica Raytech, fornecida pr\u00e9-expandida, \u00e9 retardada \u00e0 chama, altamente antitra\u00e7o, [\u2026]\" \/>\n<meta property=\"og:url\" content=\"https:\/\/svilupporaytech.com\/pt-pt\/produto\/media-tensao\/terminais-e-juntas-auto-retrateis-ate-36-kv\/terminais\/terminais-auto-retrateis-para-interiorexterior-36kv\/\" \/>\n<meta property=\"og:site_name\" content=\"Raytech\" \/>\n<meta property=\"article:modified_time\" content=\"2016-01-27T14:24:09+00:00\" \/>\n<meta property=\"og:image\" content=\"https:\/\/svilupporaytech.com\/wp-content\/uploads\/terminali-interno-esterno.jpg\" \/>\n\t<meta property=\"og:image:width\" content=\"1024\" \/>\n\t<meta property=\"og:image:height\" content=\"1024\" \/>\n\t<meta property=\"og:image:type\" content=\"image\/jpeg\" \/>\n<meta name=\"twitter:card\" content=\"summary_large_image\" \/>\n<meta name=\"twitter:label1\" content=\"Tempo estimado de leitura\" \/>\n\t<meta name=\"twitter:data1\" content=\"1 minuto\" \/>\n<script type=\"application\/ld+json\" class=\"yoast-schema-graph\">{\"@context\":\"https:\/\/schema.org\",\"@graph\":[{\"@type\":\"WebPage\",\"@id\":\"https:\/\/svilupporaytech.com\/pt-pt\/produto\/media-tensao\/terminais-e-juntas-auto-retrateis-ate-36-kv\/terminais\/terminais-auto-retrateis-para-interiorexterior-36kv\/\",\"url\":\"https:\/\/svilupporaytech.com\/pt-pt\/produto\/media-tensao\/terminais-e-juntas-auto-retrateis-ate-36-kv\/terminais\/terminais-auto-retrateis-para-interiorexterior-36kv\/\",\"name\":\"Terminais auto-retr\u00e1teis para interior\/exterior 36kV | Raytech\",\"isPartOf\":{\"@id\":\"https:\/\/svilupporaytech.com\/#website\"},\"primaryImageOfPage\":{\"@id\":\"https:\/\/svilupporaytech.com\/pt-pt\/produto\/media-tensao\/terminais-e-juntas-auto-retrateis-ate-36-kv\/terminais\/terminais-auto-retrateis-para-interiorexterior-36kv\/#primaryimage\"},\"image\":{\"@id\":\"https:\/\/svilupporaytech.com\/pt-pt\/produto\/media-tensao\/terminais-e-juntas-auto-retrateis-ate-36-kv\/terminais\/terminais-auto-retrateis-para-interiorexterior-36kv\/#primaryimage\"},\"thumbnailUrl\":\"https:\/\/svilupporaytech.com\/wp-content\/uploads\/terminali-interno-esterno.jpg\",\"datePublished\":\"2016-01-27T11:42:01+00:00\",\"dateModified\":\"2016-01-27T14:24:09+00:00\",\"breadcrumb\":{\"@id\":\"https:\/\/svilupporaytech.com\/pt-pt\/produto\/media-tensao\/terminais-e-juntas-auto-retrateis-ate-36-kv\/terminais\/terminais-auto-retrateis-para-interiorexterior-36kv\/#breadcrumb\"},\"inLanguage\":\"pt-PT\",\"potentialAction\":[{\"@type\":\"ReadAction\",\"target\":[\"https:\/\/svilupporaytech.com\/pt-pt\/produto\/media-tensao\/terminais-e-juntas-auto-retrateis-ate-36-kv\/terminais\/terminais-auto-retrateis-para-interiorexterior-36kv\/\"]}]},{\"@type\":\"ImageObject\",\"inLanguage\":\"pt-PT\",\"@id\":\"https:\/\/svilupporaytech.com\/pt-pt\/produto\/media-tensao\/terminais-e-juntas-auto-retrateis-ate-36-kv\/terminais\/terminais-auto-retrateis-para-interiorexterior-36kv\/#primaryimage\",\"url\":\"https:\/\/svilupporaytech.com\/wp-content\/uploads\/terminali-interno-esterno.jpg\",\"contentUrl\":\"https:\/\/svilupporaytech.com\/wp-content\/uploads\/terminali-interno-esterno.jpg\",\"width\":1024,\"height\":1024},{\"@type\":\"BreadcrumbList\",\"@id\":\"https:\/\/svilupporaytech.com\/pt-pt\/produto\/media-tensao\/terminais-e-juntas-auto-retrateis-ate-36-kv\/terminais\/terminais-auto-retrateis-para-interiorexterior-36kv\/#breadcrumb\",\"itemListElement\":[{\"@type\":\"ListItem\",\"position\":1,\"name\":\"Home\",\"item\":\"https:\/\/svilupporaytech.com\/pt-pt\/\"},{\"@type\":\"ListItem\",\"position\":2,\"name\":\"Loja\",\"item\":\"https:\/\/svilupporaytech.com\/pt-pt\/loja\/\"},{\"@type\":\"ListItem\",\"position\":3,\"name\":\"Terminais auto-retr\u00e1teis para interior\/exterior 36kV\"}]},{\"@type\":\"WebSite\",\"@id\":\"https:\/\/svilupporaytech.com\/#website\",\"url\":\"https:\/\/svilupporaytech.com\/\",\"name\":\"Raytech\",\"description\":\"Cable accessories company\",\"potentialAction\":[{\"@type\":\"SearchAction\",\"target\":{\"@type\":\"EntryPoint\",\"urlTemplate\":\"https:\/\/svilupporaytech.com\/?s={search_term_string}\"},\"query-input\":\"required name=search_term_string\"}],\"inLanguage\":\"pt-PT\"}]}<\/script>\n<!-- \/ Yoast SEO plugin. -->","yoast_head_json":{"title":"Terminais auto-retr\u00e1teis para interior\/exterior 36kV | Raytech","robots":{"index":"index","follow":"follow","max-snippet":"max-snippet:-1","max-image-preview":"max-image-preview:large","max-video-preview":"max-video-preview:-1"},"canonical":"https:\/\/svilupporaytech.com\/pt-pt\/produto\/media-tensao\/terminais-e-juntas-auto-retrateis-ate-36-kv\/terminais\/terminais-auto-retrateis-para-interiorexterior-36kv\/","og_locale":"pt_PT","og_type":"article","og_title":"Terminais auto-retr\u00e1teis para interior\/exterior 36kV | Raytech","og_description":"Terminais em borracha silic\u00f3nica, com controlo do campo el\u00e9trico. Para cabos extrudidos at\u00e9 18\/30 kV (Um 36 kV) A manga silic\u00f3nica Raytech, fornecida pr\u00e9-expandida, \u00e9 retardada \u00e0 chama, altamente antitra\u00e7o, [\u2026]","og_url":"https:\/\/svilupporaytech.com\/pt-pt\/produto\/media-tensao\/terminais-e-juntas-auto-retrateis-ate-36-kv\/terminais\/terminais-auto-retrateis-para-interiorexterior-36kv\/","og_site_name":"Raytech","article_modified_time":"2016-01-27T14:24:09+00:00","og_image":[{"width":1024,"height":1024,"url":"https:\/\/svilupporaytech.com\/wp-content\/uploads\/terminali-interno-esterno.jpg","type":"image\/jpeg"}],"twitter_card":"summary_large_image","twitter_misc":{"Tempo estimado de leitura":"1 minuto"},"schema":{"@context":"https:\/\/schema.org","@graph":[{"@type":"WebPage","@id":"https:\/\/svilupporaytech.com\/pt-pt\/produto\/media-tensao\/terminais-e-juntas-auto-retrateis-ate-36-kv\/terminais\/terminais-auto-retrateis-para-interiorexterior-36kv\/","url":"https:\/\/svilupporaytech.com\/pt-pt\/produto\/media-tensao\/terminais-e-juntas-auto-retrateis-ate-36-kv\/terminais\/terminais-auto-retrateis-para-interiorexterior-36kv\/","name":"Terminais auto-retr\u00e1teis para interior\/exterior 36kV | Raytech","isPartOf":{"@id":"https:\/\/svilupporaytech.com\/#website"},"primaryImageOfPage":{"@id":"https:\/\/svilupporaytech.com\/pt-pt\/produto\/media-tensao\/terminais-e-juntas-auto-retrateis-ate-36-kv\/terminais\/terminais-auto-retrateis-para-interiorexterior-36kv\/#primaryimage"},"image":{"@id":"https:\/\/svilupporaytech.com\/pt-pt\/produto\/media-tensao\/terminais-e-juntas-auto-retrateis-ate-36-kv\/terminais\/terminais-auto-retrateis-para-interiorexterior-36kv\/#primaryimage"},"thumbnailUrl":"https:\/\/svilupporaytech.com\/wp-content\/uploads\/terminali-interno-esterno.jpg","datePublished":"2016-01-27T11:42:01+00:00","dateModified":"2016-01-27T14:24:09+00:00","breadcrumb":{"@id":"https:\/\/svilupporaytech.com\/pt-pt\/produto\/media-tensao\/terminais-e-juntas-auto-retrateis-ate-36-kv\/terminais\/terminais-auto-retrateis-para-interiorexterior-36kv\/#breadcrumb"},"inLanguage":"pt-PT","potentialAction":[{"@type":"ReadAction","target":["https:\/\/svilupporaytech.com\/pt-pt\/produto\/media-tensao\/terminais-e-juntas-auto-retrateis-ate-36-kv\/terminais\/terminais-auto-retrateis-para-interiorexterior-36kv\/"]}]},{"@type":"ImageObject","inLanguage":"pt-PT","@id":"https:\/\/svilupporaytech.com\/pt-pt\/produto\/media-tensao\/terminais-e-juntas-auto-retrateis-ate-36-kv\/terminais\/terminais-auto-retrateis-para-interiorexterior-36kv\/#primaryimage","url":"https:\/\/svilupporaytech.com\/wp-content\/uploads\/terminali-interno-esterno.jpg","contentUrl":"https:\/\/svilupporaytech.com\/wp-content\/uploads\/terminali-interno-esterno.jpg","width":1024,"height":1024},{"@type":"BreadcrumbList","@id":"https:\/\/svilupporaytech.com\/pt-pt\/produto\/media-tensao\/terminais-e-juntas-auto-retrateis-ate-36-kv\/terminais\/terminais-auto-retrateis-para-interiorexterior-36kv\/#breadcrumb","itemListElement":[{"@type":"ListItem","position":1,"name":"Home","item":"https:\/\/svilupporaytech.com\/pt-pt\/"},{"@type":"ListItem","position":2,"name":"Loja","item":"https:\/\/svilupporaytech.com\/pt-pt\/loja\/"},{"@type":"ListItem","position":3,"name":"Terminais auto-retr\u00e1teis para interior\/exterior 36kV"}]},{"@type":"WebSite","@id":"https:\/\/svilupporaytech.com\/#website","url":"https:\/\/svilupporaytech.com\/","name":"Raytech","description":"Cable accessories company","potentialAction":[{"@type":"SearchAction","target":{"@type":"EntryPoint","urlTemplate":"https:\/\/svilupporaytech.com\/?s={search_term_string}"},"query-input":"required name=search_term_string"}],"inLanguage":"pt-PT"}]}},"_links":{"self":[{"href":"https:\/\/svilupporaytech.com\/pt-pt\/wp-json\/wp\/v2\/product\/8453"}],"collection":[{"href":"https:\/\/svilupporaytech.com\/pt-pt\/wp-json\/wp\/v2\/product"}],"about":[{"href":"https:\/\/svilupporaytech.com\/pt-pt\/wp-json\/wp\/v2\/types\/product"}],"wp:featuredmedia":[{"embeddable":true,"href":"https:\/\/svilupporaytech.com\/pt-pt\/wp-json\/wp\/v2\/media\/2344"}],"wp:attachment":[{"href":"https:\/\/svilupporaytech.com\/pt-pt\/wp-json\/wp\/v2\/media?parent=8453"}],"wp:term":[{"taxonomy":"product_cat","embeddable":true,"href":"https:\/\/svilupporaytech.com\/pt-pt\/wp-json\/wp\/v2\/product_cat?post=8453"},{"taxonomy":"product_tag","embeddable":true,"href":"https:\/\/svilupporaytech.com\/pt-pt\/wp-json\/wp\/v2\/product_tag?post=8453"}],"curies":[{"name":"wp","href":"https:\/\/api.w.org\/{rel}","templated":true}]}}