{"id":8463,"date":"2015-12-22T08:20:32","date_gmt":"2016-01-27T13:58:14","guid":{"rendered":"http:\/\/raytech.it\/?post_type=product&#038;p=8463&#038;lang=pt-pt"},"modified":"2016-01-27T13:58:14","modified_gmt":"2016-01-27T13:58:14","slug":"terminais-auto-retrateis-tripolaires-para-interiorexterior","status":"publish","type":"product","link":"https:\/\/svilupporaytech.com\/pt-pt\/produto\/media-tensao\/terminais-e-juntas-auto-retrateis-ate-36-kv\/terminais\/terminais-auto-retrateis-tripolaires-para-interiorexterior\/","title":{"rendered":"Terminais auto-retr\u00e1teis tripolaires para interior\/exterior"},"content":{"rendered":"<h4><span style=\"color: #004f9f;\">Terminais para cabos de isolante extrudido armodos e armados at\u00e9 36 kV<\/span><\/h4>\n<p>Tecnologia h\u00edbrida que fornece termina\u00e7\u00f5es termo-retr\u00e1teis trifurcadas e retr\u00e1cteis a frio<br \/>\n<a class=\"btn btn-default linkpdf mt_bg\" style=\"margin-top: 10px;\" href=\"\/catalogo\/pt\/identificazione-terminale.pdf\" target=\"_blank\">Dados para identifica\u00e7\u00e3o do terminal adequado<\/a><\/p>\n","protected":false},"excerpt":{"rendered":"<p>Terminais para cabos de isolante extrudido armodos e armados at\u00e9 36 kV Tecnologia h\u00edbrida que fornece termina\u00e7\u00f5es termo-retr\u00e1teis trifurcadas e retr\u00e1cteis a frio Dados para identifica\u00e7\u00e3o do terminal adequado<\/p>\n","protected":false},"featured_media":6637,"template":"","meta":[],"product_cat":[356,357,447],"product_tag":[],"yoast_head":"<!-- This site is optimized with the Yoast SEO plugin v22.7 - https:\/\/yoast.com\/wordpress\/plugins\/seo\/ -->\n<title>Terminais auto-retr\u00e1teis tripolaires para interior\/exterior | Raytech<\/title>\n<meta name=\"robots\" content=\"index, follow, max-snippet:-1, max-image-preview:large, max-video-preview:-1\" \/>\n<link rel=\"canonical\" href=\"https:\/\/svilupporaytech.com\/pt-pt\/produto\/media-tensao\/terminais-e-juntas-auto-retrateis-ate-36-kv\/terminais\/terminais-auto-retrateis-tripolaires-para-interiorexterior\/\" \/>\n<meta property=\"og:locale\" content=\"pt_PT\" \/>\n<meta property=\"og:type\" content=\"article\" \/>\n<meta property=\"og:title\" content=\"Terminais auto-retr\u00e1teis tripolaires para interior\/exterior | Raytech\" \/>\n<meta property=\"og:description\" content=\"Terminais para cabos de isolante extrudido armodos e armados at\u00e9 36 kV Tecnologia h\u00edbrida que fornece termina\u00e7\u00f5es termo-retr\u00e1teis trifurcadas e retr\u00e1cteis a frio Dados para identifica\u00e7\u00e3o do terminal adequado\" \/>\n<meta property=\"og:url\" content=\"https:\/\/svilupporaytech.com\/pt-pt\/produto\/media-tensao\/terminais-e-juntas-auto-retrateis-ate-36-kv\/terminais\/terminais-auto-retrateis-tripolaires-para-interiorexterior\/\" \/>\n<meta property=\"og:site_name\" content=\"Raytech\" \/>\n<meta property=\"og:image\" content=\"https:\/\/svilupporaytech.com\/wp-content\/uploads\/Terminali-autorestringenti-tripolari.jpg\" \/>\n\t<meta property=\"og:image:width\" content=\"1024\" \/>\n\t<meta property=\"og:image:height\" content=\"1024\" \/>\n\t<meta property=\"og:image:type\" content=\"image\/jpeg\" \/>\n<meta name=\"twitter:card\" content=\"summary_large_image\" \/>\n<script type=\"application\/ld+json\" class=\"yoast-schema-graph\">{\"@context\":\"https:\/\/schema.org\",\"@graph\":[{\"@type\":\"WebPage\",\"@id\":\"https:\/\/svilupporaytech.com\/pt-pt\/produto\/media-tensao\/terminais-e-juntas-auto-retrateis-ate-36-kv\/terminais\/terminais-auto-retrateis-tripolaires-para-interiorexterior\/\",\"url\":\"https:\/\/svilupporaytech.com\/pt-pt\/produto\/media-tensao\/terminais-e-juntas-auto-retrateis-ate-36-kv\/terminais\/terminais-auto-retrateis-tripolaires-para-interiorexterior\/\",\"name\":\"Terminais auto-retr\u00e1teis tripolaires para interior\/exterior | Raytech\",\"isPartOf\":{\"@id\":\"https:\/\/svilupporaytech.com\/#website\"},\"primaryImageOfPage\":{\"@id\":\"https:\/\/svilupporaytech.com\/pt-pt\/produto\/media-tensao\/terminais-e-juntas-auto-retrateis-ate-36-kv\/terminais\/terminais-auto-retrateis-tripolaires-para-interiorexterior\/#primaryimage\"},\"image\":{\"@id\":\"https:\/\/svilupporaytech.com\/pt-pt\/produto\/media-tensao\/terminais-e-juntas-auto-retrateis-ate-36-kv\/terminais\/terminais-auto-retrateis-tripolaires-para-interiorexterior\/#primaryimage\"},\"thumbnailUrl\":\"https:\/\/svilupporaytech.com\/wp-content\/uploads\/Terminali-autorestringenti-tripolari.jpg\",\"datePublished\":\"2016-01-27T13:58:14+00:00\",\"dateModified\":\"2016-01-27T13:58:14+00:00\",\"breadcrumb\":{\"@id\":\"https:\/\/svilupporaytech.com\/pt-pt\/produto\/media-tensao\/terminais-e-juntas-auto-retrateis-ate-36-kv\/terminais\/terminais-auto-retrateis-tripolaires-para-interiorexterior\/#breadcrumb\"},\"inLanguage\":\"pt-PT\",\"potentialAction\":[{\"@type\":\"ReadAction\",\"target\":[\"https:\/\/svilupporaytech.com\/pt-pt\/produto\/media-tensao\/terminais-e-juntas-auto-retrateis-ate-36-kv\/terminais\/terminais-auto-retrateis-tripolaires-para-interiorexterior\/\"]}]},{\"@type\":\"ImageObject\",\"inLanguage\":\"pt-PT\",\"@id\":\"https:\/\/svilupporaytech.com\/pt-pt\/produto\/media-tensao\/terminais-e-juntas-auto-retrateis-ate-36-kv\/terminais\/terminais-auto-retrateis-tripolaires-para-interiorexterior\/#primaryimage\",\"url\":\"https:\/\/svilupporaytech.com\/wp-content\/uploads\/Terminali-autorestringenti-tripolari.jpg\",\"contentUrl\":\"https:\/\/svilupporaytech.com\/wp-content\/uploads\/Terminali-autorestringenti-tripolari.jpg\",\"width\":1024,\"height\":1024},{\"@type\":\"BreadcrumbList\",\"@id\":\"https:\/\/svilupporaytech.com\/pt-pt\/produto\/media-tensao\/terminais-e-juntas-auto-retrateis-ate-36-kv\/terminais\/terminais-auto-retrateis-tripolaires-para-interiorexterior\/#breadcrumb\",\"itemListElement\":[{\"@type\":\"ListItem\",\"position\":1,\"name\":\"Home\",\"item\":\"https:\/\/svilupporaytech.com\/pt-pt\/\"},{\"@type\":\"ListItem\",\"position\":2,\"name\":\"Loja\",\"item\":\"https:\/\/svilupporaytech.com\/pt-pt\/loja\/\"},{\"@type\":\"ListItem\",\"position\":3,\"name\":\"Terminais auto-retr\u00e1teis tripolaires para interior\/exterior\"}]},{\"@type\":\"WebSite\",\"@id\":\"https:\/\/svilupporaytech.com\/#website\",\"url\":\"https:\/\/svilupporaytech.com\/\",\"name\":\"Raytech\",\"description\":\"Cable accessories company\",\"potentialAction\":[{\"@type\":\"SearchAction\",\"target\":{\"@type\":\"EntryPoint\",\"urlTemplate\":\"https:\/\/svilupporaytech.com\/?s={search_term_string}\"},\"query-input\":\"required name=search_term_string\"}],\"inLanguage\":\"pt-PT\"}]}<\/script>\n<!-- \/ Yoast SEO plugin. -->","yoast_head_json":{"title":"Terminais auto-retr\u00e1teis tripolaires para interior\/exterior | Raytech","robots":{"index":"index","follow":"follow","max-snippet":"max-snippet:-1","max-image-preview":"max-image-preview:large","max-video-preview":"max-video-preview:-1"},"canonical":"https:\/\/svilupporaytech.com\/pt-pt\/produto\/media-tensao\/terminais-e-juntas-auto-retrateis-ate-36-kv\/terminais\/terminais-auto-retrateis-tripolaires-para-interiorexterior\/","og_locale":"pt_PT","og_type":"article","og_title":"Terminais auto-retr\u00e1teis tripolaires para interior\/exterior | Raytech","og_description":"Terminais para cabos de isolante extrudido armodos e armados at\u00e9 36 kV Tecnologia h\u00edbrida que fornece termina\u00e7\u00f5es termo-retr\u00e1teis trifurcadas e retr\u00e1cteis a frio Dados para identifica\u00e7\u00e3o do terminal adequado","og_url":"https:\/\/svilupporaytech.com\/pt-pt\/produto\/media-tensao\/terminais-e-juntas-auto-retrateis-ate-36-kv\/terminais\/terminais-auto-retrateis-tripolaires-para-interiorexterior\/","og_site_name":"Raytech","og_image":[{"width":1024,"height":1024,"url":"https:\/\/svilupporaytech.com\/wp-content\/uploads\/Terminali-autorestringenti-tripolari.jpg","type":"image\/jpeg"}],"twitter_card":"summary_large_image","schema":{"@context":"https:\/\/schema.org","@graph":[{"@type":"WebPage","@id":"https:\/\/svilupporaytech.com\/pt-pt\/produto\/media-tensao\/terminais-e-juntas-auto-retrateis-ate-36-kv\/terminais\/terminais-auto-retrateis-tripolaires-para-interiorexterior\/","url":"https:\/\/svilupporaytech.com\/pt-pt\/produto\/media-tensao\/terminais-e-juntas-auto-retrateis-ate-36-kv\/terminais\/terminais-auto-retrateis-tripolaires-para-interiorexterior\/","name":"Terminais auto-retr\u00e1teis tripolaires para interior\/exterior | Raytech","isPartOf":{"@id":"https:\/\/svilupporaytech.com\/#website"},"primaryImageOfPage":{"@id":"https:\/\/svilupporaytech.com\/pt-pt\/produto\/media-tensao\/terminais-e-juntas-auto-retrateis-ate-36-kv\/terminais\/terminais-auto-retrateis-tripolaires-para-interiorexterior\/#primaryimage"},"image":{"@id":"https:\/\/svilupporaytech.com\/pt-pt\/produto\/media-tensao\/terminais-e-juntas-auto-retrateis-ate-36-kv\/terminais\/terminais-auto-retrateis-tripolaires-para-interiorexterior\/#primaryimage"},"thumbnailUrl":"https:\/\/svilupporaytech.com\/wp-content\/uploads\/Terminali-autorestringenti-tripolari.jpg","datePublished":"2016-01-27T13:58:14+00:00","dateModified":"2016-01-27T13:58:14+00:00","breadcrumb":{"@id":"https:\/\/svilupporaytech.com\/pt-pt\/produto\/media-tensao\/terminais-e-juntas-auto-retrateis-ate-36-kv\/terminais\/terminais-auto-retrateis-tripolaires-para-interiorexterior\/#breadcrumb"},"inLanguage":"pt-PT","potentialAction":[{"@type":"ReadAction","target":["https:\/\/svilupporaytech.com\/pt-pt\/produto\/media-tensao\/terminais-e-juntas-auto-retrateis-ate-36-kv\/terminais\/terminais-auto-retrateis-tripolaires-para-interiorexterior\/"]}]},{"@type":"ImageObject","inLanguage":"pt-PT","@id":"https:\/\/svilupporaytech.com\/pt-pt\/produto\/media-tensao\/terminais-e-juntas-auto-retrateis-ate-36-kv\/terminais\/terminais-auto-retrateis-tripolaires-para-interiorexterior\/#primaryimage","url":"https:\/\/svilupporaytech.com\/wp-content\/uploads\/Terminali-autorestringenti-tripolari.jpg","contentUrl":"https:\/\/svilupporaytech.com\/wp-content\/uploads\/Terminali-autorestringenti-tripolari.jpg","width":1024,"height":1024},{"@type":"BreadcrumbList","@id":"https:\/\/svilupporaytech.com\/pt-pt\/produto\/media-tensao\/terminais-e-juntas-auto-retrateis-ate-36-kv\/terminais\/terminais-auto-retrateis-tripolaires-para-interiorexterior\/#breadcrumb","itemListElement":[{"@type":"ListItem","position":1,"name":"Home","item":"https:\/\/svilupporaytech.com\/pt-pt\/"},{"@type":"ListItem","position":2,"name":"Loja","item":"https:\/\/svilupporaytech.com\/pt-pt\/loja\/"},{"@type":"ListItem","position":3,"name":"Terminais auto-retr\u00e1teis tripolaires para interior\/exterior"}]},{"@type":"WebSite","@id":"https:\/\/svilupporaytech.com\/#website","url":"https:\/\/svilupporaytech.com\/","name":"Raytech","description":"Cable accessories company","potentialAction":[{"@type":"SearchAction","target":{"@type":"EntryPoint","urlTemplate":"https:\/\/svilupporaytech.com\/?s={search_term_string}"},"query-input":"required name=search_term_string"}],"inLanguage":"pt-PT"}]}},"_links":{"self":[{"href":"https:\/\/svilupporaytech.com\/pt-pt\/wp-json\/wp\/v2\/product\/8463"}],"collection":[{"href":"https:\/\/svilupporaytech.com\/pt-pt\/wp-json\/wp\/v2\/product"}],"about":[{"href":"https:\/\/svilupporaytech.com\/pt-pt\/wp-json\/wp\/v2\/types\/product"}],"wp:featuredmedia":[{"embeddable":true,"href":"https:\/\/svilupporaytech.com\/pt-pt\/wp-json\/wp\/v2\/media\/6637"}],"wp:attachment":[{"href":"https:\/\/svilupporaytech.com\/pt-pt\/wp-json\/wp\/v2\/media?parent=8463"}],"wp:term":[{"taxonomy":"product_cat","embeddable":true,"href":"https:\/\/svilupporaytech.com\/pt-pt\/wp-json\/wp\/v2\/product_cat?post=8463"},{"taxonomy":"product_tag","embeddable":true,"href":"https:\/\/svilupporaytech.com\/pt-pt\/wp-json\/wp\/v2\/product_tag?post=8463"}],"curies":[{"name":"wp","href":"https:\/\/api.w.org\/{rel}","templated":true}]}}