{"id":8514,"date":"2015-09-15T11:22:20","date_gmt":"2016-01-28T09:16:35","guid":{"rendered":"http:\/\/raytech.it\/?post_type=product&#038;p=8514&#038;lang=pt-pt"},"modified":"2019-08-02T10:11:06","modified_gmt":"2019-08-02T10:11:06","slug":"juntas-de-transicao-entre-cabos-unipolares","status":"publish","type":"product","link":"https:\/\/svilupporaytech.com\/pt-pt\/produto\/media-tensao\/terminais-e-juntas-termorretracteis-ate-36-kv\/juntas-pt-pt-3\/juntas-de-transicao-entre-cabos-unipolares\/","title":{"rendered":"Juntas de transi\u00e7\u00e3o entre cabos unipolares"},"content":{"rendered":"<p><strong>Distribui\u00e7\u00e3o do campo el\u00e9trico<\/strong><br \/>\nAo cortar a blindagem do cabo, o campo el\u00e9trico \u00e9 controlado por um material j\u00e1 experimentado nos terminais: o tubo de controlo do gradiente el\u00e9trico. Este tubo \u00e9 em material isolante com imped\u00e2ncia n\u00e3o linear, capaz de controlar o campo magn\u00e9tico at\u00e9 ao final da blindagem do cabo e no conector met\u00e1lico. Tal como nos terminais, gra\u00e7as aos componentes termorretr\u00e1cteis, a gama de juntas inclui praticamente a totalidade das configura\u00e7\u00f5es de cabos existentes, tal como as juntas mistas entre diferentes tipologias de cabo. As refer\u00eancias dos kits que surgem nas tabelas de sele\u00e7\u00e3o s\u00e3o os mais utilizados pelos instaladores em todo o territ\u00f3rio nacional, para aplica\u00e7\u00f5es para cabos at\u00e9 36 kV. Nos casos n\u00e3o descritos, qualquer que seja o tipo de cabo, consultar a Raytech.<\/p>\n<ul>\n<li><span style=\"color: #004f9f;\">Juntas de transi\u00e7\u00e3o entre cabos <strong>unipolares<\/strong> com isolante extrudido e em papel impregnado para coloca\u00e7\u00e3o enterrada<\/span><\/li>\n<li><span style=\"color: #004f9f;\">Juntas de transi\u00e7\u00e3o entre cabos <strong>unipolares<\/strong> de isolante extrudido para coloca\u00e7\u00e3o a\u00e9rea e em papel impregnado<\/span><\/li>\n<li><span style=\"color: #004f9f;\">Juntas de transi\u00e7\u00e3o entre cabos <strong>unipolares<\/strong> de isolante extrudido para coloca\u00e7\u00e3o enterrada e a\u00e9rea<\/span><\/li>\n<\/ul>\n<p><a class=\"btn btn-default linkpdf mt_bg\" style=\"margin-top: 10px;\" href=\"\/catalogo\/pt-pt\/identificazione-giunzioni.pdf\" target=\"_blank\">Dados para identifica\u00e7\u00e3o da junta adequada<\/a><\/p>\n","protected":false},"excerpt":{"rendered":"<p>Distribui\u00e7\u00e3o do campo el\u00e9trico Ao cortar a blindagem do cabo, o campo el\u00e9trico \u00e9 controlado por um material j\u00e1 experimentado nos terminais: o tubo de controlo do gradiente el\u00e9trico. Este<span class=\"excerpt-hellip\"> [\u2026]<\/span><\/p>\n","protected":false},"featured_media":17794,"template":"","meta":[],"product_cat":[356,360,450],"product_tag":[],"yoast_head":"<!-- This site is optimized with the Yoast SEO plugin v22.7 - https:\/\/yoast.com\/wordpress\/plugins\/seo\/ -->\n<title>Juntas de transi\u00e7\u00e3o entre cabos unipolares | Raytech<\/title>\n<meta name=\"robots\" content=\"index, follow, max-snippet:-1, max-image-preview:large, max-video-preview:-1\" \/>\n<link rel=\"canonical\" href=\"https:\/\/svilupporaytech.com\/pt-pt\/produto\/media-tensao\/terminais-e-juntas-termorretracteis-ate-36-kv\/juntas-pt-pt-3\/juntas-de-transicao-entre-cabos-unipolares\/\" \/>\n<meta property=\"og:locale\" content=\"pt_PT\" \/>\n<meta property=\"og:type\" content=\"article\" \/>\n<meta property=\"og:title\" content=\"Juntas de transi\u00e7\u00e3o entre cabos unipolares | Raytech\" \/>\n<meta property=\"og:description\" content=\"Distribui\u00e7\u00e3o do campo el\u00e9trico Ao cortar a blindagem do cabo, o campo el\u00e9trico \u00e9 controlado por um material j\u00e1 experimentado nos terminais: o tubo de controlo do gradiente el\u00e9trico. Este [\u2026]\" \/>\n<meta property=\"og:url\" content=\"https:\/\/svilupporaytech.com\/pt-pt\/produto\/media-tensao\/terminais-e-juntas-termorretracteis-ate-36-kv\/juntas-pt-pt-3\/juntas-de-transicao-entre-cabos-unipolares\/\" \/>\n<meta property=\"og:site_name\" content=\"Raytech\" \/>\n<meta property=\"article:modified_time\" content=\"2019-08-02T10:11:06+00:00\" \/>\n<meta property=\"og:image\" content=\"https:\/\/svilupporaytech.com\/wp-content\/uploads\/giunti-di-transizione_c-u.jpg\" \/>\n\t<meta property=\"og:image:width\" content=\"1024\" \/>\n\t<meta property=\"og:image:height\" content=\"1024\" \/>\n\t<meta property=\"og:image:type\" content=\"image\/jpeg\" \/>\n<meta name=\"twitter:card\" content=\"summary_large_image\" \/>\n<meta name=\"twitter:label1\" content=\"Tempo estimado de leitura\" \/>\n\t<meta name=\"twitter:data1\" content=\"1 minuto\" \/>\n<script type=\"application\/ld+json\" class=\"yoast-schema-graph\">{\"@context\":\"https:\/\/schema.org\",\"@graph\":[{\"@type\":\"WebPage\",\"@id\":\"https:\/\/svilupporaytech.com\/pt-pt\/produto\/media-tensao\/terminais-e-juntas-termorretracteis-ate-36-kv\/juntas-pt-pt-3\/juntas-de-transicao-entre-cabos-unipolares\/\",\"url\":\"https:\/\/svilupporaytech.com\/pt-pt\/produto\/media-tensao\/terminais-e-juntas-termorretracteis-ate-36-kv\/juntas-pt-pt-3\/juntas-de-transicao-entre-cabos-unipolares\/\",\"name\":\"Juntas de transi\u00e7\u00e3o entre cabos unipolares | Raytech\",\"isPartOf\":{\"@id\":\"https:\/\/svilupporaytech.com\/#website\"},\"primaryImageOfPage\":{\"@id\":\"https:\/\/svilupporaytech.com\/pt-pt\/produto\/media-tensao\/terminais-e-juntas-termorretracteis-ate-36-kv\/juntas-pt-pt-3\/juntas-de-transicao-entre-cabos-unipolares\/#primaryimage\"},\"image\":{\"@id\":\"https:\/\/svilupporaytech.com\/pt-pt\/produto\/media-tensao\/terminais-e-juntas-termorretracteis-ate-36-kv\/juntas-pt-pt-3\/juntas-de-transicao-entre-cabos-unipolares\/#primaryimage\"},\"thumbnailUrl\":\"https:\/\/svilupporaytech.com\/wp-content\/uploads\/giunti-di-transizione_c-u.jpg\",\"datePublished\":\"2016-01-28T09:16:35+00:00\",\"dateModified\":\"2019-08-02T10:11:06+00:00\",\"breadcrumb\":{\"@id\":\"https:\/\/svilupporaytech.com\/pt-pt\/produto\/media-tensao\/terminais-e-juntas-termorretracteis-ate-36-kv\/juntas-pt-pt-3\/juntas-de-transicao-entre-cabos-unipolares\/#breadcrumb\"},\"inLanguage\":\"pt-PT\",\"potentialAction\":[{\"@type\":\"ReadAction\",\"target\":[\"https:\/\/svilupporaytech.com\/pt-pt\/produto\/media-tensao\/terminais-e-juntas-termorretracteis-ate-36-kv\/juntas-pt-pt-3\/juntas-de-transicao-entre-cabos-unipolares\/\"]}]},{\"@type\":\"ImageObject\",\"inLanguage\":\"pt-PT\",\"@id\":\"https:\/\/svilupporaytech.com\/pt-pt\/produto\/media-tensao\/terminais-e-juntas-termorretracteis-ate-36-kv\/juntas-pt-pt-3\/juntas-de-transicao-entre-cabos-unipolares\/#primaryimage\",\"url\":\"https:\/\/svilupporaytech.com\/wp-content\/uploads\/giunti-di-transizione_c-u.jpg\",\"contentUrl\":\"https:\/\/svilupporaytech.com\/wp-content\/uploads\/giunti-di-transizione_c-u.jpg\",\"width\":1024,\"height\":1024},{\"@type\":\"BreadcrumbList\",\"@id\":\"https:\/\/svilupporaytech.com\/pt-pt\/produto\/media-tensao\/terminais-e-juntas-termorretracteis-ate-36-kv\/juntas-pt-pt-3\/juntas-de-transicao-entre-cabos-unipolares\/#breadcrumb\",\"itemListElement\":[{\"@type\":\"ListItem\",\"position\":1,\"name\":\"Home\",\"item\":\"https:\/\/svilupporaytech.com\/pt-pt\/\"},{\"@type\":\"ListItem\",\"position\":2,\"name\":\"Loja\",\"item\":\"https:\/\/svilupporaytech.com\/pt-pt\/loja\/\"},{\"@type\":\"ListItem\",\"position\":3,\"name\":\"Juntas de transi\u00e7\u00e3o entre cabos unipolares\"}]},{\"@type\":\"WebSite\",\"@id\":\"https:\/\/svilupporaytech.com\/#website\",\"url\":\"https:\/\/svilupporaytech.com\/\",\"name\":\"Raytech\",\"description\":\"Cable accessories company\",\"potentialAction\":[{\"@type\":\"SearchAction\",\"target\":{\"@type\":\"EntryPoint\",\"urlTemplate\":\"https:\/\/svilupporaytech.com\/?s={search_term_string}\"},\"query-input\":\"required name=search_term_string\"}],\"inLanguage\":\"pt-PT\"}]}<\/script>\n<!-- \/ Yoast SEO plugin. -->","yoast_head_json":{"title":"Juntas de transi\u00e7\u00e3o entre cabos unipolares | Raytech","robots":{"index":"index","follow":"follow","max-snippet":"max-snippet:-1","max-image-preview":"max-image-preview:large","max-video-preview":"max-video-preview:-1"},"canonical":"https:\/\/svilupporaytech.com\/pt-pt\/produto\/media-tensao\/terminais-e-juntas-termorretracteis-ate-36-kv\/juntas-pt-pt-3\/juntas-de-transicao-entre-cabos-unipolares\/","og_locale":"pt_PT","og_type":"article","og_title":"Juntas de transi\u00e7\u00e3o entre cabos unipolares | Raytech","og_description":"Distribui\u00e7\u00e3o do campo el\u00e9trico Ao cortar a blindagem do cabo, o campo el\u00e9trico \u00e9 controlado por um material j\u00e1 experimentado nos terminais: o tubo de controlo do gradiente el\u00e9trico. Este [\u2026]","og_url":"https:\/\/svilupporaytech.com\/pt-pt\/produto\/media-tensao\/terminais-e-juntas-termorretracteis-ate-36-kv\/juntas-pt-pt-3\/juntas-de-transicao-entre-cabos-unipolares\/","og_site_name":"Raytech","article_modified_time":"2019-08-02T10:11:06+00:00","og_image":[{"width":1024,"height":1024,"url":"https:\/\/svilupporaytech.com\/wp-content\/uploads\/giunti-di-transizione_c-u.jpg","type":"image\/jpeg"}],"twitter_card":"summary_large_image","twitter_misc":{"Tempo estimado de leitura":"1 minuto"},"schema":{"@context":"https:\/\/schema.org","@graph":[{"@type":"WebPage","@id":"https:\/\/svilupporaytech.com\/pt-pt\/produto\/media-tensao\/terminais-e-juntas-termorretracteis-ate-36-kv\/juntas-pt-pt-3\/juntas-de-transicao-entre-cabos-unipolares\/","url":"https:\/\/svilupporaytech.com\/pt-pt\/produto\/media-tensao\/terminais-e-juntas-termorretracteis-ate-36-kv\/juntas-pt-pt-3\/juntas-de-transicao-entre-cabos-unipolares\/","name":"Juntas de transi\u00e7\u00e3o entre cabos unipolares | Raytech","isPartOf":{"@id":"https:\/\/svilupporaytech.com\/#website"},"primaryImageOfPage":{"@id":"https:\/\/svilupporaytech.com\/pt-pt\/produto\/media-tensao\/terminais-e-juntas-termorretracteis-ate-36-kv\/juntas-pt-pt-3\/juntas-de-transicao-entre-cabos-unipolares\/#primaryimage"},"image":{"@id":"https:\/\/svilupporaytech.com\/pt-pt\/produto\/media-tensao\/terminais-e-juntas-termorretracteis-ate-36-kv\/juntas-pt-pt-3\/juntas-de-transicao-entre-cabos-unipolares\/#primaryimage"},"thumbnailUrl":"https:\/\/svilupporaytech.com\/wp-content\/uploads\/giunti-di-transizione_c-u.jpg","datePublished":"2016-01-28T09:16:35+00:00","dateModified":"2019-08-02T10:11:06+00:00","breadcrumb":{"@id":"https:\/\/svilupporaytech.com\/pt-pt\/produto\/media-tensao\/terminais-e-juntas-termorretracteis-ate-36-kv\/juntas-pt-pt-3\/juntas-de-transicao-entre-cabos-unipolares\/#breadcrumb"},"inLanguage":"pt-PT","potentialAction":[{"@type":"ReadAction","target":["https:\/\/svilupporaytech.com\/pt-pt\/produto\/media-tensao\/terminais-e-juntas-termorretracteis-ate-36-kv\/juntas-pt-pt-3\/juntas-de-transicao-entre-cabos-unipolares\/"]}]},{"@type":"ImageObject","inLanguage":"pt-PT","@id":"https:\/\/svilupporaytech.com\/pt-pt\/produto\/media-tensao\/terminais-e-juntas-termorretracteis-ate-36-kv\/juntas-pt-pt-3\/juntas-de-transicao-entre-cabos-unipolares\/#primaryimage","url":"https:\/\/svilupporaytech.com\/wp-content\/uploads\/giunti-di-transizione_c-u.jpg","contentUrl":"https:\/\/svilupporaytech.com\/wp-content\/uploads\/giunti-di-transizione_c-u.jpg","width":1024,"height":1024},{"@type":"BreadcrumbList","@id":"https:\/\/svilupporaytech.com\/pt-pt\/produto\/media-tensao\/terminais-e-juntas-termorretracteis-ate-36-kv\/juntas-pt-pt-3\/juntas-de-transicao-entre-cabos-unipolares\/#breadcrumb","itemListElement":[{"@type":"ListItem","position":1,"name":"Home","item":"https:\/\/svilupporaytech.com\/pt-pt\/"},{"@type":"ListItem","position":2,"name":"Loja","item":"https:\/\/svilupporaytech.com\/pt-pt\/loja\/"},{"@type":"ListItem","position":3,"name":"Juntas de transi\u00e7\u00e3o entre cabos unipolares"}]},{"@type":"WebSite","@id":"https:\/\/svilupporaytech.com\/#website","url":"https:\/\/svilupporaytech.com\/","name":"Raytech","description":"Cable accessories company","potentialAction":[{"@type":"SearchAction","target":{"@type":"EntryPoint","urlTemplate":"https:\/\/svilupporaytech.com\/?s={search_term_string}"},"query-input":"required name=search_term_string"}],"inLanguage":"pt-PT"}]}},"_links":{"self":[{"href":"https:\/\/svilupporaytech.com\/pt-pt\/wp-json\/wp\/v2\/product\/8514"}],"collection":[{"href":"https:\/\/svilupporaytech.com\/pt-pt\/wp-json\/wp\/v2\/product"}],"about":[{"href":"https:\/\/svilupporaytech.com\/pt-pt\/wp-json\/wp\/v2\/types\/product"}],"wp:featuredmedia":[{"embeddable":true,"href":"https:\/\/svilupporaytech.com\/pt-pt\/wp-json\/wp\/v2\/media\/17794"}],"wp:attachment":[{"href":"https:\/\/svilupporaytech.com\/pt-pt\/wp-json\/wp\/v2\/media?parent=8514"}],"wp:term":[{"taxonomy":"product_cat","embeddable":true,"href":"https:\/\/svilupporaytech.com\/pt-pt\/wp-json\/wp\/v2\/product_cat?post=8514"},{"taxonomy":"product_tag","embeddable":true,"href":"https:\/\/svilupporaytech.com\/pt-pt\/wp-json\/wp\/v2\/product_tag?post=8514"}],"curies":[{"name":"wp","href":"https:\/\/api.w.org\/{rel}","templated":true}]}}