{"id":8519,"date":"2015-09-15T11:37:22","date_gmt":"2016-01-28T09:46:36","guid":{"rendered":"http:\/\/raytech.it\/?post_type=product&#038;p=8519&#038;lang=pt-pt"},"modified":"2016-01-28T09:47:22","modified_gmt":"2016-01-28T09:47:22","slug":"juntas-termorretracteis-para-alta-tensao-72-kv","status":"publish","type":"product","link":"https:\/\/svilupporaytech.com\/pt-pt\/produto\/media-tensao\/termorretracteis-72-kv\/juntas-pt-pt-2\/juntas-termorretracteis-para-alta-tensao-72-kv\/","title":{"rendered":"Juntas termorretr\u00e1cteis para alta tens\u00e3o 72 kV"},"content":{"rendered":"<p><strong>FIABILIDADE<\/strong><br \/>\nA simplicidade e leveza das juntas termorretr\u00e1cteis para alta tens\u00e3o fazem destas um acess\u00f3rio de elevada fiabilidade.<\/p>\n<p><strong>CONECTOR DE PARAFUSO<\/strong><br \/>\nPara estas juntas \u00e9 previsto um conector de parafuso especial que permite juntar condutores de grande sec\u00e7\u00e3o sem ferramentas especiais e sem tratamentos t\u00e9rmicos. Os parafusos t\u00eam uma cabe\u00e7a predeterminada que garante uma liga\u00e7\u00e3o el\u00e9trica perfeita.<\/p>\n<p><strong>CONTROLO DO CAMPO EL\u00c9TRICO<\/strong><br \/>\nAcima do conector e nas extremidades do semicondutor do cabo, \u00e9 aplicada uma manga com propriedades de controlo do campo el\u00e9trico. Este tubo termo-retr\u00e1til \u00e9 condutivo ao centro para blindar o conector (sistema de Faraday). O tubo de controlo do campo, que cobre o diel\u00e9trico dos cabos, acompanha as suas dilata\u00e7\u00f5es devido aos ciclos de carga.<\/p>\n<p><strong>TECNOLOGIA AVAN\u00c7ADA<\/strong><br \/>\nO isolamento e a blindagem obt\u00eam-se com dois tubos elastom\u00e9ricos termorretr\u00e1cteis de dupla parede. O tubo interior \u00e9 formado por duas paredes coextrudidas de material isolante (vermelho). O tubo externo \u00e9 formado por uma parede isolante (vermelha) coextrudida com a parte preta condutores que se comporta como blindagem da junta. A parede externa do tubo coextrudido \u00e9 termo-retr\u00e1til, enquanto a parte interna \u00e9 um elast\u00f3mero mantido de forma expandida gra\u00e7as \u00e0 \u00edntima reuni\u00e3o com a parte externa. A aplica\u00e7\u00e3o do calor na parte externa faz com que esta se contraia at\u00e9 um di\u00e2metro predeterminado, permitindo, ao mesmo tempo, \u00e0 parte interna adaptar-se perfeitamente \u00e0 camada inferior.<\/p>\n","protected":false},"excerpt":{"rendered":"<p>FIABILIDADE A simplicidade e leveza das juntas termorretr\u00e1cteis para alta tens\u00e3o fazem destas um acess\u00f3rio de elevada fiabilidade. CONECTOR DE PARAFUSO Para estas juntas \u00e9 previsto um conector de parafuso<span class=\"excerpt-hellip\"> [\u2026]<\/span><\/p>\n","protected":false},"featured_media":4749,"template":"","meta":[],"product_cat":[356,361,449],"product_tag":[],"yoast_head":"<!-- This site is optimized with the Yoast SEO plugin v22.7 - https:\/\/yoast.com\/wordpress\/plugins\/seo\/ -->\n<title>Juntas termorretr\u00e1cteis para alta tens\u00e3o 72 kV | Raytech<\/title>\n<meta name=\"robots\" content=\"index, follow, max-snippet:-1, max-image-preview:large, max-video-preview:-1\" \/>\n<link rel=\"canonical\" href=\"https:\/\/svilupporaytech.com\/pt-pt\/produto\/media-tensao\/termorretracteis-72-kv\/juntas-pt-pt-2\/juntas-termorretracteis-para-alta-tensao-72-kv\/\" \/>\n<meta property=\"og:locale\" content=\"pt_PT\" \/>\n<meta property=\"og:type\" content=\"article\" \/>\n<meta property=\"og:title\" content=\"Juntas termorretr\u00e1cteis para alta tens\u00e3o 72 kV | Raytech\" \/>\n<meta property=\"og:description\" content=\"FIABILIDADE A simplicidade e leveza das juntas termorretr\u00e1cteis para alta tens\u00e3o fazem destas um acess\u00f3rio de elevada fiabilidade. CONECTOR DE PARAFUSO Para estas juntas \u00e9 previsto um conector de parafuso [\u2026]\" \/>\n<meta property=\"og:url\" content=\"https:\/\/svilupporaytech.com\/pt-pt\/produto\/media-tensao\/termorretracteis-72-kv\/juntas-pt-pt-2\/juntas-termorretracteis-para-alta-tensao-72-kv\/\" \/>\n<meta property=\"og:site_name\" content=\"Raytech\" \/>\n<meta property=\"article:modified_time\" content=\"2016-01-28T09:47:22+00:00\" \/>\n<meta property=\"og:image\" content=\"https:\/\/svilupporaytech.com\/wp-content\/uploads\/Giunzioni-termorestringenti-per-alta-tensione-72-kV-1.jpg\" \/>\n\t<meta property=\"og:image:width\" content=\"1024\" \/>\n\t<meta property=\"og:image:height\" content=\"1024\" \/>\n\t<meta property=\"og:image:type\" content=\"image\/jpeg\" \/>\n<meta name=\"twitter:card\" content=\"summary_large_image\" \/>\n<meta name=\"twitter:label1\" content=\"Tempo estimado de leitura\" \/>\n\t<meta name=\"twitter:data1\" content=\"1 minuto\" \/>\n<script type=\"application\/ld+json\" class=\"yoast-schema-graph\">{\"@context\":\"https:\/\/schema.org\",\"@graph\":[{\"@type\":\"WebPage\",\"@id\":\"https:\/\/svilupporaytech.com\/pt-pt\/produto\/media-tensao\/termorretracteis-72-kv\/juntas-pt-pt-2\/juntas-termorretracteis-para-alta-tensao-72-kv\/\",\"url\":\"https:\/\/svilupporaytech.com\/pt-pt\/produto\/media-tensao\/termorretracteis-72-kv\/juntas-pt-pt-2\/juntas-termorretracteis-para-alta-tensao-72-kv\/\",\"name\":\"Juntas termorretr\u00e1cteis para alta tens\u00e3o 72 kV | Raytech\",\"isPartOf\":{\"@id\":\"https:\/\/svilupporaytech.com\/#website\"},\"primaryImageOfPage\":{\"@id\":\"https:\/\/svilupporaytech.com\/pt-pt\/produto\/media-tensao\/termorretracteis-72-kv\/juntas-pt-pt-2\/juntas-termorretracteis-para-alta-tensao-72-kv\/#primaryimage\"},\"image\":{\"@id\":\"https:\/\/svilupporaytech.com\/pt-pt\/produto\/media-tensao\/termorretracteis-72-kv\/juntas-pt-pt-2\/juntas-termorretracteis-para-alta-tensao-72-kv\/#primaryimage\"},\"thumbnailUrl\":\"https:\/\/svilupporaytech.com\/wp-content\/uploads\/Giunzioni-termorestringenti-per-alta-tensione-72-kV-1.jpg\",\"datePublished\":\"2016-01-28T09:46:36+00:00\",\"dateModified\":\"2016-01-28T09:47:22+00:00\",\"breadcrumb\":{\"@id\":\"https:\/\/svilupporaytech.com\/pt-pt\/produto\/media-tensao\/termorretracteis-72-kv\/juntas-pt-pt-2\/juntas-termorretracteis-para-alta-tensao-72-kv\/#breadcrumb\"},\"inLanguage\":\"pt-PT\",\"potentialAction\":[{\"@type\":\"ReadAction\",\"target\":[\"https:\/\/svilupporaytech.com\/pt-pt\/produto\/media-tensao\/termorretracteis-72-kv\/juntas-pt-pt-2\/juntas-termorretracteis-para-alta-tensao-72-kv\/\"]}]},{\"@type\":\"ImageObject\",\"inLanguage\":\"pt-PT\",\"@id\":\"https:\/\/svilupporaytech.com\/pt-pt\/produto\/media-tensao\/termorretracteis-72-kv\/juntas-pt-pt-2\/juntas-termorretracteis-para-alta-tensao-72-kv\/#primaryimage\",\"url\":\"https:\/\/svilupporaytech.com\/wp-content\/uploads\/Giunzioni-termorestringenti-per-alta-tensione-72-kV-1.jpg\",\"contentUrl\":\"https:\/\/svilupporaytech.com\/wp-content\/uploads\/Giunzioni-termorestringenti-per-alta-tensione-72-kV-1.jpg\",\"width\":1024,\"height\":1024},{\"@type\":\"BreadcrumbList\",\"@id\":\"https:\/\/svilupporaytech.com\/pt-pt\/produto\/media-tensao\/termorretracteis-72-kv\/juntas-pt-pt-2\/juntas-termorretracteis-para-alta-tensao-72-kv\/#breadcrumb\",\"itemListElement\":[{\"@type\":\"ListItem\",\"position\":1,\"name\":\"Home\",\"item\":\"https:\/\/svilupporaytech.com\/pt-pt\/\"},{\"@type\":\"ListItem\",\"position\":2,\"name\":\"Loja\",\"item\":\"https:\/\/svilupporaytech.com\/pt-pt\/loja\/\"},{\"@type\":\"ListItem\",\"position\":3,\"name\":\"Juntas termorretr\u00e1cteis para alta tens\u00e3o 72 kV\"}]},{\"@type\":\"WebSite\",\"@id\":\"https:\/\/svilupporaytech.com\/#website\",\"url\":\"https:\/\/svilupporaytech.com\/\",\"name\":\"Raytech\",\"description\":\"Cable accessories company\",\"potentialAction\":[{\"@type\":\"SearchAction\",\"target\":{\"@type\":\"EntryPoint\",\"urlTemplate\":\"https:\/\/svilupporaytech.com\/?s={search_term_string}\"},\"query-input\":\"required name=search_term_string\"}],\"inLanguage\":\"pt-PT\"}]}<\/script>\n<!-- \/ Yoast SEO plugin. -->","yoast_head_json":{"title":"Juntas termorretr\u00e1cteis para alta tens\u00e3o 72 kV | Raytech","robots":{"index":"index","follow":"follow","max-snippet":"max-snippet:-1","max-image-preview":"max-image-preview:large","max-video-preview":"max-video-preview:-1"},"canonical":"https:\/\/svilupporaytech.com\/pt-pt\/produto\/media-tensao\/termorretracteis-72-kv\/juntas-pt-pt-2\/juntas-termorretracteis-para-alta-tensao-72-kv\/","og_locale":"pt_PT","og_type":"article","og_title":"Juntas termorretr\u00e1cteis para alta tens\u00e3o 72 kV | Raytech","og_description":"FIABILIDADE A simplicidade e leveza das juntas termorretr\u00e1cteis para alta tens\u00e3o fazem destas um acess\u00f3rio de elevada fiabilidade. CONECTOR DE PARAFUSO Para estas juntas \u00e9 previsto um conector de parafuso [\u2026]","og_url":"https:\/\/svilupporaytech.com\/pt-pt\/produto\/media-tensao\/termorretracteis-72-kv\/juntas-pt-pt-2\/juntas-termorretracteis-para-alta-tensao-72-kv\/","og_site_name":"Raytech","article_modified_time":"2016-01-28T09:47:22+00:00","og_image":[{"width":1024,"height":1024,"url":"https:\/\/svilupporaytech.com\/wp-content\/uploads\/Giunzioni-termorestringenti-per-alta-tensione-72-kV-1.jpg","type":"image\/jpeg"}],"twitter_card":"summary_large_image","twitter_misc":{"Tempo estimado de leitura":"1 minuto"},"schema":{"@context":"https:\/\/schema.org","@graph":[{"@type":"WebPage","@id":"https:\/\/svilupporaytech.com\/pt-pt\/produto\/media-tensao\/termorretracteis-72-kv\/juntas-pt-pt-2\/juntas-termorretracteis-para-alta-tensao-72-kv\/","url":"https:\/\/svilupporaytech.com\/pt-pt\/produto\/media-tensao\/termorretracteis-72-kv\/juntas-pt-pt-2\/juntas-termorretracteis-para-alta-tensao-72-kv\/","name":"Juntas termorretr\u00e1cteis para alta tens\u00e3o 72 kV | Raytech","isPartOf":{"@id":"https:\/\/svilupporaytech.com\/#website"},"primaryImageOfPage":{"@id":"https:\/\/svilupporaytech.com\/pt-pt\/produto\/media-tensao\/termorretracteis-72-kv\/juntas-pt-pt-2\/juntas-termorretracteis-para-alta-tensao-72-kv\/#primaryimage"},"image":{"@id":"https:\/\/svilupporaytech.com\/pt-pt\/produto\/media-tensao\/termorretracteis-72-kv\/juntas-pt-pt-2\/juntas-termorretracteis-para-alta-tensao-72-kv\/#primaryimage"},"thumbnailUrl":"https:\/\/svilupporaytech.com\/wp-content\/uploads\/Giunzioni-termorestringenti-per-alta-tensione-72-kV-1.jpg","datePublished":"2016-01-28T09:46:36+00:00","dateModified":"2016-01-28T09:47:22+00:00","breadcrumb":{"@id":"https:\/\/svilupporaytech.com\/pt-pt\/produto\/media-tensao\/termorretracteis-72-kv\/juntas-pt-pt-2\/juntas-termorretracteis-para-alta-tensao-72-kv\/#breadcrumb"},"inLanguage":"pt-PT","potentialAction":[{"@type":"ReadAction","target":["https:\/\/svilupporaytech.com\/pt-pt\/produto\/media-tensao\/termorretracteis-72-kv\/juntas-pt-pt-2\/juntas-termorretracteis-para-alta-tensao-72-kv\/"]}]},{"@type":"ImageObject","inLanguage":"pt-PT","@id":"https:\/\/svilupporaytech.com\/pt-pt\/produto\/media-tensao\/termorretracteis-72-kv\/juntas-pt-pt-2\/juntas-termorretracteis-para-alta-tensao-72-kv\/#primaryimage","url":"https:\/\/svilupporaytech.com\/wp-content\/uploads\/Giunzioni-termorestringenti-per-alta-tensione-72-kV-1.jpg","contentUrl":"https:\/\/svilupporaytech.com\/wp-content\/uploads\/Giunzioni-termorestringenti-per-alta-tensione-72-kV-1.jpg","width":1024,"height":1024},{"@type":"BreadcrumbList","@id":"https:\/\/svilupporaytech.com\/pt-pt\/produto\/media-tensao\/termorretracteis-72-kv\/juntas-pt-pt-2\/juntas-termorretracteis-para-alta-tensao-72-kv\/#breadcrumb","itemListElement":[{"@type":"ListItem","position":1,"name":"Home","item":"https:\/\/svilupporaytech.com\/pt-pt\/"},{"@type":"ListItem","position":2,"name":"Loja","item":"https:\/\/svilupporaytech.com\/pt-pt\/loja\/"},{"@type":"ListItem","position":3,"name":"Juntas termorretr\u00e1cteis para alta tens\u00e3o 72 kV"}]},{"@type":"WebSite","@id":"https:\/\/svilupporaytech.com\/#website","url":"https:\/\/svilupporaytech.com\/","name":"Raytech","description":"Cable accessories company","potentialAction":[{"@type":"SearchAction","target":{"@type":"EntryPoint","urlTemplate":"https:\/\/svilupporaytech.com\/?s={search_term_string}"},"query-input":"required name=search_term_string"}],"inLanguage":"pt-PT"}]}},"_links":{"self":[{"href":"https:\/\/svilupporaytech.com\/pt-pt\/wp-json\/wp\/v2\/product\/8519"}],"collection":[{"href":"https:\/\/svilupporaytech.com\/pt-pt\/wp-json\/wp\/v2\/product"}],"about":[{"href":"https:\/\/svilupporaytech.com\/pt-pt\/wp-json\/wp\/v2\/types\/product"}],"wp:featuredmedia":[{"embeddable":true,"href":"https:\/\/svilupporaytech.com\/pt-pt\/wp-json\/wp\/v2\/media\/4749"}],"wp:attachment":[{"href":"https:\/\/svilupporaytech.com\/pt-pt\/wp-json\/wp\/v2\/media?parent=8519"}],"wp:term":[{"taxonomy":"product_cat","embeddable":true,"href":"https:\/\/svilupporaytech.com\/pt-pt\/wp-json\/wp\/v2\/product_cat?post=8519"},{"taxonomy":"product_tag","embeddable":true,"href":"https:\/\/svilupporaytech.com\/pt-pt\/wp-json\/wp\/v2\/product_tag?post=8519"}],"curies":[{"name":"wp","href":"https:\/\/api.w.org\/{rel}","templated":true}]}}