{"id":8521,"date":"2015-09-15T11:42:49","date_gmt":"2016-01-28T09:53:10","guid":{"rendered":"http:\/\/raytech.it\/?post_type=product&#038;p=8521&#038;lang=pt-pt"},"modified":"2016-01-28T09:53:10","modified_gmt":"2016-01-28T09:53:10","slug":"terminais-unipolares-desconectaveis-630-a","status":"publish","type":"product","link":"https:\/\/svilupporaytech.com\/pt-pt\/produto\/media-tensao\/desconectaveis\/terminais-unipolares-desconectaveis-630-a\/","title":{"rendered":"Terminais unipolares desconect\u00e1veis 630 A"},"content":{"rendered":"<p><strong>de cone externo com parafuso de contacto In=630\/800\/1250 A<\/strong><\/p>\n<h4><span style=\"color: #004f9f;\">Desconect\u00e1veis para cabos MT em campo de radiais extrudidos, para tens\u00f5es at\u00e9 19\/33 (36) kV<\/span><\/h4>\n<p>Terminais unipolares desconect\u00e1veis com parafuso de contacto, para cabo extrudido. O revestimento externo em borracha semicondutiva protege o pessoal contra eletrocuss\u00f5es. Cada terminal \u00e9 testado em f\u00e1brica antes de ser enviado, com teste de reten\u00e7\u00e3o diel\u00e9trica e medi\u00e7\u00e3o de descargas parciais.<\/p>\n","protected":false},"excerpt":{"rendered":"<p>de cone externo com parafuso de contacto In=630\/800\/1250 A Desconect\u00e1veis para cabos MT em campo de radiais extrudidos, para tens\u00f5es at\u00e9 19\/33 (36) kV Terminais unipolares desconect\u00e1veis com parafuso de<span class=\"excerpt-hellip\"> [\u2026]<\/span><\/p>\n","protected":false},"featured_media":2442,"template":"","meta":[],"product_cat":[356,359],"product_tag":[],"yoast_head":"<!-- This site is optimized with the Yoast SEO plugin v22.7 - https:\/\/yoast.com\/wordpress\/plugins\/seo\/ -->\n<title>Terminais unipolares desconect\u00e1veis 630 A | Raytech<\/title>\n<meta name=\"robots\" content=\"index, follow, max-snippet:-1, max-image-preview:large, max-video-preview:-1\" \/>\n<link rel=\"canonical\" href=\"https:\/\/svilupporaytech.com\/pt-pt\/produto\/media-tensao\/desconectaveis\/terminais-unipolares-desconectaveis-630-a\/\" \/>\n<meta property=\"og:locale\" content=\"pt_PT\" \/>\n<meta property=\"og:type\" content=\"article\" \/>\n<meta property=\"og:title\" content=\"Terminais unipolares desconect\u00e1veis 630 A | Raytech\" \/>\n<meta property=\"og:description\" content=\"de cone externo com parafuso de contacto In=630\/800\/1250 A Desconect\u00e1veis para cabos MT em campo de radiais extrudidos, para tens\u00f5es at\u00e9 19\/33 (36) kV Terminais unipolares desconect\u00e1veis com parafuso de [\u2026]\" \/>\n<meta property=\"og:url\" content=\"https:\/\/svilupporaytech.com\/pt-pt\/produto\/media-tensao\/desconectaveis\/terminais-unipolares-desconectaveis-630-a\/\" \/>\n<meta property=\"og:site_name\" content=\"Raytech\" \/>\n<meta property=\"og:image\" content=\"https:\/\/svilupporaytech.com\/wp-content\/uploads\/sconnettibili-con-vite.jpg\" \/>\n\t<meta property=\"og:image:width\" content=\"1024\" \/>\n\t<meta property=\"og:image:height\" content=\"1024\" \/>\n\t<meta property=\"og:image:type\" content=\"image\/jpeg\" \/>\n<meta name=\"twitter:card\" content=\"summary_large_image\" \/>\n<script type=\"application\/ld+json\" class=\"yoast-schema-graph\">{\"@context\":\"https:\/\/schema.org\",\"@graph\":[{\"@type\":\"WebPage\",\"@id\":\"https:\/\/svilupporaytech.com\/pt-pt\/produto\/media-tensao\/desconectaveis\/terminais-unipolares-desconectaveis-630-a\/\",\"url\":\"https:\/\/svilupporaytech.com\/pt-pt\/produto\/media-tensao\/desconectaveis\/terminais-unipolares-desconectaveis-630-a\/\",\"name\":\"Terminais unipolares desconect\u00e1veis 630 A | Raytech\",\"isPartOf\":{\"@id\":\"https:\/\/svilupporaytech.com\/#website\"},\"primaryImageOfPage\":{\"@id\":\"https:\/\/svilupporaytech.com\/pt-pt\/produto\/media-tensao\/desconectaveis\/terminais-unipolares-desconectaveis-630-a\/#primaryimage\"},\"image\":{\"@id\":\"https:\/\/svilupporaytech.com\/pt-pt\/produto\/media-tensao\/desconectaveis\/terminais-unipolares-desconectaveis-630-a\/#primaryimage\"},\"thumbnailUrl\":\"https:\/\/svilupporaytech.com\/wp-content\/uploads\/sconnettibili-con-vite.jpg\",\"datePublished\":\"2016-01-28T09:53:10+00:00\",\"dateModified\":\"2016-01-28T09:53:10+00:00\",\"breadcrumb\":{\"@id\":\"https:\/\/svilupporaytech.com\/pt-pt\/produto\/media-tensao\/desconectaveis\/terminais-unipolares-desconectaveis-630-a\/#breadcrumb\"},\"inLanguage\":\"pt-PT\",\"potentialAction\":[{\"@type\":\"ReadAction\",\"target\":[\"https:\/\/svilupporaytech.com\/pt-pt\/produto\/media-tensao\/desconectaveis\/terminais-unipolares-desconectaveis-630-a\/\"]}]},{\"@type\":\"ImageObject\",\"inLanguage\":\"pt-PT\",\"@id\":\"https:\/\/svilupporaytech.com\/pt-pt\/produto\/media-tensao\/desconectaveis\/terminais-unipolares-desconectaveis-630-a\/#primaryimage\",\"url\":\"https:\/\/svilupporaytech.com\/wp-content\/uploads\/sconnettibili-con-vite.jpg\",\"contentUrl\":\"https:\/\/svilupporaytech.com\/wp-content\/uploads\/sconnettibili-con-vite.jpg\",\"width\":1024,\"height\":1024},{\"@type\":\"BreadcrumbList\",\"@id\":\"https:\/\/svilupporaytech.com\/pt-pt\/produto\/media-tensao\/desconectaveis\/terminais-unipolares-desconectaveis-630-a\/#breadcrumb\",\"itemListElement\":[{\"@type\":\"ListItem\",\"position\":1,\"name\":\"Home\",\"item\":\"https:\/\/svilupporaytech.com\/pt-pt\/\"},{\"@type\":\"ListItem\",\"position\":2,\"name\":\"Loja\",\"item\":\"https:\/\/svilupporaytech.com\/pt-pt\/loja\/\"},{\"@type\":\"ListItem\",\"position\":3,\"name\":\"Terminais unipolares desconect\u00e1veis 630 A\"}]},{\"@type\":\"WebSite\",\"@id\":\"https:\/\/svilupporaytech.com\/#website\",\"url\":\"https:\/\/svilupporaytech.com\/\",\"name\":\"Raytech\",\"description\":\"Cable accessories company\",\"potentialAction\":[{\"@type\":\"SearchAction\",\"target\":{\"@type\":\"EntryPoint\",\"urlTemplate\":\"https:\/\/svilupporaytech.com\/?s={search_term_string}\"},\"query-input\":\"required name=search_term_string\"}],\"inLanguage\":\"pt-PT\"}]}<\/script>\n<!-- \/ Yoast SEO plugin. -->","yoast_head_json":{"title":"Terminais unipolares desconect\u00e1veis 630 A | Raytech","robots":{"index":"index","follow":"follow","max-snippet":"max-snippet:-1","max-image-preview":"max-image-preview:large","max-video-preview":"max-video-preview:-1"},"canonical":"https:\/\/svilupporaytech.com\/pt-pt\/produto\/media-tensao\/desconectaveis\/terminais-unipolares-desconectaveis-630-a\/","og_locale":"pt_PT","og_type":"article","og_title":"Terminais unipolares desconect\u00e1veis 630 A | Raytech","og_description":"de cone externo com parafuso de contacto In=630\/800\/1250 A Desconect\u00e1veis para cabos MT em campo de radiais extrudidos, para tens\u00f5es at\u00e9 19\/33 (36) kV Terminais unipolares desconect\u00e1veis com parafuso de [\u2026]","og_url":"https:\/\/svilupporaytech.com\/pt-pt\/produto\/media-tensao\/desconectaveis\/terminais-unipolares-desconectaveis-630-a\/","og_site_name":"Raytech","og_image":[{"width":1024,"height":1024,"url":"https:\/\/svilupporaytech.com\/wp-content\/uploads\/sconnettibili-con-vite.jpg","type":"image\/jpeg"}],"twitter_card":"summary_large_image","schema":{"@context":"https:\/\/schema.org","@graph":[{"@type":"WebPage","@id":"https:\/\/svilupporaytech.com\/pt-pt\/produto\/media-tensao\/desconectaveis\/terminais-unipolares-desconectaveis-630-a\/","url":"https:\/\/svilupporaytech.com\/pt-pt\/produto\/media-tensao\/desconectaveis\/terminais-unipolares-desconectaveis-630-a\/","name":"Terminais unipolares desconect\u00e1veis 630 A | Raytech","isPartOf":{"@id":"https:\/\/svilupporaytech.com\/#website"},"primaryImageOfPage":{"@id":"https:\/\/svilupporaytech.com\/pt-pt\/produto\/media-tensao\/desconectaveis\/terminais-unipolares-desconectaveis-630-a\/#primaryimage"},"image":{"@id":"https:\/\/svilupporaytech.com\/pt-pt\/produto\/media-tensao\/desconectaveis\/terminais-unipolares-desconectaveis-630-a\/#primaryimage"},"thumbnailUrl":"https:\/\/svilupporaytech.com\/wp-content\/uploads\/sconnettibili-con-vite.jpg","datePublished":"2016-01-28T09:53:10+00:00","dateModified":"2016-01-28T09:53:10+00:00","breadcrumb":{"@id":"https:\/\/svilupporaytech.com\/pt-pt\/produto\/media-tensao\/desconectaveis\/terminais-unipolares-desconectaveis-630-a\/#breadcrumb"},"inLanguage":"pt-PT","potentialAction":[{"@type":"ReadAction","target":["https:\/\/svilupporaytech.com\/pt-pt\/produto\/media-tensao\/desconectaveis\/terminais-unipolares-desconectaveis-630-a\/"]}]},{"@type":"ImageObject","inLanguage":"pt-PT","@id":"https:\/\/svilupporaytech.com\/pt-pt\/produto\/media-tensao\/desconectaveis\/terminais-unipolares-desconectaveis-630-a\/#primaryimage","url":"https:\/\/svilupporaytech.com\/wp-content\/uploads\/sconnettibili-con-vite.jpg","contentUrl":"https:\/\/svilupporaytech.com\/wp-content\/uploads\/sconnettibili-con-vite.jpg","width":1024,"height":1024},{"@type":"BreadcrumbList","@id":"https:\/\/svilupporaytech.com\/pt-pt\/produto\/media-tensao\/desconectaveis\/terminais-unipolares-desconectaveis-630-a\/#breadcrumb","itemListElement":[{"@type":"ListItem","position":1,"name":"Home","item":"https:\/\/svilupporaytech.com\/pt-pt\/"},{"@type":"ListItem","position":2,"name":"Loja","item":"https:\/\/svilupporaytech.com\/pt-pt\/loja\/"},{"@type":"ListItem","position":3,"name":"Terminais unipolares desconect\u00e1veis 630 A"}]},{"@type":"WebSite","@id":"https:\/\/svilupporaytech.com\/#website","url":"https:\/\/svilupporaytech.com\/","name":"Raytech","description":"Cable accessories company","potentialAction":[{"@type":"SearchAction","target":{"@type":"EntryPoint","urlTemplate":"https:\/\/svilupporaytech.com\/?s={search_term_string}"},"query-input":"required name=search_term_string"}],"inLanguage":"pt-PT"}]}},"_links":{"self":[{"href":"https:\/\/svilupporaytech.com\/pt-pt\/wp-json\/wp\/v2\/product\/8521"}],"collection":[{"href":"https:\/\/svilupporaytech.com\/pt-pt\/wp-json\/wp\/v2\/product"}],"about":[{"href":"https:\/\/svilupporaytech.com\/pt-pt\/wp-json\/wp\/v2\/types\/product"}],"wp:featuredmedia":[{"embeddable":true,"href":"https:\/\/svilupporaytech.com\/pt-pt\/wp-json\/wp\/v2\/media\/2442"}],"wp:attachment":[{"href":"https:\/\/svilupporaytech.com\/pt-pt\/wp-json\/wp\/v2\/media?parent=8521"}],"wp:term":[{"taxonomy":"product_cat","embeddable":true,"href":"https:\/\/svilupporaytech.com\/pt-pt\/wp-json\/wp\/v2\/product_cat?post=8521"},{"taxonomy":"product_tag","embeddable":true,"href":"https:\/\/svilupporaytech.com\/pt-pt\/wp-json\/wp\/v2\/product_tag?post=8521"}],"curies":[{"name":"wp","href":"https:\/\/api.w.org\/{rel}","templated":true}]}}