{"id":8523,"date":"2015-09-15T11:53:50","date_gmt":"2016-01-28T10:24:04","guid":{"rendered":"http:\/\/raytech.it\/?post_type=product&#038;p=8523&#038;lang=pt-pt"},"modified":"2019-08-29T12:09:24","modified_gmt":"2019-08-29T12:09:24","slug":"fitas-termorretracteis-hvbt","status":"publish","type":"product","link":"https:\/\/svilupporaytech.com\/pt-pt\/produto\/media-tensao\/mangas-e-fitas-para-isolamento\/fitas-termorretracteis-hvbt\/","title":{"rendered":"Fitas termorretr\u00e1cteis HVBT"},"content":{"rendered":"<h4><span style=\"color: #0069b4;\">Fitas termorretr\u00e1cteis<\/span><\/h4>\n<p>Fita HVBT termo-retr\u00e1til revestida com adesivo termofus\u00edvel para MT<\/p>\n<p><strong>APLICA\u00c7\u00c3O<\/strong><br \/>\nA fita HVBT faz parte da gama de produtos para o isolamento das barras. Trata-se de uma fita termo-retr\u00e1til com um lado termofus\u00edvel adesivo.<\/p>\n<p><strong>COLOCA\u00c7\u00c3O EM FUNCIONAMENTO<\/strong><br \/>\nA fita HVBT \u00e9 instalada enrolando-a na barra com excesso de 2\/3 moderadamente tenso. Quando aquecido, retrai-se e adere \u00e0 subcamada; em simult\u00e2neo, as camadas desta fita amalgamam-se para constituir uma manga isolante cont\u00ednua.<\/p>\n<p><strong>DIST\u00c2NCIA DE ISOLAMENTO<\/strong><br \/>\nConsultar a tabela na p\u00e1gina 179 (valores BPM) para determinar as dist\u00e2ncias entre barras e terra. A fita HVBT \u00e9 vendida em 4 larguras diferentes e \u00e9 revestida com adesiva no lado externo. Com cada rolo \u00e9 entregue uma fita adesiva em fibra de vidro, utilizada para bloquear a aplica\u00e7\u00e3o da fita.<\/p>\n","protected":false},"excerpt":{"rendered":"<p>Fitas termorretr\u00e1cteis Fita HVBT termo-retr\u00e1til revestida com adesivo termofus\u00edvel para MT APLICA\u00c7\u00c3O A fita HVBT faz parte da gama de produtos para o isolamento das barras. Trata-se de uma fita<span class=\"excerpt-hellip\"> [\u2026]<\/span><\/p>\n","protected":false},"featured_media":2477,"template":"","meta":[],"product_cat":[356,358],"product_tag":[],"yoast_head":"<!-- This site is optimized with the Yoast SEO plugin v22.7 - https:\/\/yoast.com\/wordpress\/plugins\/seo\/ -->\n<title>Fitas termorretr\u00e1cteis HVBT | Raytech<\/title>\n<meta name=\"robots\" content=\"index, follow, max-snippet:-1, max-image-preview:large, max-video-preview:-1\" \/>\n<link rel=\"canonical\" href=\"https:\/\/svilupporaytech.com\/pt-pt\/produto\/media-tensao\/mangas-e-fitas-para-isolamento\/fitas-termorretracteis-hvbt\/\" \/>\n<meta property=\"og:locale\" content=\"pt_PT\" \/>\n<meta property=\"og:type\" content=\"article\" \/>\n<meta property=\"og:title\" content=\"Fitas termorretr\u00e1cteis HVBT | Raytech\" \/>\n<meta property=\"og:description\" content=\"Fitas termorretr\u00e1cteis Fita HVBT termo-retr\u00e1til revestida com adesivo termofus\u00edvel para MT APLICA\u00c7\u00c3O A fita HVBT faz parte da gama de produtos para o isolamento das barras. Trata-se de uma fita [\u2026]\" \/>\n<meta property=\"og:url\" content=\"https:\/\/svilupporaytech.com\/pt-pt\/produto\/media-tensao\/mangas-e-fitas-para-isolamento\/fitas-termorretracteis-hvbt\/\" \/>\n<meta property=\"og:site_name\" content=\"Raytech\" \/>\n<meta property=\"article:modified_time\" content=\"2019-08-29T12:09:24+00:00\" \/>\n<meta property=\"og:image\" content=\"https:\/\/svilupporaytech.com\/wp-content\/uploads\/hvbt.jpg\" \/>\n\t<meta property=\"og:image:width\" content=\"1024\" \/>\n\t<meta property=\"og:image:height\" content=\"1024\" \/>\n\t<meta property=\"og:image:type\" content=\"image\/jpeg\" \/>\n<meta name=\"twitter:card\" content=\"summary_large_image\" \/>\n<meta name=\"twitter:label1\" content=\"Tempo estimado de leitura\" \/>\n\t<meta name=\"twitter:data1\" content=\"1 minuto\" \/>\n<script type=\"application\/ld+json\" class=\"yoast-schema-graph\">{\"@context\":\"https:\/\/schema.org\",\"@graph\":[{\"@type\":\"WebPage\",\"@id\":\"https:\/\/svilupporaytech.com\/pt-pt\/produto\/media-tensao\/mangas-e-fitas-para-isolamento\/fitas-termorretracteis-hvbt\/\",\"url\":\"https:\/\/svilupporaytech.com\/pt-pt\/produto\/media-tensao\/mangas-e-fitas-para-isolamento\/fitas-termorretracteis-hvbt\/\",\"name\":\"Fitas termorretr\u00e1cteis HVBT | Raytech\",\"isPartOf\":{\"@id\":\"https:\/\/svilupporaytech.com\/#website\"},\"primaryImageOfPage\":{\"@id\":\"https:\/\/svilupporaytech.com\/pt-pt\/produto\/media-tensao\/mangas-e-fitas-para-isolamento\/fitas-termorretracteis-hvbt\/#primaryimage\"},\"image\":{\"@id\":\"https:\/\/svilupporaytech.com\/pt-pt\/produto\/media-tensao\/mangas-e-fitas-para-isolamento\/fitas-termorretracteis-hvbt\/#primaryimage\"},\"thumbnailUrl\":\"https:\/\/svilupporaytech.com\/wp-content\/uploads\/hvbt.jpg\",\"datePublished\":\"2016-01-28T10:24:04+00:00\",\"dateModified\":\"2019-08-29T12:09:24+00:00\",\"breadcrumb\":{\"@id\":\"https:\/\/svilupporaytech.com\/pt-pt\/produto\/media-tensao\/mangas-e-fitas-para-isolamento\/fitas-termorretracteis-hvbt\/#breadcrumb\"},\"inLanguage\":\"pt-PT\",\"potentialAction\":[{\"@type\":\"ReadAction\",\"target\":[\"https:\/\/svilupporaytech.com\/pt-pt\/produto\/media-tensao\/mangas-e-fitas-para-isolamento\/fitas-termorretracteis-hvbt\/\"]}]},{\"@type\":\"ImageObject\",\"inLanguage\":\"pt-PT\",\"@id\":\"https:\/\/svilupporaytech.com\/pt-pt\/produto\/media-tensao\/mangas-e-fitas-para-isolamento\/fitas-termorretracteis-hvbt\/#primaryimage\",\"url\":\"https:\/\/svilupporaytech.com\/wp-content\/uploads\/hvbt.jpg\",\"contentUrl\":\"https:\/\/svilupporaytech.com\/wp-content\/uploads\/hvbt.jpg\",\"width\":1024,\"height\":1024},{\"@type\":\"BreadcrumbList\",\"@id\":\"https:\/\/svilupporaytech.com\/pt-pt\/produto\/media-tensao\/mangas-e-fitas-para-isolamento\/fitas-termorretracteis-hvbt\/#breadcrumb\",\"itemListElement\":[{\"@type\":\"ListItem\",\"position\":1,\"name\":\"Home\",\"item\":\"https:\/\/svilupporaytech.com\/pt-pt\/\"},{\"@type\":\"ListItem\",\"position\":2,\"name\":\"Loja\",\"item\":\"https:\/\/svilupporaytech.com\/pt-pt\/loja\/\"},{\"@type\":\"ListItem\",\"position\":3,\"name\":\"Fitas termorretr\u00e1cteis HVBT\"}]},{\"@type\":\"WebSite\",\"@id\":\"https:\/\/svilupporaytech.com\/#website\",\"url\":\"https:\/\/svilupporaytech.com\/\",\"name\":\"Raytech\",\"description\":\"Cable accessories company\",\"potentialAction\":[{\"@type\":\"SearchAction\",\"target\":{\"@type\":\"EntryPoint\",\"urlTemplate\":\"https:\/\/svilupporaytech.com\/?s={search_term_string}\"},\"query-input\":\"required name=search_term_string\"}],\"inLanguage\":\"pt-PT\"}]}<\/script>\n<!-- \/ Yoast SEO plugin. -->","yoast_head_json":{"title":"Fitas termorretr\u00e1cteis HVBT | Raytech","robots":{"index":"index","follow":"follow","max-snippet":"max-snippet:-1","max-image-preview":"max-image-preview:large","max-video-preview":"max-video-preview:-1"},"canonical":"https:\/\/svilupporaytech.com\/pt-pt\/produto\/media-tensao\/mangas-e-fitas-para-isolamento\/fitas-termorretracteis-hvbt\/","og_locale":"pt_PT","og_type":"article","og_title":"Fitas termorretr\u00e1cteis HVBT | Raytech","og_description":"Fitas termorretr\u00e1cteis Fita HVBT termo-retr\u00e1til revestida com adesivo termofus\u00edvel para MT APLICA\u00c7\u00c3O A fita HVBT faz parte da gama de produtos para o isolamento das barras. Trata-se de uma fita [\u2026]","og_url":"https:\/\/svilupporaytech.com\/pt-pt\/produto\/media-tensao\/mangas-e-fitas-para-isolamento\/fitas-termorretracteis-hvbt\/","og_site_name":"Raytech","article_modified_time":"2019-08-29T12:09:24+00:00","og_image":[{"width":1024,"height":1024,"url":"https:\/\/svilupporaytech.com\/wp-content\/uploads\/hvbt.jpg","type":"image\/jpeg"}],"twitter_card":"summary_large_image","twitter_misc":{"Tempo estimado de leitura":"1 minuto"},"schema":{"@context":"https:\/\/schema.org","@graph":[{"@type":"WebPage","@id":"https:\/\/svilupporaytech.com\/pt-pt\/produto\/media-tensao\/mangas-e-fitas-para-isolamento\/fitas-termorretracteis-hvbt\/","url":"https:\/\/svilupporaytech.com\/pt-pt\/produto\/media-tensao\/mangas-e-fitas-para-isolamento\/fitas-termorretracteis-hvbt\/","name":"Fitas termorretr\u00e1cteis HVBT | Raytech","isPartOf":{"@id":"https:\/\/svilupporaytech.com\/#website"},"primaryImageOfPage":{"@id":"https:\/\/svilupporaytech.com\/pt-pt\/produto\/media-tensao\/mangas-e-fitas-para-isolamento\/fitas-termorretracteis-hvbt\/#primaryimage"},"image":{"@id":"https:\/\/svilupporaytech.com\/pt-pt\/produto\/media-tensao\/mangas-e-fitas-para-isolamento\/fitas-termorretracteis-hvbt\/#primaryimage"},"thumbnailUrl":"https:\/\/svilupporaytech.com\/wp-content\/uploads\/hvbt.jpg","datePublished":"2016-01-28T10:24:04+00:00","dateModified":"2019-08-29T12:09:24+00:00","breadcrumb":{"@id":"https:\/\/svilupporaytech.com\/pt-pt\/produto\/media-tensao\/mangas-e-fitas-para-isolamento\/fitas-termorretracteis-hvbt\/#breadcrumb"},"inLanguage":"pt-PT","potentialAction":[{"@type":"ReadAction","target":["https:\/\/svilupporaytech.com\/pt-pt\/produto\/media-tensao\/mangas-e-fitas-para-isolamento\/fitas-termorretracteis-hvbt\/"]}]},{"@type":"ImageObject","inLanguage":"pt-PT","@id":"https:\/\/svilupporaytech.com\/pt-pt\/produto\/media-tensao\/mangas-e-fitas-para-isolamento\/fitas-termorretracteis-hvbt\/#primaryimage","url":"https:\/\/svilupporaytech.com\/wp-content\/uploads\/hvbt.jpg","contentUrl":"https:\/\/svilupporaytech.com\/wp-content\/uploads\/hvbt.jpg","width":1024,"height":1024},{"@type":"BreadcrumbList","@id":"https:\/\/svilupporaytech.com\/pt-pt\/produto\/media-tensao\/mangas-e-fitas-para-isolamento\/fitas-termorretracteis-hvbt\/#breadcrumb","itemListElement":[{"@type":"ListItem","position":1,"name":"Home","item":"https:\/\/svilupporaytech.com\/pt-pt\/"},{"@type":"ListItem","position":2,"name":"Loja","item":"https:\/\/svilupporaytech.com\/pt-pt\/loja\/"},{"@type":"ListItem","position":3,"name":"Fitas termorretr\u00e1cteis HVBT"}]},{"@type":"WebSite","@id":"https:\/\/svilupporaytech.com\/#website","url":"https:\/\/svilupporaytech.com\/","name":"Raytech","description":"Cable accessories company","potentialAction":[{"@type":"SearchAction","target":{"@type":"EntryPoint","urlTemplate":"https:\/\/svilupporaytech.com\/?s={search_term_string}"},"query-input":"required name=search_term_string"}],"inLanguage":"pt-PT"}]}},"_links":{"self":[{"href":"https:\/\/svilupporaytech.com\/pt-pt\/wp-json\/wp\/v2\/product\/8523"}],"collection":[{"href":"https:\/\/svilupporaytech.com\/pt-pt\/wp-json\/wp\/v2\/product"}],"about":[{"href":"https:\/\/svilupporaytech.com\/pt-pt\/wp-json\/wp\/v2\/types\/product"}],"wp:featuredmedia":[{"embeddable":true,"href":"https:\/\/svilupporaytech.com\/pt-pt\/wp-json\/wp\/v2\/media\/2477"}],"wp:attachment":[{"href":"https:\/\/svilupporaytech.com\/pt-pt\/wp-json\/wp\/v2\/media?parent=8523"}],"wp:term":[{"taxonomy":"product_cat","embeddable":true,"href":"https:\/\/svilupporaytech.com\/pt-pt\/wp-json\/wp\/v2\/product_cat?post=8523"},{"taxonomy":"product_tag","embeddable":true,"href":"https:\/\/svilupporaytech.com\/pt-pt\/wp-json\/wp\/v2\/product_tag?post=8523"}],"curies":[{"name":"wp","href":"https:\/\/api.w.org\/{rel}","templated":true}]}}