{"id":8525,"date":"2015-07-16T13:58:31","date_gmt":"2016-01-28T10:35:23","guid":{"rendered":"http:\/\/raytech.it\/?post_type=product&#038;p=8525&#038;lang=pt-pt"},"modified":"2019-12-21T17:22:38","modified_gmt":"2019-12-21T16:22:38","slug":"kit-anticongelamento-em-potencia-constante-com-termostato-e-ficha","status":"publish","type":"product","link":"https:\/\/svilupporaytech.com\/pt-pt\/produto\/cabos-de-aquecimento\/domesticos\/anticongelante-para-tubos\/potencia-constante-pt-pt-3\/kit-anticongelamento-em-potencia-constante-com-termostato-e-ficha\/","title":{"rendered":"Kit anticongelamento em pot\u00eancia constante com term\u00f3stato e ficha"},"content":{"rendered":"<h4><span style=\"color: #e3001a;\">Stop Ice<br \/>\nKit anticongelamento em pot\u00eancia constante com term\u00f3stato e ficha<\/span><\/h4>\n<p>Raytech Stop Ice \u00e9 um kit pronto a instalar inovador constitu\u00eddo por um cabo de aquecimento de pot\u00eancia constante de12 W\/m que inclui um term\u00f3stato de contacto (instalado no final do cabo de aquecimento) e um cabo de alimenta\u00e7\u00e3o com ficha. O Stop-Ice est\u00e1 indicado especialmente para proteger do gelo e evitar eventuais danos provocados pelas temperaturas baixas nos tubos, v\u00e1lvulas, torneiras, contadores de \u00e1gua, bebedouros, vasos e pequenos reservat\u00f3rios.<\/p>\n<ul>\n<li><span style=\"color: #e3001a;\">Instala\u00e7\u00e3o f\u00e1cil e r\u00e1pida<\/span><\/li>\n<li><span style=\"color: #e3001a;\">N\u00e3o necessita de nenhum sistema de controlo da temperatura externa gra\u00e7as ao term\u00f3stato integrado<\/span><\/li>\n<li><span style=\"color: #e3001a;\">Baixo consumo energ\u00e9tico<\/span><\/li>\n<\/ul>\n","protected":false},"excerpt":{"rendered":"<p>Stop Ice Kit anticongelamento em pot\u00eancia constante com term\u00f3stato e ficha Raytech Stop Ice \u00e9 um kit pronto a instalar inovador constitu\u00eddo por um cabo de aquecimento de pot\u00eancia constante<span class=\"excerpt-hellip\"> [\u2026]<\/span><\/p>\n","protected":false},"featured_media":4643,"template":"","meta":[],"product_cat":[346,351,352,419],"product_tag":[],"yoast_head":"<!-- This site is optimized with the Yoast SEO plugin v22.7 - https:\/\/yoast.com\/wordpress\/plugins\/seo\/ -->\n<title>Kit anticongelamento em pot\u00eancia constante com term\u00f3stato e ficha | Raytech<\/title>\n<meta name=\"robots\" content=\"index, follow, max-snippet:-1, max-image-preview:large, max-video-preview:-1\" \/>\n<link rel=\"canonical\" href=\"https:\/\/svilupporaytech.com\/pt-pt\/produto\/cabos-de-aquecimento\/domesticos\/anticongelante-para-tubos\/potencia-constante-pt-pt-3\/kit-anticongelamento-em-potencia-constante-com-termostato-e-ficha\/\" \/>\n<meta property=\"og:locale\" content=\"pt_PT\" \/>\n<meta property=\"og:type\" content=\"article\" \/>\n<meta property=\"og:title\" content=\"Kit anticongelamento em pot\u00eancia constante com term\u00f3stato e ficha | Raytech\" \/>\n<meta property=\"og:description\" content=\"Stop Ice Kit anticongelamento em pot\u00eancia constante com term\u00f3stato e ficha Raytech Stop Ice \u00e9 um kit pronto a instalar inovador constitu\u00eddo por um cabo de aquecimento de pot\u00eancia constante [\u2026]\" \/>\n<meta property=\"og:url\" content=\"https:\/\/svilupporaytech.com\/pt-pt\/produto\/cabos-de-aquecimento\/domesticos\/anticongelante-para-tubos\/potencia-constante-pt-pt-3\/kit-anticongelamento-em-potencia-constante-com-termostato-e-ficha\/\" \/>\n<meta property=\"og:site_name\" content=\"Raytech\" \/>\n<meta property=\"article:modified_time\" content=\"2019-12-21T16:22:38+00:00\" \/>\n<meta property=\"og:image\" content=\"https:\/\/svilupporaytech.com\/wp-content\/uploads\/stop-ice-1.jpg\" \/>\n\t<meta property=\"og:image:width\" content=\"1024\" \/>\n\t<meta property=\"og:image:height\" content=\"1024\" \/>\n\t<meta property=\"og:image:type\" content=\"image\/jpeg\" \/>\n<meta name=\"twitter:card\" content=\"summary_large_image\" \/>\n<meta name=\"twitter:label1\" content=\"Tempo estimado de leitura\" \/>\n\t<meta name=\"twitter:data1\" content=\"1 minuto\" \/>\n<script type=\"application\/ld+json\" class=\"yoast-schema-graph\">{\"@context\":\"https:\/\/schema.org\",\"@graph\":[{\"@type\":\"WebPage\",\"@id\":\"https:\/\/svilupporaytech.com\/pt-pt\/produto\/cabos-de-aquecimento\/domesticos\/anticongelante-para-tubos\/potencia-constante-pt-pt-3\/kit-anticongelamento-em-potencia-constante-com-termostato-e-ficha\/\",\"url\":\"https:\/\/svilupporaytech.com\/pt-pt\/produto\/cabos-de-aquecimento\/domesticos\/anticongelante-para-tubos\/potencia-constante-pt-pt-3\/kit-anticongelamento-em-potencia-constante-com-termostato-e-ficha\/\",\"name\":\"Kit anticongelamento em pot\u00eancia constante com term\u00f3stato e ficha | Raytech\",\"isPartOf\":{\"@id\":\"https:\/\/svilupporaytech.com\/#website\"},\"primaryImageOfPage\":{\"@id\":\"https:\/\/svilupporaytech.com\/pt-pt\/produto\/cabos-de-aquecimento\/domesticos\/anticongelante-para-tubos\/potencia-constante-pt-pt-3\/kit-anticongelamento-em-potencia-constante-com-termostato-e-ficha\/#primaryimage\"},\"image\":{\"@id\":\"https:\/\/svilupporaytech.com\/pt-pt\/produto\/cabos-de-aquecimento\/domesticos\/anticongelante-para-tubos\/potencia-constante-pt-pt-3\/kit-anticongelamento-em-potencia-constante-com-termostato-e-ficha\/#primaryimage\"},\"thumbnailUrl\":\"https:\/\/svilupporaytech.com\/wp-content\/uploads\/stop-ice-1.jpg\",\"datePublished\":\"2016-01-28T10:35:23+00:00\",\"dateModified\":\"2019-12-21T16:22:38+00:00\",\"breadcrumb\":{\"@id\":\"https:\/\/svilupporaytech.com\/pt-pt\/produto\/cabos-de-aquecimento\/domesticos\/anticongelante-para-tubos\/potencia-constante-pt-pt-3\/kit-anticongelamento-em-potencia-constante-com-termostato-e-ficha\/#breadcrumb\"},\"inLanguage\":\"pt-PT\",\"potentialAction\":[{\"@type\":\"ReadAction\",\"target\":[\"https:\/\/svilupporaytech.com\/pt-pt\/produto\/cabos-de-aquecimento\/domesticos\/anticongelante-para-tubos\/potencia-constante-pt-pt-3\/kit-anticongelamento-em-potencia-constante-com-termostato-e-ficha\/\"]}]},{\"@type\":\"ImageObject\",\"inLanguage\":\"pt-PT\",\"@id\":\"https:\/\/svilupporaytech.com\/pt-pt\/produto\/cabos-de-aquecimento\/domesticos\/anticongelante-para-tubos\/potencia-constante-pt-pt-3\/kit-anticongelamento-em-potencia-constante-com-termostato-e-ficha\/#primaryimage\",\"url\":\"https:\/\/svilupporaytech.com\/wp-content\/uploads\/stop-ice-1.jpg\",\"contentUrl\":\"https:\/\/svilupporaytech.com\/wp-content\/uploads\/stop-ice-1.jpg\",\"width\":1024,\"height\":1024},{\"@type\":\"BreadcrumbList\",\"@id\":\"https:\/\/svilupporaytech.com\/pt-pt\/produto\/cabos-de-aquecimento\/domesticos\/anticongelante-para-tubos\/potencia-constante-pt-pt-3\/kit-anticongelamento-em-potencia-constante-com-termostato-e-ficha\/#breadcrumb\",\"itemListElement\":[{\"@type\":\"ListItem\",\"position\":1,\"name\":\"Home\",\"item\":\"https:\/\/svilupporaytech.com\/pt-pt\/\"},{\"@type\":\"ListItem\",\"position\":2,\"name\":\"Loja\",\"item\":\"https:\/\/svilupporaytech.com\/pt-pt\/loja\/\"},{\"@type\":\"ListItem\",\"position\":3,\"name\":\"Kit anticongelamento em pot\u00eancia constante com term\u00f3stato e ficha\"}]},{\"@type\":\"WebSite\",\"@id\":\"https:\/\/svilupporaytech.com\/#website\",\"url\":\"https:\/\/svilupporaytech.com\/\",\"name\":\"Raytech\",\"description\":\"Cable accessories company\",\"potentialAction\":[{\"@type\":\"SearchAction\",\"target\":{\"@type\":\"EntryPoint\",\"urlTemplate\":\"https:\/\/svilupporaytech.com\/?s={search_term_string}\"},\"query-input\":\"required name=search_term_string\"}],\"inLanguage\":\"pt-PT\"}]}<\/script>\n<!-- \/ Yoast SEO plugin. -->","yoast_head_json":{"title":"Kit anticongelamento em pot\u00eancia constante com term\u00f3stato e ficha | Raytech","robots":{"index":"index","follow":"follow","max-snippet":"max-snippet:-1","max-image-preview":"max-image-preview:large","max-video-preview":"max-video-preview:-1"},"canonical":"https:\/\/svilupporaytech.com\/pt-pt\/produto\/cabos-de-aquecimento\/domesticos\/anticongelante-para-tubos\/potencia-constante-pt-pt-3\/kit-anticongelamento-em-potencia-constante-com-termostato-e-ficha\/","og_locale":"pt_PT","og_type":"article","og_title":"Kit anticongelamento em pot\u00eancia constante com term\u00f3stato e ficha | Raytech","og_description":"Stop Ice Kit anticongelamento em pot\u00eancia constante com term\u00f3stato e ficha Raytech Stop Ice \u00e9 um kit pronto a instalar inovador constitu\u00eddo por um cabo de aquecimento de pot\u00eancia constante [\u2026]","og_url":"https:\/\/svilupporaytech.com\/pt-pt\/produto\/cabos-de-aquecimento\/domesticos\/anticongelante-para-tubos\/potencia-constante-pt-pt-3\/kit-anticongelamento-em-potencia-constante-com-termostato-e-ficha\/","og_site_name":"Raytech","article_modified_time":"2019-12-21T16:22:38+00:00","og_image":[{"width":1024,"height":1024,"url":"https:\/\/svilupporaytech.com\/wp-content\/uploads\/stop-ice-1.jpg","type":"image\/jpeg"}],"twitter_card":"summary_large_image","twitter_misc":{"Tempo estimado de leitura":"1 minuto"},"schema":{"@context":"https:\/\/schema.org","@graph":[{"@type":"WebPage","@id":"https:\/\/svilupporaytech.com\/pt-pt\/produto\/cabos-de-aquecimento\/domesticos\/anticongelante-para-tubos\/potencia-constante-pt-pt-3\/kit-anticongelamento-em-potencia-constante-com-termostato-e-ficha\/","url":"https:\/\/svilupporaytech.com\/pt-pt\/produto\/cabos-de-aquecimento\/domesticos\/anticongelante-para-tubos\/potencia-constante-pt-pt-3\/kit-anticongelamento-em-potencia-constante-com-termostato-e-ficha\/","name":"Kit anticongelamento em pot\u00eancia constante com term\u00f3stato e ficha | Raytech","isPartOf":{"@id":"https:\/\/svilupporaytech.com\/#website"},"primaryImageOfPage":{"@id":"https:\/\/svilupporaytech.com\/pt-pt\/produto\/cabos-de-aquecimento\/domesticos\/anticongelante-para-tubos\/potencia-constante-pt-pt-3\/kit-anticongelamento-em-potencia-constante-com-termostato-e-ficha\/#primaryimage"},"image":{"@id":"https:\/\/svilupporaytech.com\/pt-pt\/produto\/cabos-de-aquecimento\/domesticos\/anticongelante-para-tubos\/potencia-constante-pt-pt-3\/kit-anticongelamento-em-potencia-constante-com-termostato-e-ficha\/#primaryimage"},"thumbnailUrl":"https:\/\/svilupporaytech.com\/wp-content\/uploads\/stop-ice-1.jpg","datePublished":"2016-01-28T10:35:23+00:00","dateModified":"2019-12-21T16:22:38+00:00","breadcrumb":{"@id":"https:\/\/svilupporaytech.com\/pt-pt\/produto\/cabos-de-aquecimento\/domesticos\/anticongelante-para-tubos\/potencia-constante-pt-pt-3\/kit-anticongelamento-em-potencia-constante-com-termostato-e-ficha\/#breadcrumb"},"inLanguage":"pt-PT","potentialAction":[{"@type":"ReadAction","target":["https:\/\/svilupporaytech.com\/pt-pt\/produto\/cabos-de-aquecimento\/domesticos\/anticongelante-para-tubos\/potencia-constante-pt-pt-3\/kit-anticongelamento-em-potencia-constante-com-termostato-e-ficha\/"]}]},{"@type":"ImageObject","inLanguage":"pt-PT","@id":"https:\/\/svilupporaytech.com\/pt-pt\/produto\/cabos-de-aquecimento\/domesticos\/anticongelante-para-tubos\/potencia-constante-pt-pt-3\/kit-anticongelamento-em-potencia-constante-com-termostato-e-ficha\/#primaryimage","url":"https:\/\/svilupporaytech.com\/wp-content\/uploads\/stop-ice-1.jpg","contentUrl":"https:\/\/svilupporaytech.com\/wp-content\/uploads\/stop-ice-1.jpg","width":1024,"height":1024},{"@type":"BreadcrumbList","@id":"https:\/\/svilupporaytech.com\/pt-pt\/produto\/cabos-de-aquecimento\/domesticos\/anticongelante-para-tubos\/potencia-constante-pt-pt-3\/kit-anticongelamento-em-potencia-constante-com-termostato-e-ficha\/#breadcrumb","itemListElement":[{"@type":"ListItem","position":1,"name":"Home","item":"https:\/\/svilupporaytech.com\/pt-pt\/"},{"@type":"ListItem","position":2,"name":"Loja","item":"https:\/\/svilupporaytech.com\/pt-pt\/loja\/"},{"@type":"ListItem","position":3,"name":"Kit anticongelamento em pot\u00eancia constante com term\u00f3stato e ficha"}]},{"@type":"WebSite","@id":"https:\/\/svilupporaytech.com\/#website","url":"https:\/\/svilupporaytech.com\/","name":"Raytech","description":"Cable accessories company","potentialAction":[{"@type":"SearchAction","target":{"@type":"EntryPoint","urlTemplate":"https:\/\/svilupporaytech.com\/?s={search_term_string}"},"query-input":"required name=search_term_string"}],"inLanguage":"pt-PT"}]}},"_links":{"self":[{"href":"https:\/\/svilupporaytech.com\/pt-pt\/wp-json\/wp\/v2\/product\/8525"}],"collection":[{"href":"https:\/\/svilupporaytech.com\/pt-pt\/wp-json\/wp\/v2\/product"}],"about":[{"href":"https:\/\/svilupporaytech.com\/pt-pt\/wp-json\/wp\/v2\/types\/product"}],"wp:featuredmedia":[{"embeddable":true,"href":"https:\/\/svilupporaytech.com\/pt-pt\/wp-json\/wp\/v2\/media\/4643"}],"wp:attachment":[{"href":"https:\/\/svilupporaytech.com\/pt-pt\/wp-json\/wp\/v2\/media?parent=8525"}],"wp:term":[{"taxonomy":"product_cat","embeddable":true,"href":"https:\/\/svilupporaytech.com\/pt-pt\/wp-json\/wp\/v2\/product_cat?post=8525"},{"taxonomy":"product_tag","embeddable":true,"href":"https:\/\/svilupporaytech.com\/pt-pt\/wp-json\/wp\/v2\/product_tag?post=8525"}],"curies":[{"name":"wp","href":"https:\/\/api.w.org\/{rel}","templated":true}]}}