{"id":8530,"date":"2015-07-16T14:01:06","date_gmt":"2016-01-28T10:39:30","guid":{"rendered":"http:\/\/raytech.it\/?post_type=product&#038;p=8530&#038;lang=pt-pt"},"modified":"2019-08-01T12:13:20","modified_gmt":"2019-08-01T12:13:20","slug":"a-fita-de-isolamento-termico-autocolante","status":"publish","type":"product","link":"https:\/\/svilupporaytech.com\/pt-pt\/produto\/cabos-de-aquecimento\/domesticos\/anticongelante-para-tubos\/potencia-constante-pt-pt-3\/a-fita-de-isolamento-termico-autocolante\/","title":{"rendered":"A fita de isolamento t\u00e9rmico autocolante"},"content":{"rendered":"<h4><span style=\"color: #e3001a;\">Linus<br \/>\nA fita de isolamento t\u00e9rmico autocolante<\/span><\/h4>\n<p>Para oferecer uma solu\u00e7\u00e3o completa no campo do aquecimento el\u00e9trico, a Raytech concebeu um novo produto, LINUS, isolamento por fita para manuten\u00e7\u00e3o da temperatura. Trata-se de uma fita em borracha sint\u00e9tica de c\u00e9lulas fechadas, com baixa condutividade t\u00e9rmica e extremamente fex\u00edvel; a fita em borracha \u00e9 acoplada a uma folha de alum\u00ednio para prote\u00e7\u00e3o contra rasgos, para maior resist\u00eancia \u00e0 perfura\u00e7\u00e3o e \u00e0 tra\u00e7\u00e3o. Oferece tamb\u00e9m uma prote\u00e7\u00e3o adequada contra a radia\u00e7\u00e3o UV. Para facilitar a aplica\u00e7\u00e3o no tubo de aquecimento, \u00e9 autocolante. As c\u00e9lulas fechadas e o tipo de material especial conferem elevadas caracter\u00edsticas isolantes e um \u00f3timo comportamento na presen\u00e7a de condensa\u00e7\u00e3o.<\/p>\n","protected":false},"excerpt":{"rendered":"<p>Linus A fita de isolamento t\u00e9rmico autocolante Para oferecer uma solu\u00e7\u00e3o completa no campo do aquecimento el\u00e9trico, a Raytech concebeu um novo produto, LINUS, isolamento por fita para manuten\u00e7\u00e3o da<span class=\"excerpt-hellip\"> [\u2026]<\/span><\/p>\n","protected":false},"featured_media":4562,"template":"","meta":[],"product_cat":[346,351,352,419],"product_tag":[],"yoast_head":"<!-- This site is optimized with the Yoast SEO plugin v22.7 - https:\/\/yoast.com\/wordpress\/plugins\/seo\/ -->\n<title>A fita de isolamento t\u00e9rmico autocolante | Raytech<\/title>\n<meta name=\"robots\" content=\"index, follow, max-snippet:-1, max-image-preview:large, max-video-preview:-1\" \/>\n<link rel=\"canonical\" href=\"https:\/\/svilupporaytech.com\/pt-pt\/produto\/cabos-de-aquecimento\/domesticos\/anticongelante-para-tubos\/potencia-constante-pt-pt-3\/a-fita-de-isolamento-termico-autocolante\/\" \/>\n<meta property=\"og:locale\" content=\"pt_PT\" \/>\n<meta property=\"og:type\" content=\"article\" \/>\n<meta property=\"og:title\" content=\"A fita de isolamento t\u00e9rmico autocolante | Raytech\" \/>\n<meta property=\"og:description\" content=\"Linus A fita de isolamento t\u00e9rmico autocolante Para oferecer uma solu\u00e7\u00e3o completa no campo do aquecimento el\u00e9trico, a Raytech concebeu um novo produto, LINUS, isolamento por fita para manuten\u00e7\u00e3o da [\u2026]\" \/>\n<meta property=\"og:url\" content=\"https:\/\/svilupporaytech.com\/pt-pt\/produto\/cabos-de-aquecimento\/domesticos\/anticongelante-para-tubos\/potencia-constante-pt-pt-3\/a-fita-de-isolamento-termico-autocolante\/\" \/>\n<meta property=\"og:site_name\" content=\"Raytech\" \/>\n<meta property=\"article:modified_time\" content=\"2019-08-01T12:13:20+00:00\" \/>\n<meta property=\"og:image\" content=\"https:\/\/svilupporaytech.com\/wp-content\/uploads\/linus-1.jpg\" \/>\n\t<meta property=\"og:image:width\" content=\"1024\" \/>\n\t<meta property=\"og:image:height\" content=\"1024\" \/>\n\t<meta property=\"og:image:type\" content=\"image\/jpeg\" \/>\n<meta name=\"twitter:card\" content=\"summary_large_image\" \/>\n<meta name=\"twitter:label1\" content=\"Tempo estimado de leitura\" \/>\n\t<meta name=\"twitter:data1\" content=\"1 minuto\" \/>\n<script type=\"application\/ld+json\" class=\"yoast-schema-graph\">{\"@context\":\"https:\/\/schema.org\",\"@graph\":[{\"@type\":\"WebPage\",\"@id\":\"https:\/\/svilupporaytech.com\/pt-pt\/produto\/cabos-de-aquecimento\/domesticos\/anticongelante-para-tubos\/potencia-constante-pt-pt-3\/a-fita-de-isolamento-termico-autocolante\/\",\"url\":\"https:\/\/svilupporaytech.com\/pt-pt\/produto\/cabos-de-aquecimento\/domesticos\/anticongelante-para-tubos\/potencia-constante-pt-pt-3\/a-fita-de-isolamento-termico-autocolante\/\",\"name\":\"A fita de isolamento t\u00e9rmico autocolante | Raytech\",\"isPartOf\":{\"@id\":\"https:\/\/svilupporaytech.com\/#website\"},\"primaryImageOfPage\":{\"@id\":\"https:\/\/svilupporaytech.com\/pt-pt\/produto\/cabos-de-aquecimento\/domesticos\/anticongelante-para-tubos\/potencia-constante-pt-pt-3\/a-fita-de-isolamento-termico-autocolante\/#primaryimage\"},\"image\":{\"@id\":\"https:\/\/svilupporaytech.com\/pt-pt\/produto\/cabos-de-aquecimento\/domesticos\/anticongelante-para-tubos\/potencia-constante-pt-pt-3\/a-fita-de-isolamento-termico-autocolante\/#primaryimage\"},\"thumbnailUrl\":\"https:\/\/svilupporaytech.com\/wp-content\/uploads\/linus-1.jpg\",\"datePublished\":\"2016-01-28T10:39:30+00:00\",\"dateModified\":\"2019-08-01T12:13:20+00:00\",\"breadcrumb\":{\"@id\":\"https:\/\/svilupporaytech.com\/pt-pt\/produto\/cabos-de-aquecimento\/domesticos\/anticongelante-para-tubos\/potencia-constante-pt-pt-3\/a-fita-de-isolamento-termico-autocolante\/#breadcrumb\"},\"inLanguage\":\"pt-PT\",\"potentialAction\":[{\"@type\":\"ReadAction\",\"target\":[\"https:\/\/svilupporaytech.com\/pt-pt\/produto\/cabos-de-aquecimento\/domesticos\/anticongelante-para-tubos\/potencia-constante-pt-pt-3\/a-fita-de-isolamento-termico-autocolante\/\"]}]},{\"@type\":\"ImageObject\",\"inLanguage\":\"pt-PT\",\"@id\":\"https:\/\/svilupporaytech.com\/pt-pt\/produto\/cabos-de-aquecimento\/domesticos\/anticongelante-para-tubos\/potencia-constante-pt-pt-3\/a-fita-de-isolamento-termico-autocolante\/#primaryimage\",\"url\":\"https:\/\/svilupporaytech.com\/wp-content\/uploads\/linus-1.jpg\",\"contentUrl\":\"https:\/\/svilupporaytech.com\/wp-content\/uploads\/linus-1.jpg\",\"width\":1024,\"height\":1024},{\"@type\":\"BreadcrumbList\",\"@id\":\"https:\/\/svilupporaytech.com\/pt-pt\/produto\/cabos-de-aquecimento\/domesticos\/anticongelante-para-tubos\/potencia-constante-pt-pt-3\/a-fita-de-isolamento-termico-autocolante\/#breadcrumb\",\"itemListElement\":[{\"@type\":\"ListItem\",\"position\":1,\"name\":\"Home\",\"item\":\"https:\/\/svilupporaytech.com\/pt-pt\/\"},{\"@type\":\"ListItem\",\"position\":2,\"name\":\"Loja\",\"item\":\"https:\/\/svilupporaytech.com\/pt-pt\/loja\/\"},{\"@type\":\"ListItem\",\"position\":3,\"name\":\"A fita de isolamento t\u00e9rmico autocolante\"}]},{\"@type\":\"WebSite\",\"@id\":\"https:\/\/svilupporaytech.com\/#website\",\"url\":\"https:\/\/svilupporaytech.com\/\",\"name\":\"Raytech\",\"description\":\"Cable accessories company\",\"potentialAction\":[{\"@type\":\"SearchAction\",\"target\":{\"@type\":\"EntryPoint\",\"urlTemplate\":\"https:\/\/svilupporaytech.com\/?s={search_term_string}\"},\"query-input\":\"required name=search_term_string\"}],\"inLanguage\":\"pt-PT\"}]}<\/script>\n<!-- \/ Yoast SEO plugin. -->","yoast_head_json":{"title":"A fita de isolamento t\u00e9rmico autocolante | Raytech","robots":{"index":"index","follow":"follow","max-snippet":"max-snippet:-1","max-image-preview":"max-image-preview:large","max-video-preview":"max-video-preview:-1"},"canonical":"https:\/\/svilupporaytech.com\/pt-pt\/produto\/cabos-de-aquecimento\/domesticos\/anticongelante-para-tubos\/potencia-constante-pt-pt-3\/a-fita-de-isolamento-termico-autocolante\/","og_locale":"pt_PT","og_type":"article","og_title":"A fita de isolamento t\u00e9rmico autocolante | Raytech","og_description":"Linus A fita de isolamento t\u00e9rmico autocolante Para oferecer uma solu\u00e7\u00e3o completa no campo do aquecimento el\u00e9trico, a Raytech concebeu um novo produto, LINUS, isolamento por fita para manuten\u00e7\u00e3o da [\u2026]","og_url":"https:\/\/svilupporaytech.com\/pt-pt\/produto\/cabos-de-aquecimento\/domesticos\/anticongelante-para-tubos\/potencia-constante-pt-pt-3\/a-fita-de-isolamento-termico-autocolante\/","og_site_name":"Raytech","article_modified_time":"2019-08-01T12:13:20+00:00","og_image":[{"width":1024,"height":1024,"url":"https:\/\/svilupporaytech.com\/wp-content\/uploads\/linus-1.jpg","type":"image\/jpeg"}],"twitter_card":"summary_large_image","twitter_misc":{"Tempo estimado de leitura":"1 minuto"},"schema":{"@context":"https:\/\/schema.org","@graph":[{"@type":"WebPage","@id":"https:\/\/svilupporaytech.com\/pt-pt\/produto\/cabos-de-aquecimento\/domesticos\/anticongelante-para-tubos\/potencia-constante-pt-pt-3\/a-fita-de-isolamento-termico-autocolante\/","url":"https:\/\/svilupporaytech.com\/pt-pt\/produto\/cabos-de-aquecimento\/domesticos\/anticongelante-para-tubos\/potencia-constante-pt-pt-3\/a-fita-de-isolamento-termico-autocolante\/","name":"A fita de isolamento t\u00e9rmico autocolante | Raytech","isPartOf":{"@id":"https:\/\/svilupporaytech.com\/#website"},"primaryImageOfPage":{"@id":"https:\/\/svilupporaytech.com\/pt-pt\/produto\/cabos-de-aquecimento\/domesticos\/anticongelante-para-tubos\/potencia-constante-pt-pt-3\/a-fita-de-isolamento-termico-autocolante\/#primaryimage"},"image":{"@id":"https:\/\/svilupporaytech.com\/pt-pt\/produto\/cabos-de-aquecimento\/domesticos\/anticongelante-para-tubos\/potencia-constante-pt-pt-3\/a-fita-de-isolamento-termico-autocolante\/#primaryimage"},"thumbnailUrl":"https:\/\/svilupporaytech.com\/wp-content\/uploads\/linus-1.jpg","datePublished":"2016-01-28T10:39:30+00:00","dateModified":"2019-08-01T12:13:20+00:00","breadcrumb":{"@id":"https:\/\/svilupporaytech.com\/pt-pt\/produto\/cabos-de-aquecimento\/domesticos\/anticongelante-para-tubos\/potencia-constante-pt-pt-3\/a-fita-de-isolamento-termico-autocolante\/#breadcrumb"},"inLanguage":"pt-PT","potentialAction":[{"@type":"ReadAction","target":["https:\/\/svilupporaytech.com\/pt-pt\/produto\/cabos-de-aquecimento\/domesticos\/anticongelante-para-tubos\/potencia-constante-pt-pt-3\/a-fita-de-isolamento-termico-autocolante\/"]}]},{"@type":"ImageObject","inLanguage":"pt-PT","@id":"https:\/\/svilupporaytech.com\/pt-pt\/produto\/cabos-de-aquecimento\/domesticos\/anticongelante-para-tubos\/potencia-constante-pt-pt-3\/a-fita-de-isolamento-termico-autocolante\/#primaryimage","url":"https:\/\/svilupporaytech.com\/wp-content\/uploads\/linus-1.jpg","contentUrl":"https:\/\/svilupporaytech.com\/wp-content\/uploads\/linus-1.jpg","width":1024,"height":1024},{"@type":"BreadcrumbList","@id":"https:\/\/svilupporaytech.com\/pt-pt\/produto\/cabos-de-aquecimento\/domesticos\/anticongelante-para-tubos\/potencia-constante-pt-pt-3\/a-fita-de-isolamento-termico-autocolante\/#breadcrumb","itemListElement":[{"@type":"ListItem","position":1,"name":"Home","item":"https:\/\/svilupporaytech.com\/pt-pt\/"},{"@type":"ListItem","position":2,"name":"Loja","item":"https:\/\/svilupporaytech.com\/pt-pt\/loja\/"},{"@type":"ListItem","position":3,"name":"A fita de isolamento t\u00e9rmico autocolante"}]},{"@type":"WebSite","@id":"https:\/\/svilupporaytech.com\/#website","url":"https:\/\/svilupporaytech.com\/","name":"Raytech","description":"Cable accessories company","potentialAction":[{"@type":"SearchAction","target":{"@type":"EntryPoint","urlTemplate":"https:\/\/svilupporaytech.com\/?s={search_term_string}"},"query-input":"required name=search_term_string"}],"inLanguage":"pt-PT"}]}},"_links":{"self":[{"href":"https:\/\/svilupporaytech.com\/pt-pt\/wp-json\/wp\/v2\/product\/8530"}],"collection":[{"href":"https:\/\/svilupporaytech.com\/pt-pt\/wp-json\/wp\/v2\/product"}],"about":[{"href":"https:\/\/svilupporaytech.com\/pt-pt\/wp-json\/wp\/v2\/types\/product"}],"wp:featuredmedia":[{"embeddable":true,"href":"https:\/\/svilupporaytech.com\/pt-pt\/wp-json\/wp\/v2\/media\/4562"}],"wp:attachment":[{"href":"https:\/\/svilupporaytech.com\/pt-pt\/wp-json\/wp\/v2\/media?parent=8530"}],"wp:term":[{"taxonomy":"product_cat","embeddable":true,"href":"https:\/\/svilupporaytech.com\/pt-pt\/wp-json\/wp\/v2\/product_cat?post=8530"},{"taxonomy":"product_tag","embeddable":true,"href":"https:\/\/svilupporaytech.com\/pt-pt\/wp-json\/wp\/v2\/product_tag?post=8530"}],"curies":[{"name":"wp","href":"https:\/\/api.w.org\/{rel}","templated":true}]}}