{"id":8531,"date":"2015-07-16T14:04:29","date_gmt":"2016-01-28T10:45:40","guid":{"rendered":"http:\/\/raytech.it\/?post_type=product&#038;p=8531&#038;lang=pt-pt"},"modified":"2019-08-01T09:14:32","modified_gmt":"2019-08-01T09:14:32","slug":"kit-anti-gelo-com-potencia-constante-com-termostato-ficha-de-ligacao-e-fita-de-isolamento","status":"publish","type":"product","link":"https:\/\/svilupporaytech.com\/pt-pt\/produto\/cabos-de-aquecimento\/domesticos\/anticongelante-para-tubos\/potencia-constante-pt-pt-3\/kit-anti-gelo-com-potencia-constante-com-termostato-ficha-de-ligacao-e-fita-de-isolamento\/","title":{"rendered":"Kit anti-gelo com pot\u00eancia constante, com term\u00f3stato, ficha de liga\u00e7\u00e3o e fita de isolamento"},"content":{"rendered":"<h4><span style=\"color: #e3001a;\">Stop Ice Plus<br \/>\nKit anti-gelo com pot\u00eancia constante, com term\u00f3stato, ficha de liga\u00e7\u00e3o e fita de isolamento<\/span><\/h4>\n<p>Stop Ice Plus \u00e9 um inovador kit que une a flexibilidade e a fiabilidade do cabo de aquecimento com pot\u00eancia constante Stop Ice \u00e0 praticidade da fita de isolamento LINUS. Com este kit, o instalador encontrar\u00e1 tudo o necess\u00e1rio para a execu\u00e7\u00e3o do aquecimento:<\/p>\n<ul style=\"font-size: 15px;\">\n<li>O cabo de pot\u00eancia constante Stop Ice com 12 W\/m, com ficha de liga\u00e7\u00e3o e term\u00f3stato<\/li>\n<li>A fita de isolamento LINUS, com 3 mm de espessura, para aplicar no tubo j\u00e1 aquecido com o cabo, com excesso de 50%.<\/li>\n<\/ul>\n<p>A t\u00edtulo de exemplo, com uma fita LINUS com 10 m de comprimento, podem ser isolados 2,2 m de tubo com \u00be\u201d, aquecidos com o cabo Stop Ice.<\/p>\n","protected":false},"excerpt":{"rendered":"<p>Stop Ice Plus Kit anti-gelo com pot\u00eancia constante, com term\u00f3stato, ficha de liga\u00e7\u00e3o e fita de isolamento Stop Ice Plus \u00e9 um inovador kit que une a flexibilidade e a<span class=\"excerpt-hellip\"> [\u2026]<\/span><\/p>\n","protected":false},"featured_media":4667,"template":"","meta":[],"product_cat":[346,351,352,419],"product_tag":[],"yoast_head":"<!-- This site is optimized with the Yoast SEO plugin v22.7 - https:\/\/yoast.com\/wordpress\/plugins\/seo\/ -->\n<title>Kit anti-gelo com pot\u00eancia constante, com term\u00f3stato, ficha de liga\u00e7\u00e3o e fita de isolamento | Raytech<\/title>\n<meta name=\"robots\" content=\"index, follow, max-snippet:-1, max-image-preview:large, max-video-preview:-1\" \/>\n<link rel=\"canonical\" href=\"https:\/\/svilupporaytech.com\/pt-pt\/produto\/cabos-de-aquecimento\/domesticos\/anticongelante-para-tubos\/potencia-constante-pt-pt-3\/kit-anti-gelo-com-potencia-constante-com-termostato-ficha-de-ligacao-e-fita-de-isolamento\/\" \/>\n<meta property=\"og:locale\" content=\"pt_PT\" \/>\n<meta property=\"og:type\" content=\"article\" \/>\n<meta property=\"og:title\" content=\"Kit anti-gelo com pot\u00eancia constante, com term\u00f3stato, ficha de liga\u00e7\u00e3o e fita de isolamento | Raytech\" \/>\n<meta property=\"og:description\" content=\"Stop Ice Plus Kit anti-gelo com pot\u00eancia constante, com term\u00f3stato, ficha de liga\u00e7\u00e3o e fita de isolamento Stop Ice Plus \u00e9 um inovador kit que une a flexibilidade e a [\u2026]\" \/>\n<meta property=\"og:url\" content=\"https:\/\/svilupporaytech.com\/pt-pt\/produto\/cabos-de-aquecimento\/domesticos\/anticongelante-para-tubos\/potencia-constante-pt-pt-3\/kit-anti-gelo-com-potencia-constante-com-termostato-ficha-de-ligacao-e-fita-de-isolamento\/\" \/>\n<meta property=\"og:site_name\" content=\"Raytech\" \/>\n<meta property=\"article:modified_time\" content=\"2019-08-01T09:14:32+00:00\" \/>\n<meta property=\"og:image\" content=\"https:\/\/svilupporaytech.com\/wp-content\/uploads\/stop-ice-plus-1.jpg\" \/>\n\t<meta property=\"og:image:width\" content=\"1024\" \/>\n\t<meta property=\"og:image:height\" content=\"1024\" \/>\n\t<meta property=\"og:image:type\" content=\"image\/jpeg\" \/>\n<meta name=\"twitter:card\" content=\"summary_large_image\" \/>\n<meta name=\"twitter:label1\" content=\"Tempo estimado de leitura\" \/>\n\t<meta name=\"twitter:data1\" content=\"1 minuto\" \/>\n<script type=\"application\/ld+json\" class=\"yoast-schema-graph\">{\"@context\":\"https:\/\/schema.org\",\"@graph\":[{\"@type\":\"WebPage\",\"@id\":\"https:\/\/svilupporaytech.com\/pt-pt\/produto\/cabos-de-aquecimento\/domesticos\/anticongelante-para-tubos\/potencia-constante-pt-pt-3\/kit-anti-gelo-com-potencia-constante-com-termostato-ficha-de-ligacao-e-fita-de-isolamento\/\",\"url\":\"https:\/\/svilupporaytech.com\/pt-pt\/produto\/cabos-de-aquecimento\/domesticos\/anticongelante-para-tubos\/potencia-constante-pt-pt-3\/kit-anti-gelo-com-potencia-constante-com-termostato-ficha-de-ligacao-e-fita-de-isolamento\/\",\"name\":\"Kit anti-gelo com pot\u00eancia constante, com term\u00f3stato, ficha de liga\u00e7\u00e3o e fita de isolamento | Raytech\",\"isPartOf\":{\"@id\":\"https:\/\/svilupporaytech.com\/#website\"},\"primaryImageOfPage\":{\"@id\":\"https:\/\/svilupporaytech.com\/pt-pt\/produto\/cabos-de-aquecimento\/domesticos\/anticongelante-para-tubos\/potencia-constante-pt-pt-3\/kit-anti-gelo-com-potencia-constante-com-termostato-ficha-de-ligacao-e-fita-de-isolamento\/#primaryimage\"},\"image\":{\"@id\":\"https:\/\/svilupporaytech.com\/pt-pt\/produto\/cabos-de-aquecimento\/domesticos\/anticongelante-para-tubos\/potencia-constante-pt-pt-3\/kit-anti-gelo-com-potencia-constante-com-termostato-ficha-de-ligacao-e-fita-de-isolamento\/#primaryimage\"},\"thumbnailUrl\":\"https:\/\/svilupporaytech.com\/wp-content\/uploads\/stop-ice-plus-1.jpg\",\"datePublished\":\"2016-01-28T10:45:40+00:00\",\"dateModified\":\"2019-08-01T09:14:32+00:00\",\"breadcrumb\":{\"@id\":\"https:\/\/svilupporaytech.com\/pt-pt\/produto\/cabos-de-aquecimento\/domesticos\/anticongelante-para-tubos\/potencia-constante-pt-pt-3\/kit-anti-gelo-com-potencia-constante-com-termostato-ficha-de-ligacao-e-fita-de-isolamento\/#breadcrumb\"},\"inLanguage\":\"pt-PT\",\"potentialAction\":[{\"@type\":\"ReadAction\",\"target\":[\"https:\/\/svilupporaytech.com\/pt-pt\/produto\/cabos-de-aquecimento\/domesticos\/anticongelante-para-tubos\/potencia-constante-pt-pt-3\/kit-anti-gelo-com-potencia-constante-com-termostato-ficha-de-ligacao-e-fita-de-isolamento\/\"]}]},{\"@type\":\"ImageObject\",\"inLanguage\":\"pt-PT\",\"@id\":\"https:\/\/svilupporaytech.com\/pt-pt\/produto\/cabos-de-aquecimento\/domesticos\/anticongelante-para-tubos\/potencia-constante-pt-pt-3\/kit-anti-gelo-com-potencia-constante-com-termostato-ficha-de-ligacao-e-fita-de-isolamento\/#primaryimage\",\"url\":\"https:\/\/svilupporaytech.com\/wp-content\/uploads\/stop-ice-plus-1.jpg\",\"contentUrl\":\"https:\/\/svilupporaytech.com\/wp-content\/uploads\/stop-ice-plus-1.jpg\",\"width\":1024,\"height\":1024},{\"@type\":\"BreadcrumbList\",\"@id\":\"https:\/\/svilupporaytech.com\/pt-pt\/produto\/cabos-de-aquecimento\/domesticos\/anticongelante-para-tubos\/potencia-constante-pt-pt-3\/kit-anti-gelo-com-potencia-constante-com-termostato-ficha-de-ligacao-e-fita-de-isolamento\/#breadcrumb\",\"itemListElement\":[{\"@type\":\"ListItem\",\"position\":1,\"name\":\"Home\",\"item\":\"https:\/\/svilupporaytech.com\/pt-pt\/\"},{\"@type\":\"ListItem\",\"position\":2,\"name\":\"Loja\",\"item\":\"https:\/\/svilupporaytech.com\/pt-pt\/loja\/\"},{\"@type\":\"ListItem\",\"position\":3,\"name\":\"Kit anti-gelo com pot\u00eancia constante, com term\u00f3stato, ficha de liga\u00e7\u00e3o e fita de isolamento\"}]},{\"@type\":\"WebSite\",\"@id\":\"https:\/\/svilupporaytech.com\/#website\",\"url\":\"https:\/\/svilupporaytech.com\/\",\"name\":\"Raytech\",\"description\":\"Cable accessories company\",\"potentialAction\":[{\"@type\":\"SearchAction\",\"target\":{\"@type\":\"EntryPoint\",\"urlTemplate\":\"https:\/\/svilupporaytech.com\/?s={search_term_string}\"},\"query-input\":\"required name=search_term_string\"}],\"inLanguage\":\"pt-PT\"}]}<\/script>\n<!-- \/ Yoast SEO plugin. -->","yoast_head_json":{"title":"Kit anti-gelo com pot\u00eancia constante, com term\u00f3stato, ficha de liga\u00e7\u00e3o e fita de isolamento | Raytech","robots":{"index":"index","follow":"follow","max-snippet":"max-snippet:-1","max-image-preview":"max-image-preview:large","max-video-preview":"max-video-preview:-1"},"canonical":"https:\/\/svilupporaytech.com\/pt-pt\/produto\/cabos-de-aquecimento\/domesticos\/anticongelante-para-tubos\/potencia-constante-pt-pt-3\/kit-anti-gelo-com-potencia-constante-com-termostato-ficha-de-ligacao-e-fita-de-isolamento\/","og_locale":"pt_PT","og_type":"article","og_title":"Kit anti-gelo com pot\u00eancia constante, com term\u00f3stato, ficha de liga\u00e7\u00e3o e fita de isolamento | Raytech","og_description":"Stop Ice Plus Kit anti-gelo com pot\u00eancia constante, com term\u00f3stato, ficha de liga\u00e7\u00e3o e fita de isolamento Stop Ice Plus \u00e9 um inovador kit que une a flexibilidade e a [\u2026]","og_url":"https:\/\/svilupporaytech.com\/pt-pt\/produto\/cabos-de-aquecimento\/domesticos\/anticongelante-para-tubos\/potencia-constante-pt-pt-3\/kit-anti-gelo-com-potencia-constante-com-termostato-ficha-de-ligacao-e-fita-de-isolamento\/","og_site_name":"Raytech","article_modified_time":"2019-08-01T09:14:32+00:00","og_image":[{"width":1024,"height":1024,"url":"https:\/\/svilupporaytech.com\/wp-content\/uploads\/stop-ice-plus-1.jpg","type":"image\/jpeg"}],"twitter_card":"summary_large_image","twitter_misc":{"Tempo estimado de leitura":"1 minuto"},"schema":{"@context":"https:\/\/schema.org","@graph":[{"@type":"WebPage","@id":"https:\/\/svilupporaytech.com\/pt-pt\/produto\/cabos-de-aquecimento\/domesticos\/anticongelante-para-tubos\/potencia-constante-pt-pt-3\/kit-anti-gelo-com-potencia-constante-com-termostato-ficha-de-ligacao-e-fita-de-isolamento\/","url":"https:\/\/svilupporaytech.com\/pt-pt\/produto\/cabos-de-aquecimento\/domesticos\/anticongelante-para-tubos\/potencia-constante-pt-pt-3\/kit-anti-gelo-com-potencia-constante-com-termostato-ficha-de-ligacao-e-fita-de-isolamento\/","name":"Kit anti-gelo com pot\u00eancia constante, com term\u00f3stato, ficha de liga\u00e7\u00e3o e fita de isolamento | Raytech","isPartOf":{"@id":"https:\/\/svilupporaytech.com\/#website"},"primaryImageOfPage":{"@id":"https:\/\/svilupporaytech.com\/pt-pt\/produto\/cabos-de-aquecimento\/domesticos\/anticongelante-para-tubos\/potencia-constante-pt-pt-3\/kit-anti-gelo-com-potencia-constante-com-termostato-ficha-de-ligacao-e-fita-de-isolamento\/#primaryimage"},"image":{"@id":"https:\/\/svilupporaytech.com\/pt-pt\/produto\/cabos-de-aquecimento\/domesticos\/anticongelante-para-tubos\/potencia-constante-pt-pt-3\/kit-anti-gelo-com-potencia-constante-com-termostato-ficha-de-ligacao-e-fita-de-isolamento\/#primaryimage"},"thumbnailUrl":"https:\/\/svilupporaytech.com\/wp-content\/uploads\/stop-ice-plus-1.jpg","datePublished":"2016-01-28T10:45:40+00:00","dateModified":"2019-08-01T09:14:32+00:00","breadcrumb":{"@id":"https:\/\/svilupporaytech.com\/pt-pt\/produto\/cabos-de-aquecimento\/domesticos\/anticongelante-para-tubos\/potencia-constante-pt-pt-3\/kit-anti-gelo-com-potencia-constante-com-termostato-ficha-de-ligacao-e-fita-de-isolamento\/#breadcrumb"},"inLanguage":"pt-PT","potentialAction":[{"@type":"ReadAction","target":["https:\/\/svilupporaytech.com\/pt-pt\/produto\/cabos-de-aquecimento\/domesticos\/anticongelante-para-tubos\/potencia-constante-pt-pt-3\/kit-anti-gelo-com-potencia-constante-com-termostato-ficha-de-ligacao-e-fita-de-isolamento\/"]}]},{"@type":"ImageObject","inLanguage":"pt-PT","@id":"https:\/\/svilupporaytech.com\/pt-pt\/produto\/cabos-de-aquecimento\/domesticos\/anticongelante-para-tubos\/potencia-constante-pt-pt-3\/kit-anti-gelo-com-potencia-constante-com-termostato-ficha-de-ligacao-e-fita-de-isolamento\/#primaryimage","url":"https:\/\/svilupporaytech.com\/wp-content\/uploads\/stop-ice-plus-1.jpg","contentUrl":"https:\/\/svilupporaytech.com\/wp-content\/uploads\/stop-ice-plus-1.jpg","width":1024,"height":1024},{"@type":"BreadcrumbList","@id":"https:\/\/svilupporaytech.com\/pt-pt\/produto\/cabos-de-aquecimento\/domesticos\/anticongelante-para-tubos\/potencia-constante-pt-pt-3\/kit-anti-gelo-com-potencia-constante-com-termostato-ficha-de-ligacao-e-fita-de-isolamento\/#breadcrumb","itemListElement":[{"@type":"ListItem","position":1,"name":"Home","item":"https:\/\/svilupporaytech.com\/pt-pt\/"},{"@type":"ListItem","position":2,"name":"Loja","item":"https:\/\/svilupporaytech.com\/pt-pt\/loja\/"},{"@type":"ListItem","position":3,"name":"Kit anti-gelo com pot\u00eancia constante, com term\u00f3stato, ficha de liga\u00e7\u00e3o e fita de isolamento"}]},{"@type":"WebSite","@id":"https:\/\/svilupporaytech.com\/#website","url":"https:\/\/svilupporaytech.com\/","name":"Raytech","description":"Cable accessories company","potentialAction":[{"@type":"SearchAction","target":{"@type":"EntryPoint","urlTemplate":"https:\/\/svilupporaytech.com\/?s={search_term_string}"},"query-input":"required name=search_term_string"}],"inLanguage":"pt-PT"}]}},"_links":{"self":[{"href":"https:\/\/svilupporaytech.com\/pt-pt\/wp-json\/wp\/v2\/product\/8531"}],"collection":[{"href":"https:\/\/svilupporaytech.com\/pt-pt\/wp-json\/wp\/v2\/product"}],"about":[{"href":"https:\/\/svilupporaytech.com\/pt-pt\/wp-json\/wp\/v2\/types\/product"}],"wp:featuredmedia":[{"embeddable":true,"href":"https:\/\/svilupporaytech.com\/pt-pt\/wp-json\/wp\/v2\/media\/4667"}],"wp:attachment":[{"href":"https:\/\/svilupporaytech.com\/pt-pt\/wp-json\/wp\/v2\/media?parent=8531"}],"wp:term":[{"taxonomy":"product_cat","embeddable":true,"href":"https:\/\/svilupporaytech.com\/pt-pt\/wp-json\/wp\/v2\/product_cat?post=8531"},{"taxonomy":"product_tag","embeddable":true,"href":"https:\/\/svilupporaytech.com\/pt-pt\/wp-json\/wp\/v2\/product_tag?post=8531"}],"curies":[{"name":"wp","href":"https:\/\/api.w.org\/{rel}","templated":true}]}}