{"id":8532,"date":"2015-07-16T14:06:23","date_gmt":"2016-01-28T10:49:37","guid":{"rendered":"http:\/\/raytech.it\/?post_type=product&#038;p=8532&#038;lang=pt-pt"},"modified":"2019-08-01T13:59:38","modified_gmt":"2019-08-01T13:59:38","slug":"esteira-de-aquecimento-constante-potencia","status":"publish","type":"product","link":"https:\/\/svilupporaytech.com\/pt-pt\/produto\/cabos-de-aquecimento\/domesticos\/anticongelante-para-rampas-pt-pt\/potencia-constante-pt-pt-2\/esteira-de-aquecimento-constante-potencia\/","title":{"rendered":"Esteira de aquecimento constante pot\u00eancia"},"content":{"rendered":"<h4><span style=\"color: #e3001a;\">Easy Ramp<br \/>\nEsteira de aquecimento constante pot\u00eancia<br \/>\n<\/span><\/h4>\n<p>O Raytech Easy Ramp \u00e9 constitu\u00eddo por um cabo de aquecimento de pot\u00eancia constante montado com uma correia para formar um tapete aquecido f\u00e1cil e rapidamente extens\u00edvel sobre as superf\u00edcies a proteger. Easy Ramp est\u00e1 sobretudo indicado para resolver os problemas provocados pela forma\u00e7\u00e3o de gelo e acumula\u00e7\u00e3o de neve nas rampas de acesso \u00e0s garagens, faixas pedonais, parques descobertos, passeios, etc. Pode ser instalado em superf\u00edcies de cimento, asfalto, tijolos auto-bloqueantes ou sob briquetes de p\u00f3rfiro ou outros materiais de cobertura bloqueados com cimento e areia. A largura standard dos tapetes Easy Ramp \u00e9 de 60 cm; essa largura \u00e9 suficiente para libertar do gelo e da neve o tra\u00e7ado da roda de um autom\u00f3vel ou para criar uma passagem pedonal extremamente segura. A pot\u00eancia espec\u00edfica desenvolvida pela Easy Ramp \u00e9 de 300 W\/m2.<br \/>\nO tapete est\u00e1 dispon\u00edvel em v\u00e1rios comprimentos facilmente adapt\u00e1veis \u00e0s dimens\u00f5es da superf\u00edcie a tra\u00e7ar e sempre que as dimens\u00f5es do tapete sejam superiores \u00e0s da rampa, a parte em excesso pode ser facilmente dobrada a 90\u00b0. O tapete \u00e9 fornecido pronto a instalar, com 4 mestros de cabo frio (3&#215;1,5 mm2 o 3&#215;2,5 mm2) para liga\u00e7\u00e3o ao sistema de alimenta\u00e7\u00e3o. O cabo de aquecimento de pot\u00eancia constante que constitui o tapete \u00e9 um cabo de aquecimento com 2 condutores, blindado o que permite alimentar apenas uma extremidade tornando a sua instala\u00e7\u00e3o ainda mais simples e r\u00e1pida.<\/p>\n","protected":false},"excerpt":{"rendered":"<p>Easy Ramp Esteira de aquecimento constante pot\u00eancia O Raytech Easy Ramp \u00e9 constitu\u00eddo por um cabo de aquecimento de pot\u00eancia constante montado com uma correia para formar um tapete aquecido<span class=\"excerpt-hellip\"> [\u2026]<\/span><\/p>\n","protected":false},"featured_media":4465,"template":"","meta":[],"product_cat":[346,351,353,418],"product_tag":[],"yoast_head":"<!-- This site is optimized with the Yoast SEO plugin v22.7 - https:\/\/yoast.com\/wordpress\/plugins\/seo\/ -->\n<title>Esteira de aquecimento constante pot\u00eancia | Raytech<\/title>\n<meta name=\"robots\" content=\"index, follow, max-snippet:-1, max-image-preview:large, max-video-preview:-1\" \/>\n<link rel=\"canonical\" href=\"https:\/\/svilupporaytech.com\/pt-pt\/produto\/cabos-de-aquecimento\/domesticos\/anticongelante-para-rampas-pt-pt\/potencia-constante-pt-pt-2\/esteira-de-aquecimento-constante-potencia\/\" \/>\n<meta property=\"og:locale\" content=\"pt_PT\" \/>\n<meta property=\"og:type\" content=\"article\" \/>\n<meta property=\"og:title\" content=\"Esteira de aquecimento constante pot\u00eancia | Raytech\" \/>\n<meta property=\"og:description\" content=\"Easy Ramp Esteira de aquecimento constante pot\u00eancia O Raytech Easy Ramp \u00e9 constitu\u00eddo por um cabo de aquecimento de pot\u00eancia constante montado com uma correia para formar um tapete aquecido [\u2026]\" \/>\n<meta property=\"og:url\" content=\"https:\/\/svilupporaytech.com\/pt-pt\/produto\/cabos-de-aquecimento\/domesticos\/anticongelante-para-rampas-pt-pt\/potencia-constante-pt-pt-2\/esteira-de-aquecimento-constante-potencia\/\" \/>\n<meta property=\"og:site_name\" content=\"Raytech\" \/>\n<meta property=\"article:modified_time\" content=\"2019-08-01T13:59:38+00:00\" \/>\n<meta property=\"og:image\" content=\"https:\/\/svilupporaytech.com\/wp-content\/uploads\/easy-ramp-1.jpg\" \/>\n\t<meta property=\"og:image:width\" content=\"1024\" \/>\n\t<meta property=\"og:image:height\" content=\"1024\" \/>\n\t<meta property=\"og:image:type\" content=\"image\/jpeg\" \/>\n<meta name=\"twitter:card\" content=\"summary_large_image\" \/>\n<meta name=\"twitter:label1\" content=\"Tempo estimado de leitura\" \/>\n\t<meta name=\"twitter:data1\" content=\"1 minuto\" \/>\n<script type=\"application\/ld+json\" class=\"yoast-schema-graph\">{\"@context\":\"https:\/\/schema.org\",\"@graph\":[{\"@type\":\"WebPage\",\"@id\":\"https:\/\/svilupporaytech.com\/pt-pt\/produto\/cabos-de-aquecimento\/domesticos\/anticongelante-para-rampas-pt-pt\/potencia-constante-pt-pt-2\/esteira-de-aquecimento-constante-potencia\/\",\"url\":\"https:\/\/svilupporaytech.com\/pt-pt\/produto\/cabos-de-aquecimento\/domesticos\/anticongelante-para-rampas-pt-pt\/potencia-constante-pt-pt-2\/esteira-de-aquecimento-constante-potencia\/\",\"name\":\"Esteira de aquecimento constante pot\u00eancia | Raytech\",\"isPartOf\":{\"@id\":\"https:\/\/svilupporaytech.com\/#website\"},\"primaryImageOfPage\":{\"@id\":\"https:\/\/svilupporaytech.com\/pt-pt\/produto\/cabos-de-aquecimento\/domesticos\/anticongelante-para-rampas-pt-pt\/potencia-constante-pt-pt-2\/esteira-de-aquecimento-constante-potencia\/#primaryimage\"},\"image\":{\"@id\":\"https:\/\/svilupporaytech.com\/pt-pt\/produto\/cabos-de-aquecimento\/domesticos\/anticongelante-para-rampas-pt-pt\/potencia-constante-pt-pt-2\/esteira-de-aquecimento-constante-potencia\/#primaryimage\"},\"thumbnailUrl\":\"https:\/\/svilupporaytech.com\/wp-content\/uploads\/easy-ramp-1.jpg\",\"datePublished\":\"2016-01-28T10:49:37+00:00\",\"dateModified\":\"2019-08-01T13:59:38+00:00\",\"breadcrumb\":{\"@id\":\"https:\/\/svilupporaytech.com\/pt-pt\/produto\/cabos-de-aquecimento\/domesticos\/anticongelante-para-rampas-pt-pt\/potencia-constante-pt-pt-2\/esteira-de-aquecimento-constante-potencia\/#breadcrumb\"},\"inLanguage\":\"pt-PT\",\"potentialAction\":[{\"@type\":\"ReadAction\",\"target\":[\"https:\/\/svilupporaytech.com\/pt-pt\/produto\/cabos-de-aquecimento\/domesticos\/anticongelante-para-rampas-pt-pt\/potencia-constante-pt-pt-2\/esteira-de-aquecimento-constante-potencia\/\"]}]},{\"@type\":\"ImageObject\",\"inLanguage\":\"pt-PT\",\"@id\":\"https:\/\/svilupporaytech.com\/pt-pt\/produto\/cabos-de-aquecimento\/domesticos\/anticongelante-para-rampas-pt-pt\/potencia-constante-pt-pt-2\/esteira-de-aquecimento-constante-potencia\/#primaryimage\",\"url\":\"https:\/\/svilupporaytech.com\/wp-content\/uploads\/easy-ramp-1.jpg\",\"contentUrl\":\"https:\/\/svilupporaytech.com\/wp-content\/uploads\/easy-ramp-1.jpg\",\"width\":1024,\"height\":1024},{\"@type\":\"BreadcrumbList\",\"@id\":\"https:\/\/svilupporaytech.com\/pt-pt\/produto\/cabos-de-aquecimento\/domesticos\/anticongelante-para-rampas-pt-pt\/potencia-constante-pt-pt-2\/esteira-de-aquecimento-constante-potencia\/#breadcrumb\",\"itemListElement\":[{\"@type\":\"ListItem\",\"position\":1,\"name\":\"Home\",\"item\":\"https:\/\/svilupporaytech.com\/pt-pt\/\"},{\"@type\":\"ListItem\",\"position\":2,\"name\":\"Loja\",\"item\":\"https:\/\/svilupporaytech.com\/pt-pt\/loja\/\"},{\"@type\":\"ListItem\",\"position\":3,\"name\":\"Esteira de aquecimento constante pot\u00eancia\"}]},{\"@type\":\"WebSite\",\"@id\":\"https:\/\/svilupporaytech.com\/#website\",\"url\":\"https:\/\/svilupporaytech.com\/\",\"name\":\"Raytech\",\"description\":\"Cable accessories company\",\"potentialAction\":[{\"@type\":\"SearchAction\",\"target\":{\"@type\":\"EntryPoint\",\"urlTemplate\":\"https:\/\/svilupporaytech.com\/?s={search_term_string}\"},\"query-input\":\"required name=search_term_string\"}],\"inLanguage\":\"pt-PT\"}]}<\/script>\n<!-- \/ Yoast SEO plugin. -->","yoast_head_json":{"title":"Esteira de aquecimento constante pot\u00eancia | Raytech","robots":{"index":"index","follow":"follow","max-snippet":"max-snippet:-1","max-image-preview":"max-image-preview:large","max-video-preview":"max-video-preview:-1"},"canonical":"https:\/\/svilupporaytech.com\/pt-pt\/produto\/cabos-de-aquecimento\/domesticos\/anticongelante-para-rampas-pt-pt\/potencia-constante-pt-pt-2\/esteira-de-aquecimento-constante-potencia\/","og_locale":"pt_PT","og_type":"article","og_title":"Esteira de aquecimento constante pot\u00eancia | Raytech","og_description":"Easy Ramp Esteira de aquecimento constante pot\u00eancia O Raytech Easy Ramp \u00e9 constitu\u00eddo por um cabo de aquecimento de pot\u00eancia constante montado com uma correia para formar um tapete aquecido [\u2026]","og_url":"https:\/\/svilupporaytech.com\/pt-pt\/produto\/cabos-de-aquecimento\/domesticos\/anticongelante-para-rampas-pt-pt\/potencia-constante-pt-pt-2\/esteira-de-aquecimento-constante-potencia\/","og_site_name":"Raytech","article_modified_time":"2019-08-01T13:59:38+00:00","og_image":[{"width":1024,"height":1024,"url":"https:\/\/svilupporaytech.com\/wp-content\/uploads\/easy-ramp-1.jpg","type":"image\/jpeg"}],"twitter_card":"summary_large_image","twitter_misc":{"Tempo estimado de leitura":"1 minuto"},"schema":{"@context":"https:\/\/schema.org","@graph":[{"@type":"WebPage","@id":"https:\/\/svilupporaytech.com\/pt-pt\/produto\/cabos-de-aquecimento\/domesticos\/anticongelante-para-rampas-pt-pt\/potencia-constante-pt-pt-2\/esteira-de-aquecimento-constante-potencia\/","url":"https:\/\/svilupporaytech.com\/pt-pt\/produto\/cabos-de-aquecimento\/domesticos\/anticongelante-para-rampas-pt-pt\/potencia-constante-pt-pt-2\/esteira-de-aquecimento-constante-potencia\/","name":"Esteira de aquecimento constante pot\u00eancia | Raytech","isPartOf":{"@id":"https:\/\/svilupporaytech.com\/#website"},"primaryImageOfPage":{"@id":"https:\/\/svilupporaytech.com\/pt-pt\/produto\/cabos-de-aquecimento\/domesticos\/anticongelante-para-rampas-pt-pt\/potencia-constante-pt-pt-2\/esteira-de-aquecimento-constante-potencia\/#primaryimage"},"image":{"@id":"https:\/\/svilupporaytech.com\/pt-pt\/produto\/cabos-de-aquecimento\/domesticos\/anticongelante-para-rampas-pt-pt\/potencia-constante-pt-pt-2\/esteira-de-aquecimento-constante-potencia\/#primaryimage"},"thumbnailUrl":"https:\/\/svilupporaytech.com\/wp-content\/uploads\/easy-ramp-1.jpg","datePublished":"2016-01-28T10:49:37+00:00","dateModified":"2019-08-01T13:59:38+00:00","breadcrumb":{"@id":"https:\/\/svilupporaytech.com\/pt-pt\/produto\/cabos-de-aquecimento\/domesticos\/anticongelante-para-rampas-pt-pt\/potencia-constante-pt-pt-2\/esteira-de-aquecimento-constante-potencia\/#breadcrumb"},"inLanguage":"pt-PT","potentialAction":[{"@type":"ReadAction","target":["https:\/\/svilupporaytech.com\/pt-pt\/produto\/cabos-de-aquecimento\/domesticos\/anticongelante-para-rampas-pt-pt\/potencia-constante-pt-pt-2\/esteira-de-aquecimento-constante-potencia\/"]}]},{"@type":"ImageObject","inLanguage":"pt-PT","@id":"https:\/\/svilupporaytech.com\/pt-pt\/produto\/cabos-de-aquecimento\/domesticos\/anticongelante-para-rampas-pt-pt\/potencia-constante-pt-pt-2\/esteira-de-aquecimento-constante-potencia\/#primaryimage","url":"https:\/\/svilupporaytech.com\/wp-content\/uploads\/easy-ramp-1.jpg","contentUrl":"https:\/\/svilupporaytech.com\/wp-content\/uploads\/easy-ramp-1.jpg","width":1024,"height":1024},{"@type":"BreadcrumbList","@id":"https:\/\/svilupporaytech.com\/pt-pt\/produto\/cabos-de-aquecimento\/domesticos\/anticongelante-para-rampas-pt-pt\/potencia-constante-pt-pt-2\/esteira-de-aquecimento-constante-potencia\/#breadcrumb","itemListElement":[{"@type":"ListItem","position":1,"name":"Home","item":"https:\/\/svilupporaytech.com\/pt-pt\/"},{"@type":"ListItem","position":2,"name":"Loja","item":"https:\/\/svilupporaytech.com\/pt-pt\/loja\/"},{"@type":"ListItem","position":3,"name":"Esteira de aquecimento constante pot\u00eancia"}]},{"@type":"WebSite","@id":"https:\/\/svilupporaytech.com\/#website","url":"https:\/\/svilupporaytech.com\/","name":"Raytech","description":"Cable accessories company","potentialAction":[{"@type":"SearchAction","target":{"@type":"EntryPoint","urlTemplate":"https:\/\/svilupporaytech.com\/?s={search_term_string}"},"query-input":"required name=search_term_string"}],"inLanguage":"pt-PT"}]}},"_links":{"self":[{"href":"https:\/\/svilupporaytech.com\/pt-pt\/wp-json\/wp\/v2\/product\/8532"}],"collection":[{"href":"https:\/\/svilupporaytech.com\/pt-pt\/wp-json\/wp\/v2\/product"}],"about":[{"href":"https:\/\/svilupporaytech.com\/pt-pt\/wp-json\/wp\/v2\/types\/product"}],"wp:featuredmedia":[{"embeddable":true,"href":"https:\/\/svilupporaytech.com\/pt-pt\/wp-json\/wp\/v2\/media\/4465"}],"wp:attachment":[{"href":"https:\/\/svilupporaytech.com\/pt-pt\/wp-json\/wp\/v2\/media?parent=8532"}],"wp:term":[{"taxonomy":"product_cat","embeddable":true,"href":"https:\/\/svilupporaytech.com\/pt-pt\/wp-json\/wp\/v2\/product_cat?post=8532"},{"taxonomy":"product_tag","embeddable":true,"href":"https:\/\/svilupporaytech.com\/pt-pt\/wp-json\/wp\/v2\/product_tag?post=8532"}],"curies":[{"name":"wp","href":"https:\/\/api.w.org\/{rel}","templated":true}]}}