{"id":8534,"date":"2015-07-16T14:07:01","date_gmt":"2016-01-28T11:00:07","guid":{"rendered":"http:\/\/raytech.it\/?post_type=product&#038;p=8534&#038;lang=pt-pt"},"modified":"2019-07-31T15:28:31","modified_gmt":"2019-07-31T15:28:31","slug":"cavo-scaldante-autoregolante","status":"publish","type":"product","link":"https:\/\/svilupporaytech.com\/pt-pt\/produto\/cabos-de-aquecimento\/domesticos\/anticongelante-para-rampas-pt-pt\/autorregulador-pt-pt\/cavo-scaldante-autoregolante\/","title":{"rendered":"Cavo scaldante autoregolante"},"content":{"rendered":"<h4><span style=\"color: #e3001a;\">MCA Ramp<br \/>\nCabo de aquecimento autorregulador<\/span><\/h4>\n<p>O cabo \u00e9 usado, enterrado no cimento, para impedir a acumula\u00e7\u00e3o de gelo ou a sua forma\u00e7\u00e3o em rampas de acesso, escadas, passeios, \u00e1reas de emerg\u00eancia de estacionamento, passagens pedonais, etc. Adequado para rampas com cobertura em cimento, em tijolos autoblocante ou em asfalto, seja para tr\u00e1fico ligeiro, seja pesado. O cabo pode ser instalado em rampas em constru\u00e7\u00e3o, fixando-o \u00e0 rede eletrosoldada antes de p\u00f4r o tapete de cimento, ou em rampas j\u00e1 feitas, cortando as superf\u00edcies em cimento a encher com cimento pl\u00e1stico quando o cabo estiver instalado, ou simplesmente colocando o cabo na superf\u00edcie da rampa e deitando mais uma camada de cimento. Para projetos e or\u00e7amentos de tra\u00e7ado contactar a Raytech.<\/p>\n","protected":false},"excerpt":{"rendered":"<p>MCA Ramp Cabo de aquecimento autorregulador O cabo \u00e9 usado, enterrado no cimento, para impedir a acumula\u00e7\u00e3o de gelo ou a sua forma\u00e7\u00e3o em rampas de acesso, escadas, passeios, \u00e1reas<span class=\"excerpt-hellip\"> [\u2026]<\/span><\/p>\n","protected":false},"featured_media":1756,"template":"","meta":[],"product_cat":[346,351,353,421],"product_tag":[],"yoast_head":"<!-- This site is optimized with the Yoast SEO plugin v22.7 - https:\/\/yoast.com\/wordpress\/plugins\/seo\/ -->\n<title>Cavo scaldante autoregolante | Raytech<\/title>\n<meta name=\"robots\" content=\"index, follow, max-snippet:-1, max-image-preview:large, max-video-preview:-1\" \/>\n<link rel=\"canonical\" href=\"https:\/\/svilupporaytech.com\/pt-pt\/produto\/cabos-de-aquecimento\/domesticos\/anticongelante-para-rampas-pt-pt\/autorregulador-pt-pt\/cavo-scaldante-autoregolante\/\" \/>\n<meta property=\"og:locale\" content=\"pt_PT\" \/>\n<meta property=\"og:type\" content=\"article\" \/>\n<meta property=\"og:title\" content=\"Cavo scaldante autoregolante | Raytech\" \/>\n<meta property=\"og:description\" content=\"MCA Ramp Cabo de aquecimento autorregulador O cabo \u00e9 usado, enterrado no cimento, para impedir a acumula\u00e7\u00e3o de gelo ou a sua forma\u00e7\u00e3o em rampas de acesso, escadas, passeios, \u00e1reas [\u2026]\" \/>\n<meta property=\"og:url\" content=\"https:\/\/svilupporaytech.com\/pt-pt\/produto\/cabos-de-aquecimento\/domesticos\/anticongelante-para-rampas-pt-pt\/autorregulador-pt-pt\/cavo-scaldante-autoregolante\/\" \/>\n<meta property=\"og:site_name\" content=\"Raytech\" \/>\n<meta property=\"article:modified_time\" content=\"2019-07-31T15:28:31+00:00\" \/>\n<meta property=\"og:image\" content=\"https:\/\/svilupporaytech.com\/wp-content\/uploads\/mca-ramp.jpg\" \/>\n\t<meta property=\"og:image:width\" content=\"500\" \/>\n\t<meta property=\"og:image:height\" content=\"500\" \/>\n\t<meta property=\"og:image:type\" content=\"image\/jpeg\" \/>\n<meta name=\"twitter:card\" content=\"summary_large_image\" \/>\n<meta name=\"twitter:label1\" content=\"Tempo estimado de leitura\" \/>\n\t<meta name=\"twitter:data1\" content=\"1 minuto\" \/>\n<script type=\"application\/ld+json\" class=\"yoast-schema-graph\">{\"@context\":\"https:\/\/schema.org\",\"@graph\":[{\"@type\":\"WebPage\",\"@id\":\"https:\/\/svilupporaytech.com\/pt-pt\/produto\/cabos-de-aquecimento\/domesticos\/anticongelante-para-rampas-pt-pt\/autorregulador-pt-pt\/cavo-scaldante-autoregolante\/\",\"url\":\"https:\/\/svilupporaytech.com\/pt-pt\/produto\/cabos-de-aquecimento\/domesticos\/anticongelante-para-rampas-pt-pt\/autorregulador-pt-pt\/cavo-scaldante-autoregolante\/\",\"name\":\"Cavo scaldante autoregolante | Raytech\",\"isPartOf\":{\"@id\":\"https:\/\/svilupporaytech.com\/#website\"},\"primaryImageOfPage\":{\"@id\":\"https:\/\/svilupporaytech.com\/pt-pt\/produto\/cabos-de-aquecimento\/domesticos\/anticongelante-para-rampas-pt-pt\/autorregulador-pt-pt\/cavo-scaldante-autoregolante\/#primaryimage\"},\"image\":{\"@id\":\"https:\/\/svilupporaytech.com\/pt-pt\/produto\/cabos-de-aquecimento\/domesticos\/anticongelante-para-rampas-pt-pt\/autorregulador-pt-pt\/cavo-scaldante-autoregolante\/#primaryimage\"},\"thumbnailUrl\":\"https:\/\/svilupporaytech.com\/wp-content\/uploads\/mca-ramp.jpg\",\"datePublished\":\"2016-01-28T11:00:07+00:00\",\"dateModified\":\"2019-07-31T15:28:31+00:00\",\"breadcrumb\":{\"@id\":\"https:\/\/svilupporaytech.com\/pt-pt\/produto\/cabos-de-aquecimento\/domesticos\/anticongelante-para-rampas-pt-pt\/autorregulador-pt-pt\/cavo-scaldante-autoregolante\/#breadcrumb\"},\"inLanguage\":\"pt-PT\",\"potentialAction\":[{\"@type\":\"ReadAction\",\"target\":[\"https:\/\/svilupporaytech.com\/pt-pt\/produto\/cabos-de-aquecimento\/domesticos\/anticongelante-para-rampas-pt-pt\/autorregulador-pt-pt\/cavo-scaldante-autoregolante\/\"]}]},{\"@type\":\"ImageObject\",\"inLanguage\":\"pt-PT\",\"@id\":\"https:\/\/svilupporaytech.com\/pt-pt\/produto\/cabos-de-aquecimento\/domesticos\/anticongelante-para-rampas-pt-pt\/autorregulador-pt-pt\/cavo-scaldante-autoregolante\/#primaryimage\",\"url\":\"https:\/\/svilupporaytech.com\/wp-content\/uploads\/mca-ramp.jpg\",\"contentUrl\":\"https:\/\/svilupporaytech.com\/wp-content\/uploads\/mca-ramp.jpg\",\"width\":500,\"height\":500},{\"@type\":\"BreadcrumbList\",\"@id\":\"https:\/\/svilupporaytech.com\/pt-pt\/produto\/cabos-de-aquecimento\/domesticos\/anticongelante-para-rampas-pt-pt\/autorregulador-pt-pt\/cavo-scaldante-autoregolante\/#breadcrumb\",\"itemListElement\":[{\"@type\":\"ListItem\",\"position\":1,\"name\":\"Home\",\"item\":\"https:\/\/svilupporaytech.com\/pt-pt\/\"},{\"@type\":\"ListItem\",\"position\":2,\"name\":\"Loja\",\"item\":\"https:\/\/svilupporaytech.com\/pt-pt\/loja\/\"},{\"@type\":\"ListItem\",\"position\":3,\"name\":\"Cavo scaldante autoregolante\"}]},{\"@type\":\"WebSite\",\"@id\":\"https:\/\/svilupporaytech.com\/#website\",\"url\":\"https:\/\/svilupporaytech.com\/\",\"name\":\"Raytech\",\"description\":\"Cable accessories company\",\"potentialAction\":[{\"@type\":\"SearchAction\",\"target\":{\"@type\":\"EntryPoint\",\"urlTemplate\":\"https:\/\/svilupporaytech.com\/?s={search_term_string}\"},\"query-input\":\"required name=search_term_string\"}],\"inLanguage\":\"pt-PT\"}]}<\/script>\n<!-- \/ Yoast SEO plugin. -->","yoast_head_json":{"title":"Cavo scaldante autoregolante | Raytech","robots":{"index":"index","follow":"follow","max-snippet":"max-snippet:-1","max-image-preview":"max-image-preview:large","max-video-preview":"max-video-preview:-1"},"canonical":"https:\/\/svilupporaytech.com\/pt-pt\/produto\/cabos-de-aquecimento\/domesticos\/anticongelante-para-rampas-pt-pt\/autorregulador-pt-pt\/cavo-scaldante-autoregolante\/","og_locale":"pt_PT","og_type":"article","og_title":"Cavo scaldante autoregolante | Raytech","og_description":"MCA Ramp Cabo de aquecimento autorregulador O cabo \u00e9 usado, enterrado no cimento, para impedir a acumula\u00e7\u00e3o de gelo ou a sua forma\u00e7\u00e3o em rampas de acesso, escadas, passeios, \u00e1reas [\u2026]","og_url":"https:\/\/svilupporaytech.com\/pt-pt\/produto\/cabos-de-aquecimento\/domesticos\/anticongelante-para-rampas-pt-pt\/autorregulador-pt-pt\/cavo-scaldante-autoregolante\/","og_site_name":"Raytech","article_modified_time":"2019-07-31T15:28:31+00:00","og_image":[{"width":500,"height":500,"url":"https:\/\/svilupporaytech.com\/wp-content\/uploads\/mca-ramp.jpg","type":"image\/jpeg"}],"twitter_card":"summary_large_image","twitter_misc":{"Tempo estimado de leitura":"1 minuto"},"schema":{"@context":"https:\/\/schema.org","@graph":[{"@type":"WebPage","@id":"https:\/\/svilupporaytech.com\/pt-pt\/produto\/cabos-de-aquecimento\/domesticos\/anticongelante-para-rampas-pt-pt\/autorregulador-pt-pt\/cavo-scaldante-autoregolante\/","url":"https:\/\/svilupporaytech.com\/pt-pt\/produto\/cabos-de-aquecimento\/domesticos\/anticongelante-para-rampas-pt-pt\/autorregulador-pt-pt\/cavo-scaldante-autoregolante\/","name":"Cavo scaldante autoregolante | Raytech","isPartOf":{"@id":"https:\/\/svilupporaytech.com\/#website"},"primaryImageOfPage":{"@id":"https:\/\/svilupporaytech.com\/pt-pt\/produto\/cabos-de-aquecimento\/domesticos\/anticongelante-para-rampas-pt-pt\/autorregulador-pt-pt\/cavo-scaldante-autoregolante\/#primaryimage"},"image":{"@id":"https:\/\/svilupporaytech.com\/pt-pt\/produto\/cabos-de-aquecimento\/domesticos\/anticongelante-para-rampas-pt-pt\/autorregulador-pt-pt\/cavo-scaldante-autoregolante\/#primaryimage"},"thumbnailUrl":"https:\/\/svilupporaytech.com\/wp-content\/uploads\/mca-ramp.jpg","datePublished":"2016-01-28T11:00:07+00:00","dateModified":"2019-07-31T15:28:31+00:00","breadcrumb":{"@id":"https:\/\/svilupporaytech.com\/pt-pt\/produto\/cabos-de-aquecimento\/domesticos\/anticongelante-para-rampas-pt-pt\/autorregulador-pt-pt\/cavo-scaldante-autoregolante\/#breadcrumb"},"inLanguage":"pt-PT","potentialAction":[{"@type":"ReadAction","target":["https:\/\/svilupporaytech.com\/pt-pt\/produto\/cabos-de-aquecimento\/domesticos\/anticongelante-para-rampas-pt-pt\/autorregulador-pt-pt\/cavo-scaldante-autoregolante\/"]}]},{"@type":"ImageObject","inLanguage":"pt-PT","@id":"https:\/\/svilupporaytech.com\/pt-pt\/produto\/cabos-de-aquecimento\/domesticos\/anticongelante-para-rampas-pt-pt\/autorregulador-pt-pt\/cavo-scaldante-autoregolante\/#primaryimage","url":"https:\/\/svilupporaytech.com\/wp-content\/uploads\/mca-ramp.jpg","contentUrl":"https:\/\/svilupporaytech.com\/wp-content\/uploads\/mca-ramp.jpg","width":500,"height":500},{"@type":"BreadcrumbList","@id":"https:\/\/svilupporaytech.com\/pt-pt\/produto\/cabos-de-aquecimento\/domesticos\/anticongelante-para-rampas-pt-pt\/autorregulador-pt-pt\/cavo-scaldante-autoregolante\/#breadcrumb","itemListElement":[{"@type":"ListItem","position":1,"name":"Home","item":"https:\/\/svilupporaytech.com\/pt-pt\/"},{"@type":"ListItem","position":2,"name":"Loja","item":"https:\/\/svilupporaytech.com\/pt-pt\/loja\/"},{"@type":"ListItem","position":3,"name":"Cavo scaldante autoregolante"}]},{"@type":"WebSite","@id":"https:\/\/svilupporaytech.com\/#website","url":"https:\/\/svilupporaytech.com\/","name":"Raytech","description":"Cable accessories company","potentialAction":[{"@type":"SearchAction","target":{"@type":"EntryPoint","urlTemplate":"https:\/\/svilupporaytech.com\/?s={search_term_string}"},"query-input":"required name=search_term_string"}],"inLanguage":"pt-PT"}]}},"_links":{"self":[{"href":"https:\/\/svilupporaytech.com\/pt-pt\/wp-json\/wp\/v2\/product\/8534"}],"collection":[{"href":"https:\/\/svilupporaytech.com\/pt-pt\/wp-json\/wp\/v2\/product"}],"about":[{"href":"https:\/\/svilupporaytech.com\/pt-pt\/wp-json\/wp\/v2\/types\/product"}],"wp:featuredmedia":[{"embeddable":true,"href":"https:\/\/svilupporaytech.com\/pt-pt\/wp-json\/wp\/v2\/media\/1756"}],"wp:attachment":[{"href":"https:\/\/svilupporaytech.com\/pt-pt\/wp-json\/wp\/v2\/media?parent=8534"}],"wp:term":[{"taxonomy":"product_cat","embeddable":true,"href":"https:\/\/svilupporaytech.com\/pt-pt\/wp-json\/wp\/v2\/product_cat?post=8534"},{"taxonomy":"product_tag","embeddable":true,"href":"https:\/\/svilupporaytech.com\/pt-pt\/wp-json\/wp\/v2\/product_tag?post=8534"}],"curies":[{"name":"wp","href":"https:\/\/api.w.org\/{rel}","templated":true}]}}