{"id":8541,"date":"2015-07-16T14:23:02","date_gmt":"2016-01-28T11:30:41","guid":{"rendered":"http:\/\/raytech.it\/?post_type=product&#038;p=8541&#038;lang=pt-pt"},"modified":"2023-06-16T15:28:05","modified_gmt":"2023-06-16T14:28:05","slug":"anticongelante-de-manutencao-e-aquecimento-ate-a-65c-continua-85c-intermitente","status":"publish","type":"product","link":"https:\/\/svilupporaytech.com\/pt-pt\/produto\/cabos-de-aquecimento\/industriais\/anticongelante-de-manutencao-e-aquecimento-ate-a-65c-continua-85c-intermitente\/","title":{"rendered":"Anticongelante de manuten\u00e7\u00e3o e aquecimento at\u00e9 a 65\u00b0C cont\u00ednua 85\u00b0C intermitente"},"content":{"rendered":"<h4><span style=\"color: #ed1c24;\">MCA<br \/>\nCabos de aquecimento autorreguladores para utiliza\u00e7\u00e3o anticongelante ou manuten\u00e7\u00e3o de temperaturas com exposi\u00e7\u00e3o a solu\u00e7\u00f5es inorg\u00e2nicas brandas<\/span><\/h4>\n<p>Indicados para aplica\u00e7\u00f5es de anticongelante ou para a manuten\u00e7\u00e3o de temperaturas de processo <strong>at\u00e9 65\u00b0C<\/strong> em tubos e dep\u00f3sitos. N\u00e3o podem ser utilizados se estiverem previstas lavagens com vapor ou exposi\u00e7\u00f5es cont\u00ednuas a \u00e1cidos e corrosivos org\u00e2nicos fortes.<\/p>\n<h4 class=\"title-description-product\" style=\"padding-top: 30px;\"><span style=\"color: #ed1c24;\">MCA-I-PF<br \/>\nCabos de aquecimento autorreguladores para utiliza\u00e7\u00e3o anticongelante ou manuten\u00e7\u00e3o de temperaturas com exposi\u00e7\u00e3o a solu\u00e7\u00f5es agressivas.<\/span><\/h4>\n<p>Indicados para aplica\u00e7\u00f5es de anticongelante ou para a manuten\u00e7\u00e3o de temperaturas de processo at\u00e9 65\u00b0C em tubos e dep\u00f3sitos. N\u00e3o podem ser utilizados se estiverem previstas lavagens com vapor ou exposi\u00e7\u00f5es cont\u00ednuas a \u00e1cidos e corrosivos org\u00e2nicos fortes.<\/p>\n","protected":false},"excerpt":{"rendered":"<p>MCA Cabos de aquecimento autorreguladores para utiliza\u00e7\u00e3o anticongelante ou manuten\u00e7\u00e3o de temperaturas com exposi\u00e7\u00e3o a solu\u00e7\u00f5es inorg\u00e2nicas brandas Indicados para aplica\u00e7\u00f5es de anticongelante ou para a manuten\u00e7\u00e3o de temperaturas de<span class=\"excerpt-hellip\"> [\u2026]<\/span><\/p>\n","protected":false},"featured_media":33847,"template":"","meta":[],"product_cat":[346,355],"product_tag":[],"yoast_head":"<!-- This site is optimized with the Yoast SEO plugin v22.7 - https:\/\/yoast.com\/wordpress\/plugins\/seo\/ -->\n<title>Anticongelante de manuten\u00e7\u00e3o e aquecimento at\u00e9 a 65\u00b0C cont\u00ednua 85\u00b0C intermitente | Raytech<\/title>\n<meta name=\"robots\" content=\"index, follow, max-snippet:-1, max-image-preview:large, max-video-preview:-1\" \/>\n<link rel=\"canonical\" href=\"https:\/\/svilupporaytech.com\/pt-pt\/produto\/cabos-de-aquecimento\/industriais\/anticongelante-de-manutencao-e-aquecimento-ate-a-65c-continua-85c-intermitente\/\" \/>\n<meta property=\"og:locale\" content=\"pt_PT\" \/>\n<meta property=\"og:type\" content=\"article\" \/>\n<meta property=\"og:title\" content=\"Anticongelante de manuten\u00e7\u00e3o e aquecimento at\u00e9 a 65\u00b0C cont\u00ednua 85\u00b0C intermitente | Raytech\" \/>\n<meta property=\"og:description\" content=\"MCA Cabos de aquecimento autorreguladores para utiliza\u00e7\u00e3o anticongelante ou manuten\u00e7\u00e3o de temperaturas com exposi\u00e7\u00e3o a solu\u00e7\u00f5es inorg\u00e2nicas brandas Indicados para aplica\u00e7\u00f5es de anticongelante ou para a manuten\u00e7\u00e3o de temperaturas de [\u2026]\" \/>\n<meta property=\"og:url\" content=\"https:\/\/svilupporaytech.com\/pt-pt\/produto\/cabos-de-aquecimento\/industriais\/anticongelante-de-manutencao-e-aquecimento-ate-a-65c-continua-85c-intermitente\/\" \/>\n<meta property=\"og:site_name\" content=\"Raytech\" \/>\n<meta property=\"article:modified_time\" content=\"2023-06-16T14:28:05+00:00\" \/>\n<meta property=\"og:image\" content=\"https:\/\/svilupporaytech.com\/wp-content\/uploads\/MCA-3.jpg\" \/>\n\t<meta property=\"og:image:width\" content=\"755\" \/>\n\t<meta property=\"og:image:height\" content=\"755\" \/>\n\t<meta property=\"og:image:type\" content=\"image\/jpeg\" \/>\n<meta name=\"twitter:card\" content=\"summary_large_image\" \/>\n<meta name=\"twitter:label1\" content=\"Tempo estimado de leitura\" \/>\n\t<meta name=\"twitter:data1\" content=\"1 minuto\" \/>\n<script type=\"application\/ld+json\" class=\"yoast-schema-graph\">{\"@context\":\"https:\/\/schema.org\",\"@graph\":[{\"@type\":\"WebPage\",\"@id\":\"https:\/\/svilupporaytech.com\/pt-pt\/produto\/cabos-de-aquecimento\/industriais\/anticongelante-de-manutencao-e-aquecimento-ate-a-65c-continua-85c-intermitente\/\",\"url\":\"https:\/\/svilupporaytech.com\/pt-pt\/produto\/cabos-de-aquecimento\/industriais\/anticongelante-de-manutencao-e-aquecimento-ate-a-65c-continua-85c-intermitente\/\",\"name\":\"Anticongelante de manuten\u00e7\u00e3o e aquecimento at\u00e9 a 65\u00b0C cont\u00ednua 85\u00b0C intermitente | Raytech\",\"isPartOf\":{\"@id\":\"https:\/\/svilupporaytech.com\/#website\"},\"primaryImageOfPage\":{\"@id\":\"https:\/\/svilupporaytech.com\/pt-pt\/produto\/cabos-de-aquecimento\/industriais\/anticongelante-de-manutencao-e-aquecimento-ate-a-65c-continua-85c-intermitente\/#primaryimage\"},\"image\":{\"@id\":\"https:\/\/svilupporaytech.com\/pt-pt\/produto\/cabos-de-aquecimento\/industriais\/anticongelante-de-manutencao-e-aquecimento-ate-a-65c-continua-85c-intermitente\/#primaryimage\"},\"thumbnailUrl\":\"https:\/\/svilupporaytech.com\/wp-content\/uploads\/MCA-3.jpg\",\"datePublished\":\"2016-01-28T11:30:41+00:00\",\"dateModified\":\"2023-06-16T14:28:05+00:00\",\"breadcrumb\":{\"@id\":\"https:\/\/svilupporaytech.com\/pt-pt\/produto\/cabos-de-aquecimento\/industriais\/anticongelante-de-manutencao-e-aquecimento-ate-a-65c-continua-85c-intermitente\/#breadcrumb\"},\"inLanguage\":\"pt-PT\",\"potentialAction\":[{\"@type\":\"ReadAction\",\"target\":[\"https:\/\/svilupporaytech.com\/pt-pt\/produto\/cabos-de-aquecimento\/industriais\/anticongelante-de-manutencao-e-aquecimento-ate-a-65c-continua-85c-intermitente\/\"]}]},{\"@type\":\"ImageObject\",\"inLanguage\":\"pt-PT\",\"@id\":\"https:\/\/svilupporaytech.com\/pt-pt\/produto\/cabos-de-aquecimento\/industriais\/anticongelante-de-manutencao-e-aquecimento-ate-a-65c-continua-85c-intermitente\/#primaryimage\",\"url\":\"https:\/\/svilupporaytech.com\/wp-content\/uploads\/MCA-3.jpg\",\"contentUrl\":\"https:\/\/svilupporaytech.com\/wp-content\/uploads\/MCA-3.jpg\",\"width\":755,\"height\":755},{\"@type\":\"BreadcrumbList\",\"@id\":\"https:\/\/svilupporaytech.com\/pt-pt\/produto\/cabos-de-aquecimento\/industriais\/anticongelante-de-manutencao-e-aquecimento-ate-a-65c-continua-85c-intermitente\/#breadcrumb\",\"itemListElement\":[{\"@type\":\"ListItem\",\"position\":1,\"name\":\"Home\",\"item\":\"https:\/\/svilupporaytech.com\/pt-pt\/\"},{\"@type\":\"ListItem\",\"position\":2,\"name\":\"Loja\",\"item\":\"https:\/\/svilupporaytech.com\/pt-pt\/loja\/\"},{\"@type\":\"ListItem\",\"position\":3,\"name\":\"Anticongelante de manuten\u00e7\u00e3o e aquecimento at\u00e9 a 65\u00b0C cont\u00ednua 85\u00b0C intermitente\"}]},{\"@type\":\"WebSite\",\"@id\":\"https:\/\/svilupporaytech.com\/#website\",\"url\":\"https:\/\/svilupporaytech.com\/\",\"name\":\"Raytech\",\"description\":\"Cable accessories company\",\"potentialAction\":[{\"@type\":\"SearchAction\",\"target\":{\"@type\":\"EntryPoint\",\"urlTemplate\":\"https:\/\/svilupporaytech.com\/?s={search_term_string}\"},\"query-input\":\"required name=search_term_string\"}],\"inLanguage\":\"pt-PT\"}]}<\/script>\n<!-- \/ Yoast SEO plugin. -->","yoast_head_json":{"title":"Anticongelante de manuten\u00e7\u00e3o e aquecimento at\u00e9 a 65\u00b0C cont\u00ednua 85\u00b0C intermitente | Raytech","robots":{"index":"index","follow":"follow","max-snippet":"max-snippet:-1","max-image-preview":"max-image-preview:large","max-video-preview":"max-video-preview:-1"},"canonical":"https:\/\/svilupporaytech.com\/pt-pt\/produto\/cabos-de-aquecimento\/industriais\/anticongelante-de-manutencao-e-aquecimento-ate-a-65c-continua-85c-intermitente\/","og_locale":"pt_PT","og_type":"article","og_title":"Anticongelante de manuten\u00e7\u00e3o e aquecimento at\u00e9 a 65\u00b0C cont\u00ednua 85\u00b0C intermitente | Raytech","og_description":"MCA Cabos de aquecimento autorreguladores para utiliza\u00e7\u00e3o anticongelante ou manuten\u00e7\u00e3o de temperaturas com exposi\u00e7\u00e3o a solu\u00e7\u00f5es inorg\u00e2nicas brandas Indicados para aplica\u00e7\u00f5es de anticongelante ou para a manuten\u00e7\u00e3o de temperaturas de [\u2026]","og_url":"https:\/\/svilupporaytech.com\/pt-pt\/produto\/cabos-de-aquecimento\/industriais\/anticongelante-de-manutencao-e-aquecimento-ate-a-65c-continua-85c-intermitente\/","og_site_name":"Raytech","article_modified_time":"2023-06-16T14:28:05+00:00","og_image":[{"width":755,"height":755,"url":"https:\/\/svilupporaytech.com\/wp-content\/uploads\/MCA-3.jpg","type":"image\/jpeg"}],"twitter_card":"summary_large_image","twitter_misc":{"Tempo estimado de leitura":"1 minuto"},"schema":{"@context":"https:\/\/schema.org","@graph":[{"@type":"WebPage","@id":"https:\/\/svilupporaytech.com\/pt-pt\/produto\/cabos-de-aquecimento\/industriais\/anticongelante-de-manutencao-e-aquecimento-ate-a-65c-continua-85c-intermitente\/","url":"https:\/\/svilupporaytech.com\/pt-pt\/produto\/cabos-de-aquecimento\/industriais\/anticongelante-de-manutencao-e-aquecimento-ate-a-65c-continua-85c-intermitente\/","name":"Anticongelante de manuten\u00e7\u00e3o e aquecimento at\u00e9 a 65\u00b0C cont\u00ednua 85\u00b0C intermitente | Raytech","isPartOf":{"@id":"https:\/\/svilupporaytech.com\/#website"},"primaryImageOfPage":{"@id":"https:\/\/svilupporaytech.com\/pt-pt\/produto\/cabos-de-aquecimento\/industriais\/anticongelante-de-manutencao-e-aquecimento-ate-a-65c-continua-85c-intermitente\/#primaryimage"},"image":{"@id":"https:\/\/svilupporaytech.com\/pt-pt\/produto\/cabos-de-aquecimento\/industriais\/anticongelante-de-manutencao-e-aquecimento-ate-a-65c-continua-85c-intermitente\/#primaryimage"},"thumbnailUrl":"https:\/\/svilupporaytech.com\/wp-content\/uploads\/MCA-3.jpg","datePublished":"2016-01-28T11:30:41+00:00","dateModified":"2023-06-16T14:28:05+00:00","breadcrumb":{"@id":"https:\/\/svilupporaytech.com\/pt-pt\/produto\/cabos-de-aquecimento\/industriais\/anticongelante-de-manutencao-e-aquecimento-ate-a-65c-continua-85c-intermitente\/#breadcrumb"},"inLanguage":"pt-PT","potentialAction":[{"@type":"ReadAction","target":["https:\/\/svilupporaytech.com\/pt-pt\/produto\/cabos-de-aquecimento\/industriais\/anticongelante-de-manutencao-e-aquecimento-ate-a-65c-continua-85c-intermitente\/"]}]},{"@type":"ImageObject","inLanguage":"pt-PT","@id":"https:\/\/svilupporaytech.com\/pt-pt\/produto\/cabos-de-aquecimento\/industriais\/anticongelante-de-manutencao-e-aquecimento-ate-a-65c-continua-85c-intermitente\/#primaryimage","url":"https:\/\/svilupporaytech.com\/wp-content\/uploads\/MCA-3.jpg","contentUrl":"https:\/\/svilupporaytech.com\/wp-content\/uploads\/MCA-3.jpg","width":755,"height":755},{"@type":"BreadcrumbList","@id":"https:\/\/svilupporaytech.com\/pt-pt\/produto\/cabos-de-aquecimento\/industriais\/anticongelante-de-manutencao-e-aquecimento-ate-a-65c-continua-85c-intermitente\/#breadcrumb","itemListElement":[{"@type":"ListItem","position":1,"name":"Home","item":"https:\/\/svilupporaytech.com\/pt-pt\/"},{"@type":"ListItem","position":2,"name":"Loja","item":"https:\/\/svilupporaytech.com\/pt-pt\/loja\/"},{"@type":"ListItem","position":3,"name":"Anticongelante de manuten\u00e7\u00e3o e aquecimento at\u00e9 a 65\u00b0C cont\u00ednua 85\u00b0C intermitente"}]},{"@type":"WebSite","@id":"https:\/\/svilupporaytech.com\/#website","url":"https:\/\/svilupporaytech.com\/","name":"Raytech","description":"Cable accessories company","potentialAction":[{"@type":"SearchAction","target":{"@type":"EntryPoint","urlTemplate":"https:\/\/svilupporaytech.com\/?s={search_term_string}"},"query-input":"required name=search_term_string"}],"inLanguage":"pt-PT"}]}},"_links":{"self":[{"href":"https:\/\/svilupporaytech.com\/pt-pt\/wp-json\/wp\/v2\/product\/8541"}],"collection":[{"href":"https:\/\/svilupporaytech.com\/pt-pt\/wp-json\/wp\/v2\/product"}],"about":[{"href":"https:\/\/svilupporaytech.com\/pt-pt\/wp-json\/wp\/v2\/types\/product"}],"wp:featuredmedia":[{"embeddable":true,"href":"https:\/\/svilupporaytech.com\/pt-pt\/wp-json\/wp\/v2\/media\/33847"}],"wp:attachment":[{"href":"https:\/\/svilupporaytech.com\/pt-pt\/wp-json\/wp\/v2\/media?parent=8541"}],"wp:term":[{"taxonomy":"product_cat","embeddable":true,"href":"https:\/\/svilupporaytech.com\/pt-pt\/wp-json\/wp\/v2\/product_cat?post=8541"},{"taxonomy":"product_tag","embeddable":true,"href":"https:\/\/svilupporaytech.com\/pt-pt\/wp-json\/wp\/v2\/product_tag?post=8541"}],"curies":[{"name":"wp","href":"https:\/\/api.w.org\/{rel}","templated":true}]}}