{"id":8543,"date":"2015-07-16T14:31:55","date_gmt":"2016-01-28T11:38:23","guid":{"rendered":"http:\/\/raytech.it\/?post_type=product&#038;p=8543&#038;lang=pt-pt"},"modified":"2016-01-28T11:40:03","modified_gmt":"2016-01-28T11:40:03","slug":"anticongelante-de-manutencao-aquecimento-e-lavagem-ate-a-120c-continua-190c-intermittente","status":"publish","type":"product","link":"https:\/\/svilupporaytech.com\/pt-pt\/produto\/cabos-de-aquecimento\/industriais\/anticongelante-de-manutencao-aquecimento-e-lavagem-ate-a-120c-continua-190c-intermittente\/","title":{"rendered":"Anticongelante de manuten\u00e7\u00e3o, aquecimento e lavagem at\u00e9 a 120\u00b0C cont\u00ednua 190\u00b0C intermittente"},"content":{"rendered":"<h4><span style=\"color: #e3001a;\">MCA-I-FF<br \/>\nCabos de aquecimento autorreguladores para utiliza\u00e7\u00e3o anticongelante ou manuten\u00e7\u00e3o de temperaturas com exposi\u00e7\u00e3o a \u00e1cidos e corrosivos e altas temperaturas<\/span><\/h4>\n<p>Indicados para a manuten\u00e7\u00e3o das temperaturas de processo <strong>at\u00e9 120\u00b0C<\/strong> em tubos ou dep\u00f3sitos, mesmo na presen\u00e7a de \u00e1cidos e corrosivos, ou para utiliza\u00e7\u00e3o anticongelante mesmo na presen\u00e7a de \u00e1cidos e corrosivos e caso estejam previstos tratamentos t\u00e9rmicos a alta temperatura, como lavagens a vapor, <strong>at\u00e9 190\u00b0C.<\/strong><\/p>\n","protected":false},"excerpt":{"rendered":"<p>MCA-I-FF Cabos de aquecimento autorreguladores para utiliza\u00e7\u00e3o anticongelante ou manuten\u00e7\u00e3o de temperaturas com exposi\u00e7\u00e3o a \u00e1cidos e corrosivos e altas temperaturas Indicados para a manuten\u00e7\u00e3o das temperaturas de processo at\u00e9<span class=\"excerpt-hellip\"> [\u2026]<\/span><\/p>\n","protected":false},"featured_media":6915,"template":"","meta":[],"product_cat":[346,355],"product_tag":[],"yoast_head":"<!-- This site is optimized with the Yoast SEO plugin v22.7 - https:\/\/yoast.com\/wordpress\/plugins\/seo\/ -->\n<title>Anticongelante de manuten\u00e7\u00e3o, aquecimento e lavagem at\u00e9 a 120\u00b0C cont\u00ednua 190\u00b0C intermittente | Raytech<\/title>\n<meta name=\"robots\" content=\"index, follow, max-snippet:-1, max-image-preview:large, max-video-preview:-1\" \/>\n<link rel=\"canonical\" href=\"https:\/\/svilupporaytech.com\/pt-pt\/produto\/cabos-de-aquecimento\/industriais\/anticongelante-de-manutencao-aquecimento-e-lavagem-ate-a-120c-continua-190c-intermittente\/\" \/>\n<meta property=\"og:locale\" content=\"pt_PT\" \/>\n<meta property=\"og:type\" content=\"article\" \/>\n<meta property=\"og:title\" content=\"Anticongelante de manuten\u00e7\u00e3o, aquecimento e lavagem at\u00e9 a 120\u00b0C cont\u00ednua 190\u00b0C intermittente | Raytech\" \/>\n<meta property=\"og:description\" content=\"MCA-I-FF Cabos de aquecimento autorreguladores para utiliza\u00e7\u00e3o anticongelante ou manuten\u00e7\u00e3o de temperaturas com exposi\u00e7\u00e3o a \u00e1cidos e corrosivos e altas temperaturas Indicados para a manuten\u00e7\u00e3o das temperaturas de processo at\u00e9 [\u2026]\" \/>\n<meta property=\"og:url\" content=\"https:\/\/svilupporaytech.com\/pt-pt\/produto\/cabos-de-aquecimento\/industriais\/anticongelante-de-manutencao-aquecimento-e-lavagem-ate-a-120c-continua-190c-intermittente\/\" \/>\n<meta property=\"og:site_name\" content=\"Raytech\" \/>\n<meta property=\"article:modified_time\" content=\"2016-01-28T11:40:03+00:00\" \/>\n<meta property=\"og:image\" content=\"https:\/\/svilupporaytech.com\/wp-content\/uploads\/mca-i-ff1.jpg\" \/>\n\t<meta property=\"og:image:width\" content=\"1024\" \/>\n\t<meta property=\"og:image:height\" content=\"1024\" \/>\n\t<meta property=\"og:image:type\" content=\"image\/jpeg\" \/>\n<meta name=\"twitter:card\" content=\"summary_large_image\" \/>\n<script type=\"application\/ld+json\" class=\"yoast-schema-graph\">{\"@context\":\"https:\/\/schema.org\",\"@graph\":[{\"@type\":\"WebPage\",\"@id\":\"https:\/\/svilupporaytech.com\/pt-pt\/produto\/cabos-de-aquecimento\/industriais\/anticongelante-de-manutencao-aquecimento-e-lavagem-ate-a-120c-continua-190c-intermittente\/\",\"url\":\"https:\/\/svilupporaytech.com\/pt-pt\/produto\/cabos-de-aquecimento\/industriais\/anticongelante-de-manutencao-aquecimento-e-lavagem-ate-a-120c-continua-190c-intermittente\/\",\"name\":\"Anticongelante de manuten\u00e7\u00e3o, aquecimento e lavagem at\u00e9 a 120\u00b0C cont\u00ednua 190\u00b0C intermittente | Raytech\",\"isPartOf\":{\"@id\":\"https:\/\/svilupporaytech.com\/#website\"},\"primaryImageOfPage\":{\"@id\":\"https:\/\/svilupporaytech.com\/pt-pt\/produto\/cabos-de-aquecimento\/industriais\/anticongelante-de-manutencao-aquecimento-e-lavagem-ate-a-120c-continua-190c-intermittente\/#primaryimage\"},\"image\":{\"@id\":\"https:\/\/svilupporaytech.com\/pt-pt\/produto\/cabos-de-aquecimento\/industriais\/anticongelante-de-manutencao-aquecimento-e-lavagem-ate-a-120c-continua-190c-intermittente\/#primaryimage\"},\"thumbnailUrl\":\"https:\/\/svilupporaytech.com\/wp-content\/uploads\/mca-i-ff1.jpg\",\"datePublished\":\"2016-01-28T11:38:23+00:00\",\"dateModified\":\"2016-01-28T11:40:03+00:00\",\"breadcrumb\":{\"@id\":\"https:\/\/svilupporaytech.com\/pt-pt\/produto\/cabos-de-aquecimento\/industriais\/anticongelante-de-manutencao-aquecimento-e-lavagem-ate-a-120c-continua-190c-intermittente\/#breadcrumb\"},\"inLanguage\":\"pt-PT\",\"potentialAction\":[{\"@type\":\"ReadAction\",\"target\":[\"https:\/\/svilupporaytech.com\/pt-pt\/produto\/cabos-de-aquecimento\/industriais\/anticongelante-de-manutencao-aquecimento-e-lavagem-ate-a-120c-continua-190c-intermittente\/\"]}]},{\"@type\":\"ImageObject\",\"inLanguage\":\"pt-PT\",\"@id\":\"https:\/\/svilupporaytech.com\/pt-pt\/produto\/cabos-de-aquecimento\/industriais\/anticongelante-de-manutencao-aquecimento-e-lavagem-ate-a-120c-continua-190c-intermittente\/#primaryimage\",\"url\":\"https:\/\/svilupporaytech.com\/wp-content\/uploads\/mca-i-ff1.jpg\",\"contentUrl\":\"https:\/\/svilupporaytech.com\/wp-content\/uploads\/mca-i-ff1.jpg\",\"width\":1024,\"height\":1024},{\"@type\":\"BreadcrumbList\",\"@id\":\"https:\/\/svilupporaytech.com\/pt-pt\/produto\/cabos-de-aquecimento\/industriais\/anticongelante-de-manutencao-aquecimento-e-lavagem-ate-a-120c-continua-190c-intermittente\/#breadcrumb\",\"itemListElement\":[{\"@type\":\"ListItem\",\"position\":1,\"name\":\"Home\",\"item\":\"https:\/\/svilupporaytech.com\/pt-pt\/\"},{\"@type\":\"ListItem\",\"position\":2,\"name\":\"Loja\",\"item\":\"https:\/\/svilupporaytech.com\/pt-pt\/loja\/\"},{\"@type\":\"ListItem\",\"position\":3,\"name\":\"Anticongelante de manuten\u00e7\u00e3o, aquecimento e lavagem at\u00e9 a 120\u00b0C cont\u00ednua 190\u00b0C intermittente\"}]},{\"@type\":\"WebSite\",\"@id\":\"https:\/\/svilupporaytech.com\/#website\",\"url\":\"https:\/\/svilupporaytech.com\/\",\"name\":\"Raytech\",\"description\":\"Cable accessories company\",\"potentialAction\":[{\"@type\":\"SearchAction\",\"target\":{\"@type\":\"EntryPoint\",\"urlTemplate\":\"https:\/\/svilupporaytech.com\/?s={search_term_string}\"},\"query-input\":\"required name=search_term_string\"}],\"inLanguage\":\"pt-PT\"}]}<\/script>\n<!-- \/ Yoast SEO plugin. -->","yoast_head_json":{"title":"Anticongelante de manuten\u00e7\u00e3o, aquecimento e lavagem at\u00e9 a 120\u00b0C cont\u00ednua 190\u00b0C intermittente | Raytech","robots":{"index":"index","follow":"follow","max-snippet":"max-snippet:-1","max-image-preview":"max-image-preview:large","max-video-preview":"max-video-preview:-1"},"canonical":"https:\/\/svilupporaytech.com\/pt-pt\/produto\/cabos-de-aquecimento\/industriais\/anticongelante-de-manutencao-aquecimento-e-lavagem-ate-a-120c-continua-190c-intermittente\/","og_locale":"pt_PT","og_type":"article","og_title":"Anticongelante de manuten\u00e7\u00e3o, aquecimento e lavagem at\u00e9 a 120\u00b0C cont\u00ednua 190\u00b0C intermittente | Raytech","og_description":"MCA-I-FF Cabos de aquecimento autorreguladores para utiliza\u00e7\u00e3o anticongelante ou manuten\u00e7\u00e3o de temperaturas com exposi\u00e7\u00e3o a \u00e1cidos e corrosivos e altas temperaturas Indicados para a manuten\u00e7\u00e3o das temperaturas de processo at\u00e9 [\u2026]","og_url":"https:\/\/svilupporaytech.com\/pt-pt\/produto\/cabos-de-aquecimento\/industriais\/anticongelante-de-manutencao-aquecimento-e-lavagem-ate-a-120c-continua-190c-intermittente\/","og_site_name":"Raytech","article_modified_time":"2016-01-28T11:40:03+00:00","og_image":[{"width":1024,"height":1024,"url":"https:\/\/svilupporaytech.com\/wp-content\/uploads\/mca-i-ff1.jpg","type":"image\/jpeg"}],"twitter_card":"summary_large_image","schema":{"@context":"https:\/\/schema.org","@graph":[{"@type":"WebPage","@id":"https:\/\/svilupporaytech.com\/pt-pt\/produto\/cabos-de-aquecimento\/industriais\/anticongelante-de-manutencao-aquecimento-e-lavagem-ate-a-120c-continua-190c-intermittente\/","url":"https:\/\/svilupporaytech.com\/pt-pt\/produto\/cabos-de-aquecimento\/industriais\/anticongelante-de-manutencao-aquecimento-e-lavagem-ate-a-120c-continua-190c-intermittente\/","name":"Anticongelante de manuten\u00e7\u00e3o, aquecimento e lavagem at\u00e9 a 120\u00b0C cont\u00ednua 190\u00b0C intermittente | Raytech","isPartOf":{"@id":"https:\/\/svilupporaytech.com\/#website"},"primaryImageOfPage":{"@id":"https:\/\/svilupporaytech.com\/pt-pt\/produto\/cabos-de-aquecimento\/industriais\/anticongelante-de-manutencao-aquecimento-e-lavagem-ate-a-120c-continua-190c-intermittente\/#primaryimage"},"image":{"@id":"https:\/\/svilupporaytech.com\/pt-pt\/produto\/cabos-de-aquecimento\/industriais\/anticongelante-de-manutencao-aquecimento-e-lavagem-ate-a-120c-continua-190c-intermittente\/#primaryimage"},"thumbnailUrl":"https:\/\/svilupporaytech.com\/wp-content\/uploads\/mca-i-ff1.jpg","datePublished":"2016-01-28T11:38:23+00:00","dateModified":"2016-01-28T11:40:03+00:00","breadcrumb":{"@id":"https:\/\/svilupporaytech.com\/pt-pt\/produto\/cabos-de-aquecimento\/industriais\/anticongelante-de-manutencao-aquecimento-e-lavagem-ate-a-120c-continua-190c-intermittente\/#breadcrumb"},"inLanguage":"pt-PT","potentialAction":[{"@type":"ReadAction","target":["https:\/\/svilupporaytech.com\/pt-pt\/produto\/cabos-de-aquecimento\/industriais\/anticongelante-de-manutencao-aquecimento-e-lavagem-ate-a-120c-continua-190c-intermittente\/"]}]},{"@type":"ImageObject","inLanguage":"pt-PT","@id":"https:\/\/svilupporaytech.com\/pt-pt\/produto\/cabos-de-aquecimento\/industriais\/anticongelante-de-manutencao-aquecimento-e-lavagem-ate-a-120c-continua-190c-intermittente\/#primaryimage","url":"https:\/\/svilupporaytech.com\/wp-content\/uploads\/mca-i-ff1.jpg","contentUrl":"https:\/\/svilupporaytech.com\/wp-content\/uploads\/mca-i-ff1.jpg","width":1024,"height":1024},{"@type":"BreadcrumbList","@id":"https:\/\/svilupporaytech.com\/pt-pt\/produto\/cabos-de-aquecimento\/industriais\/anticongelante-de-manutencao-aquecimento-e-lavagem-ate-a-120c-continua-190c-intermittente\/#breadcrumb","itemListElement":[{"@type":"ListItem","position":1,"name":"Home","item":"https:\/\/svilupporaytech.com\/pt-pt\/"},{"@type":"ListItem","position":2,"name":"Loja","item":"https:\/\/svilupporaytech.com\/pt-pt\/loja\/"},{"@type":"ListItem","position":3,"name":"Anticongelante de manuten\u00e7\u00e3o, aquecimento e lavagem at\u00e9 a 120\u00b0C cont\u00ednua 190\u00b0C intermittente"}]},{"@type":"WebSite","@id":"https:\/\/svilupporaytech.com\/#website","url":"https:\/\/svilupporaytech.com\/","name":"Raytech","description":"Cable accessories company","potentialAction":[{"@type":"SearchAction","target":{"@type":"EntryPoint","urlTemplate":"https:\/\/svilupporaytech.com\/?s={search_term_string}"},"query-input":"required name=search_term_string"}],"inLanguage":"pt-PT"}]}},"_links":{"self":[{"href":"https:\/\/svilupporaytech.com\/pt-pt\/wp-json\/wp\/v2\/product\/8543"}],"collection":[{"href":"https:\/\/svilupporaytech.com\/pt-pt\/wp-json\/wp\/v2\/product"}],"about":[{"href":"https:\/\/svilupporaytech.com\/pt-pt\/wp-json\/wp\/v2\/types\/product"}],"wp:featuredmedia":[{"embeddable":true,"href":"https:\/\/svilupporaytech.com\/pt-pt\/wp-json\/wp\/v2\/media\/6915"}],"wp:attachment":[{"href":"https:\/\/svilupporaytech.com\/pt-pt\/wp-json\/wp\/v2\/media?parent=8543"}],"wp:term":[{"taxonomy":"product_cat","embeddable":true,"href":"https:\/\/svilupporaytech.com\/pt-pt\/wp-json\/wp\/v2\/product_cat?post=8543"},{"taxonomy":"product_tag","embeddable":true,"href":"https:\/\/svilupporaytech.com\/pt-pt\/wp-json\/wp\/v2\/product_tag?post=8543"}],"curies":[{"name":"wp","href":"https:\/\/api.w.org\/{rel}","templated":true}]}}