{"id":8551,"date":"2015-07-16T14:47:17","date_gmt":"2016-01-28T13:33:14","guid":{"rendered":"http:\/\/raytech.it\/?post_type=product&#038;p=8551&#038;lang=pt-pt"},"modified":"2016-01-28T13:33:14","modified_gmt":"2016-01-28T13:33:14","slug":"caixa","status":"publish","type":"product","link":"https:\/\/svilupporaytech.com\/pt-pt\/produto\/cabos-de-aquecimento\/acessorios\/caixa\/","title":{"rendered":"Caixa"},"content":{"rendered":"<h4><span style=\"color: #e3001a;\">MCA-SG<br \/>\nCaixa<\/span><\/h4>\n<p>Caixa com um grau de protec\u00e7\u00e3o IP55, com terminais. Permite a entrada de 1 ou mais cabos de aquecimento ou a deriva\u00e7\u00e3o de 1 cabo da tubagem principal ou a sua jun\u00e7\u00e3o. Os cabos dentro da caixa devem ser terminados com o kit MCA-PC.<\/p>\n","protected":false},"excerpt":{"rendered":"<p>MCA-SG Caixa Caixa com um grau de protec\u00e7\u00e3o IP55, com terminais. Permite a entrada de 1 ou mais cabos de aquecimento ou a deriva\u00e7\u00e3o de 1 cabo da tubagem principal<span class=\"excerpt-hellip\"> [\u2026]<\/span><\/p>\n","protected":false},"featured_media":2554,"template":"","meta":[],"product_cat":[346,386],"product_tag":[],"yoast_head":"<!-- This site is optimized with the Yoast SEO plugin v22.7 - https:\/\/yoast.com\/wordpress\/plugins\/seo\/ -->\n<title>Caixa | Raytech<\/title>\n<meta name=\"robots\" content=\"index, follow, max-snippet:-1, max-image-preview:large, max-video-preview:-1\" \/>\n<link rel=\"canonical\" href=\"https:\/\/svilupporaytech.com\/pt-pt\/produto\/cabos-de-aquecimento\/acessorios\/caixa\/\" \/>\n<meta property=\"og:locale\" content=\"pt_PT\" \/>\n<meta property=\"og:type\" content=\"article\" \/>\n<meta property=\"og:title\" content=\"Caixa | Raytech\" \/>\n<meta property=\"og:description\" content=\"MCA-SG Caixa Caixa com um grau de protec\u00e7\u00e3o IP55, com terminais. Permite a entrada de 1 ou mais cabos de aquecimento ou a deriva\u00e7\u00e3o de 1 cabo da tubagem principal [\u2026]\" \/>\n<meta property=\"og:url\" content=\"https:\/\/svilupporaytech.com\/pt-pt\/produto\/cabos-de-aquecimento\/acessorios\/caixa\/\" \/>\n<meta property=\"og:site_name\" content=\"Raytech\" \/>\n<meta property=\"og:image\" content=\"https:\/\/svilupporaytech.com\/wp-content\/uploads\/MCA-SG1.jpg\" \/>\n\t<meta property=\"og:image:width\" content=\"1024\" \/>\n\t<meta property=\"og:image:height\" content=\"1024\" \/>\n\t<meta property=\"og:image:type\" content=\"image\/jpeg\" \/>\n<meta name=\"twitter:card\" content=\"summary_large_image\" \/>\n<script type=\"application\/ld+json\" class=\"yoast-schema-graph\">{\"@context\":\"https:\/\/schema.org\",\"@graph\":[{\"@type\":\"WebPage\",\"@id\":\"https:\/\/svilupporaytech.com\/pt-pt\/produto\/cabos-de-aquecimento\/acessorios\/caixa\/\",\"url\":\"https:\/\/svilupporaytech.com\/pt-pt\/produto\/cabos-de-aquecimento\/acessorios\/caixa\/\",\"name\":\"Caixa | Raytech\",\"isPartOf\":{\"@id\":\"https:\/\/svilupporaytech.com\/#website\"},\"primaryImageOfPage\":{\"@id\":\"https:\/\/svilupporaytech.com\/pt-pt\/produto\/cabos-de-aquecimento\/acessorios\/caixa\/#primaryimage\"},\"image\":{\"@id\":\"https:\/\/svilupporaytech.com\/pt-pt\/produto\/cabos-de-aquecimento\/acessorios\/caixa\/#primaryimage\"},\"thumbnailUrl\":\"https:\/\/svilupporaytech.com\/wp-content\/uploads\/MCA-SG1.jpg\",\"datePublished\":\"2016-01-28T13:33:14+00:00\",\"dateModified\":\"2016-01-28T13:33:14+00:00\",\"breadcrumb\":{\"@id\":\"https:\/\/svilupporaytech.com\/pt-pt\/produto\/cabos-de-aquecimento\/acessorios\/caixa\/#breadcrumb\"},\"inLanguage\":\"pt-PT\",\"potentialAction\":[{\"@type\":\"ReadAction\",\"target\":[\"https:\/\/svilupporaytech.com\/pt-pt\/produto\/cabos-de-aquecimento\/acessorios\/caixa\/\"]}]},{\"@type\":\"ImageObject\",\"inLanguage\":\"pt-PT\",\"@id\":\"https:\/\/svilupporaytech.com\/pt-pt\/produto\/cabos-de-aquecimento\/acessorios\/caixa\/#primaryimage\",\"url\":\"https:\/\/svilupporaytech.com\/wp-content\/uploads\/MCA-SG1.jpg\",\"contentUrl\":\"https:\/\/svilupporaytech.com\/wp-content\/uploads\/MCA-SG1.jpg\",\"width\":1024,\"height\":1024},{\"@type\":\"BreadcrumbList\",\"@id\":\"https:\/\/svilupporaytech.com\/pt-pt\/produto\/cabos-de-aquecimento\/acessorios\/caixa\/#breadcrumb\",\"itemListElement\":[{\"@type\":\"ListItem\",\"position\":1,\"name\":\"Home\",\"item\":\"https:\/\/svilupporaytech.com\/pt-pt\/\"},{\"@type\":\"ListItem\",\"position\":2,\"name\":\"Loja\",\"item\":\"https:\/\/svilupporaytech.com\/pt-pt\/loja\/\"},{\"@type\":\"ListItem\",\"position\":3,\"name\":\"Caixa\"}]},{\"@type\":\"WebSite\",\"@id\":\"https:\/\/svilupporaytech.com\/#website\",\"url\":\"https:\/\/svilupporaytech.com\/\",\"name\":\"Raytech\",\"description\":\"Cable accessories company\",\"potentialAction\":[{\"@type\":\"SearchAction\",\"target\":{\"@type\":\"EntryPoint\",\"urlTemplate\":\"https:\/\/svilupporaytech.com\/?s={search_term_string}\"},\"query-input\":\"required name=search_term_string\"}],\"inLanguage\":\"pt-PT\"}]}<\/script>\n<!-- \/ Yoast SEO plugin. -->","yoast_head_json":{"title":"Caixa | Raytech","robots":{"index":"index","follow":"follow","max-snippet":"max-snippet:-1","max-image-preview":"max-image-preview:large","max-video-preview":"max-video-preview:-1"},"canonical":"https:\/\/svilupporaytech.com\/pt-pt\/produto\/cabos-de-aquecimento\/acessorios\/caixa\/","og_locale":"pt_PT","og_type":"article","og_title":"Caixa | Raytech","og_description":"MCA-SG Caixa Caixa com um grau de protec\u00e7\u00e3o IP55, com terminais. Permite a entrada de 1 ou mais cabos de aquecimento ou a deriva\u00e7\u00e3o de 1 cabo da tubagem principal [\u2026]","og_url":"https:\/\/svilupporaytech.com\/pt-pt\/produto\/cabos-de-aquecimento\/acessorios\/caixa\/","og_site_name":"Raytech","og_image":[{"width":1024,"height":1024,"url":"https:\/\/svilupporaytech.com\/wp-content\/uploads\/MCA-SG1.jpg","type":"image\/jpeg"}],"twitter_card":"summary_large_image","schema":{"@context":"https:\/\/schema.org","@graph":[{"@type":"WebPage","@id":"https:\/\/svilupporaytech.com\/pt-pt\/produto\/cabos-de-aquecimento\/acessorios\/caixa\/","url":"https:\/\/svilupporaytech.com\/pt-pt\/produto\/cabos-de-aquecimento\/acessorios\/caixa\/","name":"Caixa | Raytech","isPartOf":{"@id":"https:\/\/svilupporaytech.com\/#website"},"primaryImageOfPage":{"@id":"https:\/\/svilupporaytech.com\/pt-pt\/produto\/cabos-de-aquecimento\/acessorios\/caixa\/#primaryimage"},"image":{"@id":"https:\/\/svilupporaytech.com\/pt-pt\/produto\/cabos-de-aquecimento\/acessorios\/caixa\/#primaryimage"},"thumbnailUrl":"https:\/\/svilupporaytech.com\/wp-content\/uploads\/MCA-SG1.jpg","datePublished":"2016-01-28T13:33:14+00:00","dateModified":"2016-01-28T13:33:14+00:00","breadcrumb":{"@id":"https:\/\/svilupporaytech.com\/pt-pt\/produto\/cabos-de-aquecimento\/acessorios\/caixa\/#breadcrumb"},"inLanguage":"pt-PT","potentialAction":[{"@type":"ReadAction","target":["https:\/\/svilupporaytech.com\/pt-pt\/produto\/cabos-de-aquecimento\/acessorios\/caixa\/"]}]},{"@type":"ImageObject","inLanguage":"pt-PT","@id":"https:\/\/svilupporaytech.com\/pt-pt\/produto\/cabos-de-aquecimento\/acessorios\/caixa\/#primaryimage","url":"https:\/\/svilupporaytech.com\/wp-content\/uploads\/MCA-SG1.jpg","contentUrl":"https:\/\/svilupporaytech.com\/wp-content\/uploads\/MCA-SG1.jpg","width":1024,"height":1024},{"@type":"BreadcrumbList","@id":"https:\/\/svilupporaytech.com\/pt-pt\/produto\/cabos-de-aquecimento\/acessorios\/caixa\/#breadcrumb","itemListElement":[{"@type":"ListItem","position":1,"name":"Home","item":"https:\/\/svilupporaytech.com\/pt-pt\/"},{"@type":"ListItem","position":2,"name":"Loja","item":"https:\/\/svilupporaytech.com\/pt-pt\/loja\/"},{"@type":"ListItem","position":3,"name":"Caixa"}]},{"@type":"WebSite","@id":"https:\/\/svilupporaytech.com\/#website","url":"https:\/\/svilupporaytech.com\/","name":"Raytech","description":"Cable accessories company","potentialAction":[{"@type":"SearchAction","target":{"@type":"EntryPoint","urlTemplate":"https:\/\/svilupporaytech.com\/?s={search_term_string}"},"query-input":"required name=search_term_string"}],"inLanguage":"pt-PT"}]}},"_links":{"self":[{"href":"https:\/\/svilupporaytech.com\/pt-pt\/wp-json\/wp\/v2\/product\/8551"}],"collection":[{"href":"https:\/\/svilupporaytech.com\/pt-pt\/wp-json\/wp\/v2\/product"}],"about":[{"href":"https:\/\/svilupporaytech.com\/pt-pt\/wp-json\/wp\/v2\/types\/product"}],"wp:featuredmedia":[{"embeddable":true,"href":"https:\/\/svilupporaytech.com\/pt-pt\/wp-json\/wp\/v2\/media\/2554"}],"wp:attachment":[{"href":"https:\/\/svilupporaytech.com\/pt-pt\/wp-json\/wp\/v2\/media?parent=8551"}],"wp:term":[{"taxonomy":"product_cat","embeddable":true,"href":"https:\/\/svilupporaytech.com\/pt-pt\/wp-json\/wp\/v2\/product_cat?post=8551"},{"taxonomy":"product_tag","embeddable":true,"href":"https:\/\/svilupporaytech.com\/pt-pt\/wp-json\/wp\/v2\/product_tag?post=8551"}],"curies":[{"name":"wp","href":"https:\/\/api.w.org\/{rel}","templated":true}]}}