{"id":8560,"date":"2015-07-16T15:02:27","date_gmt":"2016-01-28T13:56:04","guid":{"rendered":"http:\/\/raytech.it\/?post_type=product&#038;p=8560&#038;lang=pt-pt"},"modified":"2019-08-29T11:39:23","modified_gmt":"2019-08-29T11:39:23","slug":"easy-floor","status":"publish","type":"product","link":"https:\/\/svilupporaytech.com\/pt-pt\/produto\/cabos-de-aquecimento\/comfort-pt-pt\/para-pavimento-pt-pt\/easy-floor\/","title":{"rendered":"Easy Floor"},"content":{"rendered":"<h4><span style=\"color: #e3001a;\">Tapete de aquecimento para o tra\u00e7amento inteligente dos pavimentos em azulejo, m\u00e1rmore, etc.<\/span><\/h4>\n<p>O tapete Easy Floor \u00e9 colocado diretamente sobre um estrato de isolamento t\u00e9rmico que cobre o piso acabado no cimento, portanto submersso no cimento auto-nivelador e coberto de azulejos. Os tapetes para tra\u00e7ar pisos s\u00e3o fornecidos na largura standard de 50 cm, pot\u00eancia de 150 W\/m\u00b2.<\/p>\n","protected":false},"excerpt":{"rendered":"<p><strong>Il kit e\u0300 composto da:<\/strong><\/p>\n<ul>\n<li>Tappeto scaldante, completo di coda fredda.<\/li>\n<li>Cronotermostato ambiente intelligente RID a microprocessore completo di sonda.<\/li>\n<li>Tubo corrugato per il posizionamento della sonda.<\/li>\n<\/ul>\n<p><strong>Nota:<\/strong> I kit tipo -ST sono senza cronotermostato ambiente RID<\/p>\n<p>&nbsp;<\/p>\n","protected":false},"featured_media":4409,"template":"","meta":[],"product_cat":[346,347,348],"product_tag":[],"yoast_head":"<!-- This site is optimized with the Yoast SEO plugin v22.7 - https:\/\/yoast.com\/wordpress\/plugins\/seo\/ -->\n<title>Easy Floor | Raytech<\/title>\n<meta name=\"robots\" content=\"index, follow, max-snippet:-1, max-image-preview:large, max-video-preview:-1\" \/>\n<link rel=\"canonical\" href=\"https:\/\/svilupporaytech.com\/pt-pt\/produto\/cabos-de-aquecimento\/comfort-pt-pt\/para-pavimento-pt-pt\/easy-floor\/\" \/>\n<meta property=\"og:locale\" content=\"pt_PT\" \/>\n<meta property=\"og:type\" content=\"article\" \/>\n<meta property=\"og:title\" content=\"Easy Floor | Raytech\" \/>\n<meta property=\"og:description\" content=\"Il kit e\u0300 composto da:   Tappeto scaldante, completo di coda fredda.  Cronotermostato ambiente intelligente RID a microprocessore completo di sonda.  Tubo corrugato per il posizionamento della sonda.  Nota: I kit tipo -ST sono senza cronotermostato ambiente RID  &nbsp;\" \/>\n<meta property=\"og:url\" content=\"https:\/\/svilupporaytech.com\/pt-pt\/produto\/cabos-de-aquecimento\/comfort-pt-pt\/para-pavimento-pt-pt\/easy-floor\/\" \/>\n<meta property=\"og:site_name\" content=\"Raytech\" \/>\n<meta property=\"article:modified_time\" content=\"2019-08-29T11:39:23+00:00\" \/>\n<meta property=\"og:image\" content=\"https:\/\/svilupporaytech.com\/wp-content\/uploads\/easy-floor-1.jpg\" \/>\n\t<meta property=\"og:image:width\" content=\"1024\" \/>\n\t<meta property=\"og:image:height\" content=\"1024\" \/>\n\t<meta property=\"og:image:type\" content=\"image\/jpeg\" \/>\n<meta name=\"twitter:card\" content=\"summary_large_image\" \/>\n<script type=\"application\/ld+json\" class=\"yoast-schema-graph\">{\"@context\":\"https:\/\/schema.org\",\"@graph\":[{\"@type\":\"WebPage\",\"@id\":\"https:\/\/svilupporaytech.com\/pt-pt\/produto\/cabos-de-aquecimento\/comfort-pt-pt\/para-pavimento-pt-pt\/easy-floor\/\",\"url\":\"https:\/\/svilupporaytech.com\/pt-pt\/produto\/cabos-de-aquecimento\/comfort-pt-pt\/para-pavimento-pt-pt\/easy-floor\/\",\"name\":\"Easy Floor | Raytech\",\"isPartOf\":{\"@id\":\"https:\/\/svilupporaytech.com\/#website\"},\"primaryImageOfPage\":{\"@id\":\"https:\/\/svilupporaytech.com\/pt-pt\/produto\/cabos-de-aquecimento\/comfort-pt-pt\/para-pavimento-pt-pt\/easy-floor\/#primaryimage\"},\"image\":{\"@id\":\"https:\/\/svilupporaytech.com\/pt-pt\/produto\/cabos-de-aquecimento\/comfort-pt-pt\/para-pavimento-pt-pt\/easy-floor\/#primaryimage\"},\"thumbnailUrl\":\"https:\/\/svilupporaytech.com\/wp-content\/uploads\/easy-floor-1.jpg\",\"datePublished\":\"2016-01-28T13:56:04+00:00\",\"dateModified\":\"2019-08-29T11:39:23+00:00\",\"breadcrumb\":{\"@id\":\"https:\/\/svilupporaytech.com\/pt-pt\/produto\/cabos-de-aquecimento\/comfort-pt-pt\/para-pavimento-pt-pt\/easy-floor\/#breadcrumb\"},\"inLanguage\":\"pt-PT\",\"potentialAction\":[{\"@type\":\"ReadAction\",\"target\":[\"https:\/\/svilupporaytech.com\/pt-pt\/produto\/cabos-de-aquecimento\/comfort-pt-pt\/para-pavimento-pt-pt\/easy-floor\/\"]}]},{\"@type\":\"ImageObject\",\"inLanguage\":\"pt-PT\",\"@id\":\"https:\/\/svilupporaytech.com\/pt-pt\/produto\/cabos-de-aquecimento\/comfort-pt-pt\/para-pavimento-pt-pt\/easy-floor\/#primaryimage\",\"url\":\"https:\/\/svilupporaytech.com\/wp-content\/uploads\/easy-floor-1.jpg\",\"contentUrl\":\"https:\/\/svilupporaytech.com\/wp-content\/uploads\/easy-floor-1.jpg\",\"width\":1024,\"height\":1024},{\"@type\":\"BreadcrumbList\",\"@id\":\"https:\/\/svilupporaytech.com\/pt-pt\/produto\/cabos-de-aquecimento\/comfort-pt-pt\/para-pavimento-pt-pt\/easy-floor\/#breadcrumb\",\"itemListElement\":[{\"@type\":\"ListItem\",\"position\":1,\"name\":\"Home\",\"item\":\"https:\/\/svilupporaytech.com\/pt-pt\/\"},{\"@type\":\"ListItem\",\"position\":2,\"name\":\"Loja\",\"item\":\"https:\/\/svilupporaytech.com\/pt-pt\/loja\/\"},{\"@type\":\"ListItem\",\"position\":3,\"name\":\"Easy Floor\"}]},{\"@type\":\"WebSite\",\"@id\":\"https:\/\/svilupporaytech.com\/#website\",\"url\":\"https:\/\/svilupporaytech.com\/\",\"name\":\"Raytech\",\"description\":\"Cable accessories company\",\"potentialAction\":[{\"@type\":\"SearchAction\",\"target\":{\"@type\":\"EntryPoint\",\"urlTemplate\":\"https:\/\/svilupporaytech.com\/?s={search_term_string}\"},\"query-input\":\"required name=search_term_string\"}],\"inLanguage\":\"pt-PT\"}]}<\/script>\n<!-- \/ Yoast SEO plugin. -->","yoast_head_json":{"title":"Easy Floor | Raytech","robots":{"index":"index","follow":"follow","max-snippet":"max-snippet:-1","max-image-preview":"max-image-preview:large","max-video-preview":"max-video-preview:-1"},"canonical":"https:\/\/svilupporaytech.com\/pt-pt\/produto\/cabos-de-aquecimento\/comfort-pt-pt\/para-pavimento-pt-pt\/easy-floor\/","og_locale":"pt_PT","og_type":"article","og_title":"Easy Floor | Raytech","og_description":"Il kit e\u0300 composto da:   Tappeto scaldante, completo di coda fredda.  Cronotermostato ambiente intelligente RID a microprocessore completo di sonda.  Tubo corrugato per il posizionamento della sonda.  Nota: I kit tipo -ST sono senza cronotermostato ambiente RID  &nbsp;","og_url":"https:\/\/svilupporaytech.com\/pt-pt\/produto\/cabos-de-aquecimento\/comfort-pt-pt\/para-pavimento-pt-pt\/easy-floor\/","og_site_name":"Raytech","article_modified_time":"2019-08-29T11:39:23+00:00","og_image":[{"width":1024,"height":1024,"url":"https:\/\/svilupporaytech.com\/wp-content\/uploads\/easy-floor-1.jpg","type":"image\/jpeg"}],"twitter_card":"summary_large_image","schema":{"@context":"https:\/\/schema.org","@graph":[{"@type":"WebPage","@id":"https:\/\/svilupporaytech.com\/pt-pt\/produto\/cabos-de-aquecimento\/comfort-pt-pt\/para-pavimento-pt-pt\/easy-floor\/","url":"https:\/\/svilupporaytech.com\/pt-pt\/produto\/cabos-de-aquecimento\/comfort-pt-pt\/para-pavimento-pt-pt\/easy-floor\/","name":"Easy Floor | Raytech","isPartOf":{"@id":"https:\/\/svilupporaytech.com\/#website"},"primaryImageOfPage":{"@id":"https:\/\/svilupporaytech.com\/pt-pt\/produto\/cabos-de-aquecimento\/comfort-pt-pt\/para-pavimento-pt-pt\/easy-floor\/#primaryimage"},"image":{"@id":"https:\/\/svilupporaytech.com\/pt-pt\/produto\/cabos-de-aquecimento\/comfort-pt-pt\/para-pavimento-pt-pt\/easy-floor\/#primaryimage"},"thumbnailUrl":"https:\/\/svilupporaytech.com\/wp-content\/uploads\/easy-floor-1.jpg","datePublished":"2016-01-28T13:56:04+00:00","dateModified":"2019-08-29T11:39:23+00:00","breadcrumb":{"@id":"https:\/\/svilupporaytech.com\/pt-pt\/produto\/cabos-de-aquecimento\/comfort-pt-pt\/para-pavimento-pt-pt\/easy-floor\/#breadcrumb"},"inLanguage":"pt-PT","potentialAction":[{"@type":"ReadAction","target":["https:\/\/svilupporaytech.com\/pt-pt\/produto\/cabos-de-aquecimento\/comfort-pt-pt\/para-pavimento-pt-pt\/easy-floor\/"]}]},{"@type":"ImageObject","inLanguage":"pt-PT","@id":"https:\/\/svilupporaytech.com\/pt-pt\/produto\/cabos-de-aquecimento\/comfort-pt-pt\/para-pavimento-pt-pt\/easy-floor\/#primaryimage","url":"https:\/\/svilupporaytech.com\/wp-content\/uploads\/easy-floor-1.jpg","contentUrl":"https:\/\/svilupporaytech.com\/wp-content\/uploads\/easy-floor-1.jpg","width":1024,"height":1024},{"@type":"BreadcrumbList","@id":"https:\/\/svilupporaytech.com\/pt-pt\/produto\/cabos-de-aquecimento\/comfort-pt-pt\/para-pavimento-pt-pt\/easy-floor\/#breadcrumb","itemListElement":[{"@type":"ListItem","position":1,"name":"Home","item":"https:\/\/svilupporaytech.com\/pt-pt\/"},{"@type":"ListItem","position":2,"name":"Loja","item":"https:\/\/svilupporaytech.com\/pt-pt\/loja\/"},{"@type":"ListItem","position":3,"name":"Easy Floor"}]},{"@type":"WebSite","@id":"https:\/\/svilupporaytech.com\/#website","url":"https:\/\/svilupporaytech.com\/","name":"Raytech","description":"Cable accessories company","potentialAction":[{"@type":"SearchAction","target":{"@type":"EntryPoint","urlTemplate":"https:\/\/svilupporaytech.com\/?s={search_term_string}"},"query-input":"required name=search_term_string"}],"inLanguage":"pt-PT"}]}},"_links":{"self":[{"href":"https:\/\/svilupporaytech.com\/pt-pt\/wp-json\/wp\/v2\/product\/8560"}],"collection":[{"href":"https:\/\/svilupporaytech.com\/pt-pt\/wp-json\/wp\/v2\/product"}],"about":[{"href":"https:\/\/svilupporaytech.com\/pt-pt\/wp-json\/wp\/v2\/types\/product"}],"wp:featuredmedia":[{"embeddable":true,"href":"https:\/\/svilupporaytech.com\/pt-pt\/wp-json\/wp\/v2\/media\/4409"}],"wp:attachment":[{"href":"https:\/\/svilupporaytech.com\/pt-pt\/wp-json\/wp\/v2\/media?parent=8560"}],"wp:term":[{"taxonomy":"product_cat","embeddable":true,"href":"https:\/\/svilupporaytech.com\/pt-pt\/wp-json\/wp\/v2\/product_cat?post=8560"},{"taxonomy":"product_tag","embeddable":true,"href":"https:\/\/svilupporaytech.com\/pt-pt\/wp-json\/wp\/v2\/product_tag?post=8560"}],"curies":[{"name":"wp","href":"https:\/\/api.w.org\/{rel}","templated":true}]}}