{"id":8567,"date":"2015-07-16T15:16:54","date_gmt":"2016-01-28T14:29:19","guid":{"rendered":"http:\/\/raytech.it\/?post_type=product&#038;p=8567&#038;lang=pt-pt"},"modified":"2019-08-27T07:44:46","modified_gmt":"2019-08-27T07:44:46","slug":"rid-wl","status":"publish","type":"product","link":"https:\/\/svilupporaytech.com\/pt-pt\/produto\/cabos-de-aquecimento\/comfort-pt-pt\/para-teto\/rid-wl\/","title":{"rendered":"RID-WL"},"content":{"rendered":"<h4><span style=\"color: #e3001a;\">Cronoterm\u00f3stato digital wireless<\/span><\/h4>\n<p>Para o m\u00e1ximo de efici\u00eancia, rapidez e simplicidade de montagem, a Raytech criou o inovador CRONOTERM\u00d3STATO AMBIENTE WIRELESS RID-WL, que une \u00e0 confian\u00e7a e controlo dos par\u00e2metros ambientais do sistema RID a aus\u00eancia de liga\u00e7\u00f5es por fios.<\/p>\n<p>O <strong>RID-WL<\/strong>, que funciona com radiofrequ\u00eancia, permite a instala\u00e7\u00e3o n\u00e3o invasiva em qualquer ambiente, quer para novas instala\u00e7\u00f5es quer para a renova\u00e7\u00e3o de locais, ou para refor\u00e7ar um sistema prim\u00e1rio pr\u00e9-existente.<\/p>\n<p>O <strong>RID-WL<\/strong> \u00e9 fornecido com um receptor pr\u00f3prio configurado para a frequ\u00eancia do term\u00f3stato (sinal exclusivo), capaz de controlar uma capacidade de 16 A.<\/p>\n<p>O <strong>RID-WL<\/strong>, n\u00e3o tendo fios, pode ser movido dentro do alcance de utiliza\u00e7\u00e3o, podendo ser posicionado onde for necess\u00e1rio o controlo dos par\u00e2metros.<\/p>\n<p>Equipado com ecr\u00e3 LCD de leitura f\u00e1cil e com retroilumina\u00e7\u00e3o, \u00e9 program\u00e1vel e disp\u00f5e de um sensor interno integrado, mas pode ser ligado a um sensor separado, por ex., no pavimento.<\/p>\n","protected":false},"excerpt":{"rendered":"<p><strong>Accuratezza in temperatura:<\/strong> 0,1\u00b0C <strong>Campo di funzionamento:<\/strong> da 0\u00b0C a + 40\u00b0C <strong>Campo di temperatura:<\/strong> da 5\u00b0C a + 35\u00b0C <strong>Alimentazione:<\/strong> 2 batterie AAA da 1,5 V <strong>Grado di protezione<\/strong>: IP30 <strong>Frequenza:<\/strong> 868 MHz <strong>Ricevitore per alimentazione:<\/strong> 230 V, 50 Hz <strong>Portata rele\u0300:<\/strong> 16 A <strong>Portata in distanza:<\/strong> 100 mt all\u2019aperto, 30 mt all\u2019interno Programmabile in blocchi di 30 minuti 9 programmi gia\u0300 inseriti e 4 a programmazione dell\u2019utilizzatore. Controllo di temperatura \u201cself-learning\u201d. Blocco bambini. Allarme di basso livello batterie. Memoria illimitata dei programmi nel caso di batterie scariche.<\/p>\n<p>&nbsp;<\/p>\n","protected":false},"featured_media":18791,"template":"","meta":[],"product_cat":[346,347,350],"product_tag":[],"yoast_head":"<!-- This site is optimized with the Yoast SEO plugin v22.7 - https:\/\/yoast.com\/wordpress\/plugins\/seo\/ -->\n<title>RID-WL | Raytech<\/title>\n<meta name=\"robots\" content=\"index, follow, max-snippet:-1, max-image-preview:large, max-video-preview:-1\" \/>\n<link rel=\"canonical\" href=\"https:\/\/svilupporaytech.com\/pt-pt\/produto\/cabos-de-aquecimento\/comfort-pt-pt\/para-teto\/rid-wl\/\" \/>\n<meta property=\"og:locale\" content=\"pt_PT\" \/>\n<meta property=\"og:type\" content=\"article\" \/>\n<meta property=\"og:title\" content=\"RID-WL | Raytech\" \/>\n<meta property=\"og:description\" content=\"Accuratezza in temperatura: 0,1\u00b0C Campo di funzionamento: da 0\u00b0C a + 40\u00b0C Campo di temperatura: da 5\u00b0C a + 35\u00b0C Alimentazione: 2 batterie AAA da 1,5 V Grado di protezione: IP30 Frequenza: 868 MHz Ricevitore per alimentazione: 230 V, 50 Hz Portata rele\u0300: 16 A Portata in distanza: 100 mt all\u2019aperto, 30 mt all\u2019interno Programmabile in blocchi di 30 minuti 9 programmi gia\u0300 inseriti e 4 a programmazione dell\u2019utilizzatore. Controllo di temperatura \u201cself-learning\u201d. Blocco bambini. Allarme di basso livello batterie. Memoria illimitata dei programmi nel caso di batterie scariche.  &nbsp;\" \/>\n<meta property=\"og:url\" content=\"https:\/\/svilupporaytech.com\/pt-pt\/produto\/cabos-de-aquecimento\/comfort-pt-pt\/para-teto\/rid-wl\/\" \/>\n<meta property=\"og:site_name\" content=\"Raytech\" \/>\n<meta property=\"article:modified_time\" content=\"2019-08-27T07:44:46+00:00\" \/>\n<meta property=\"og:image\" content=\"https:\/\/svilupporaytech.com\/wp-content\/uploads\/rid-wl-1.jpg\" \/>\n\t<meta property=\"og:image:width\" content=\"500\" \/>\n\t<meta property=\"og:image:height\" content=\"500\" \/>\n\t<meta property=\"og:image:type\" content=\"image\/jpeg\" \/>\n<meta name=\"twitter:card\" content=\"summary_large_image\" \/>\n<meta name=\"twitter:label1\" content=\"Tempo estimado de leitura\" \/>\n\t<meta name=\"twitter:data1\" content=\"1 minuto\" \/>\n<script type=\"application\/ld+json\" class=\"yoast-schema-graph\">{\"@context\":\"https:\/\/schema.org\",\"@graph\":[{\"@type\":\"WebPage\",\"@id\":\"https:\/\/svilupporaytech.com\/pt-pt\/produto\/cabos-de-aquecimento\/comfort-pt-pt\/para-teto\/rid-wl\/\",\"url\":\"https:\/\/svilupporaytech.com\/pt-pt\/produto\/cabos-de-aquecimento\/comfort-pt-pt\/para-teto\/rid-wl\/\",\"name\":\"RID-WL | Raytech\",\"isPartOf\":{\"@id\":\"https:\/\/svilupporaytech.com\/#website\"},\"primaryImageOfPage\":{\"@id\":\"https:\/\/svilupporaytech.com\/pt-pt\/produto\/cabos-de-aquecimento\/comfort-pt-pt\/para-teto\/rid-wl\/#primaryimage\"},\"image\":{\"@id\":\"https:\/\/svilupporaytech.com\/pt-pt\/produto\/cabos-de-aquecimento\/comfort-pt-pt\/para-teto\/rid-wl\/#primaryimage\"},\"thumbnailUrl\":\"https:\/\/svilupporaytech.com\/wp-content\/uploads\/rid-wl-1.jpg\",\"datePublished\":\"2016-01-28T14:29:19+00:00\",\"dateModified\":\"2019-08-27T07:44:46+00:00\",\"breadcrumb\":{\"@id\":\"https:\/\/svilupporaytech.com\/pt-pt\/produto\/cabos-de-aquecimento\/comfort-pt-pt\/para-teto\/rid-wl\/#breadcrumb\"},\"inLanguage\":\"pt-PT\",\"potentialAction\":[{\"@type\":\"ReadAction\",\"target\":[\"https:\/\/svilupporaytech.com\/pt-pt\/produto\/cabos-de-aquecimento\/comfort-pt-pt\/para-teto\/rid-wl\/\"]}]},{\"@type\":\"ImageObject\",\"inLanguage\":\"pt-PT\",\"@id\":\"https:\/\/svilupporaytech.com\/pt-pt\/produto\/cabos-de-aquecimento\/comfort-pt-pt\/para-teto\/rid-wl\/#primaryimage\",\"url\":\"https:\/\/svilupporaytech.com\/wp-content\/uploads\/rid-wl-1.jpg\",\"contentUrl\":\"https:\/\/svilupporaytech.com\/wp-content\/uploads\/rid-wl-1.jpg\",\"width\":500,\"height\":500},{\"@type\":\"BreadcrumbList\",\"@id\":\"https:\/\/svilupporaytech.com\/pt-pt\/produto\/cabos-de-aquecimento\/comfort-pt-pt\/para-teto\/rid-wl\/#breadcrumb\",\"itemListElement\":[{\"@type\":\"ListItem\",\"position\":1,\"name\":\"Home\",\"item\":\"https:\/\/svilupporaytech.com\/pt-pt\/\"},{\"@type\":\"ListItem\",\"position\":2,\"name\":\"Loja\",\"item\":\"https:\/\/svilupporaytech.com\/pt-pt\/loja\/\"},{\"@type\":\"ListItem\",\"position\":3,\"name\":\"RID-WL\"}]},{\"@type\":\"WebSite\",\"@id\":\"https:\/\/svilupporaytech.com\/#website\",\"url\":\"https:\/\/svilupporaytech.com\/\",\"name\":\"Raytech\",\"description\":\"Cable accessories company\",\"potentialAction\":[{\"@type\":\"SearchAction\",\"target\":{\"@type\":\"EntryPoint\",\"urlTemplate\":\"https:\/\/svilupporaytech.com\/?s={search_term_string}\"},\"query-input\":\"required name=search_term_string\"}],\"inLanguage\":\"pt-PT\"}]}<\/script>\n<!-- \/ Yoast SEO plugin. -->","yoast_head_json":{"title":"RID-WL | Raytech","robots":{"index":"index","follow":"follow","max-snippet":"max-snippet:-1","max-image-preview":"max-image-preview:large","max-video-preview":"max-video-preview:-1"},"canonical":"https:\/\/svilupporaytech.com\/pt-pt\/produto\/cabos-de-aquecimento\/comfort-pt-pt\/para-teto\/rid-wl\/","og_locale":"pt_PT","og_type":"article","og_title":"RID-WL | Raytech","og_description":"Accuratezza in temperatura: 0,1\u00b0C Campo di funzionamento: da 0\u00b0C a + 40\u00b0C Campo di temperatura: da 5\u00b0C a + 35\u00b0C Alimentazione: 2 batterie AAA da 1,5 V Grado di protezione: IP30 Frequenza: 868 MHz Ricevitore per alimentazione: 230 V, 50 Hz Portata rele\u0300: 16 A Portata in distanza: 100 mt all\u2019aperto, 30 mt all\u2019interno Programmabile in blocchi di 30 minuti 9 programmi gia\u0300 inseriti e 4 a programmazione dell\u2019utilizzatore. Controllo di temperatura \u201cself-learning\u201d. Blocco bambini. Allarme di basso livello batterie. Memoria illimitata dei programmi nel caso di batterie scariche.  &nbsp;","og_url":"https:\/\/svilupporaytech.com\/pt-pt\/produto\/cabos-de-aquecimento\/comfort-pt-pt\/para-teto\/rid-wl\/","og_site_name":"Raytech","article_modified_time":"2019-08-27T07:44:46+00:00","og_image":[{"width":500,"height":500,"url":"https:\/\/svilupporaytech.com\/wp-content\/uploads\/rid-wl-1.jpg","type":"image\/jpeg"}],"twitter_card":"summary_large_image","twitter_misc":{"Tempo estimado de leitura":"1 minuto"},"schema":{"@context":"https:\/\/schema.org","@graph":[{"@type":"WebPage","@id":"https:\/\/svilupporaytech.com\/pt-pt\/produto\/cabos-de-aquecimento\/comfort-pt-pt\/para-teto\/rid-wl\/","url":"https:\/\/svilupporaytech.com\/pt-pt\/produto\/cabos-de-aquecimento\/comfort-pt-pt\/para-teto\/rid-wl\/","name":"RID-WL | Raytech","isPartOf":{"@id":"https:\/\/svilupporaytech.com\/#website"},"primaryImageOfPage":{"@id":"https:\/\/svilupporaytech.com\/pt-pt\/produto\/cabos-de-aquecimento\/comfort-pt-pt\/para-teto\/rid-wl\/#primaryimage"},"image":{"@id":"https:\/\/svilupporaytech.com\/pt-pt\/produto\/cabos-de-aquecimento\/comfort-pt-pt\/para-teto\/rid-wl\/#primaryimage"},"thumbnailUrl":"https:\/\/svilupporaytech.com\/wp-content\/uploads\/rid-wl-1.jpg","datePublished":"2016-01-28T14:29:19+00:00","dateModified":"2019-08-27T07:44:46+00:00","breadcrumb":{"@id":"https:\/\/svilupporaytech.com\/pt-pt\/produto\/cabos-de-aquecimento\/comfort-pt-pt\/para-teto\/rid-wl\/#breadcrumb"},"inLanguage":"pt-PT","potentialAction":[{"@type":"ReadAction","target":["https:\/\/svilupporaytech.com\/pt-pt\/produto\/cabos-de-aquecimento\/comfort-pt-pt\/para-teto\/rid-wl\/"]}]},{"@type":"ImageObject","inLanguage":"pt-PT","@id":"https:\/\/svilupporaytech.com\/pt-pt\/produto\/cabos-de-aquecimento\/comfort-pt-pt\/para-teto\/rid-wl\/#primaryimage","url":"https:\/\/svilupporaytech.com\/wp-content\/uploads\/rid-wl-1.jpg","contentUrl":"https:\/\/svilupporaytech.com\/wp-content\/uploads\/rid-wl-1.jpg","width":500,"height":500},{"@type":"BreadcrumbList","@id":"https:\/\/svilupporaytech.com\/pt-pt\/produto\/cabos-de-aquecimento\/comfort-pt-pt\/para-teto\/rid-wl\/#breadcrumb","itemListElement":[{"@type":"ListItem","position":1,"name":"Home","item":"https:\/\/svilupporaytech.com\/pt-pt\/"},{"@type":"ListItem","position":2,"name":"Loja","item":"https:\/\/svilupporaytech.com\/pt-pt\/loja\/"},{"@type":"ListItem","position":3,"name":"RID-WL"}]},{"@type":"WebSite","@id":"https:\/\/svilupporaytech.com\/#website","url":"https:\/\/svilupporaytech.com\/","name":"Raytech","description":"Cable accessories company","potentialAction":[{"@type":"SearchAction","target":{"@type":"EntryPoint","urlTemplate":"https:\/\/svilupporaytech.com\/?s={search_term_string}"},"query-input":"required name=search_term_string"}],"inLanguage":"pt-PT"}]}},"_links":{"self":[{"href":"https:\/\/svilupporaytech.com\/pt-pt\/wp-json\/wp\/v2\/product\/8567"}],"collection":[{"href":"https:\/\/svilupporaytech.com\/pt-pt\/wp-json\/wp\/v2\/product"}],"about":[{"href":"https:\/\/svilupporaytech.com\/pt-pt\/wp-json\/wp\/v2\/types\/product"}],"wp:featuredmedia":[{"embeddable":true,"href":"https:\/\/svilupporaytech.com\/pt-pt\/wp-json\/wp\/v2\/media\/18791"}],"wp:attachment":[{"href":"https:\/\/svilupporaytech.com\/pt-pt\/wp-json\/wp\/v2\/media?parent=8567"}],"wp:term":[{"taxonomy":"product_cat","embeddable":true,"href":"https:\/\/svilupporaytech.com\/pt-pt\/wp-json\/wp\/v2\/product_cat?post=8567"},{"taxonomy":"product_tag","embeddable":true,"href":"https:\/\/svilupporaytech.com\/pt-pt\/wp-json\/wp\/v2\/product_tag?post=8567"}],"curies":[{"name":"wp","href":"https:\/\/api.w.org\/{rel}","templated":true}]}}